{"id":2,"date":"2023-05-23T11:19:40","date_gmt":"2023-05-23T11:19:40","guid":{"rendered":"https:\/\/suomenrehtorit.fi\/aikuislukioiden-rehtorit-ry\/?page_id=2"},"modified":"2025-05-02T10:12:08","modified_gmt":"2025-05-02T07:12:08","slug":"etusivu","status":"publish","type":"page","link":"https:\/\/suomenrehtorit.fi\/aikuislukioiden-rehtorit-ry\/","title":{"rendered":"Etusivu"},"content":{"rendered":"\n<p class=\"has-medium-font-size\">Tervetuloa Aikuislukioiden Rehtorit ry:n verkkosivuille!<\/p>\n\n\n\n<p>Aikuislukioiden rehtorit on valtakunnallisesti toimiva alueyhdistys. Alueyhdistykseen voivat liitty\u00e4 aikuislukioiden ja lukioiden aikuislinjojen rehtorit ja apulaisrehtorit.<\/p>\n\n\n\n<p>Aikuislukioiden rehtorit ry. toimii tiiviiss\u00e4 yhteisty\u00f6ss\u00e4 Aikuislukioliiton kanssa ja tavoitteemme on pit\u00e4\u00e4 keskusteluissa esill\u00e4 aikuislukion\u00e4k\u00f6kulmaa sek\u00e4 huolehtia, ett\u00e4 my\u00f6s aikuislukioiden rehtorit muistetaan esimerkiksi ty\u00f6ehtoihin ja palkkaukseen liittyviss\u00e4 neuvotteluissa. Tavoitteenamme on my\u00f6s tuoda aikuislukioiden erityispiirteit\u00e4 esille valtakunnallisissa verkostoissa.<\/p>\n\n\n\n<p>J\u00e4rjest\u00e4mme yhdess\u00e4 Aikuislukioliiton kanssa koulutusta aikuislukiov\u00e4elle sek\u00e4 usein n\u00e4iss\u00e4 yhteyksiss\u00e4 my\u00f6s virkistystoimintaa aikuislukioiden rehtoreille. <\/p>\n\n\n\n<p>Sivuilta l\u00f6yd\u00e4t tietoa toiminnastamme ja voit liitty\u00e4 j\u00e4seneksemme. L\u00f6yd\u00e4t yhteystietomme alapalkista.<\/p>\n\n\n\n<p><\/p>\n","protected":false},"excerpt":{"rendered":"<p>Tervetuloa Aikuislukioiden Rehtorit ry:n verkkosivuille! Aikuislukioiden rehtorit on valtakunnallisesti toimiva alueyhdistys. Alueyhdistykseen voivat liitty\u00e4 aikuislukioiden ja lukioiden aikuislinjojen rehtorit ja apulaisrehtorit. Aikuislukioiden rehtorit ry. toimii tiiviiss\u00e4 yhteisty\u00f6ss\u00e4 Aikuislukioliiton kanssa ja tavoitteemme on pit\u00e4\u00e4 keskusteluissa esill\u00e4 aikuislukion\u00e4k\u00f6kulmaa sek\u00e4 huolehtia, ett\u00e4 my\u00f6s aikuislukioiden rehtorit muistetaan esimerkiksi ty\u00f6ehtoihin ja palkkaukseen liittyviss\u00e4 neuvotteluissa. Tavoitteenamme on my\u00f6s tuoda aikuislukioiden erityispiirteit\u00e4 &#8230; <a title=\"Etusivu\" class=\"read-more\" href=\"https:\/\/suomenrehtorit.fi\/aikuislukioiden-rehtorit-ry\/\" aria-label=\"Lue lis\u00e4\u00e4 aiheesta Etusivu\">Lue lis\u00e4\u00e4<\/a><\/p>\n","protected":false},"author":2,"featured_media":0,"parent":0,"menu_order":0,"comment_status":"closed","ping_status":"closed","template":"","meta":{"_uag_custom_page_level_css":"","footnotes":""},"class_list":["post-2","page","type-page","status-publish"],"uagb_featured_image_src":{"full":false,"thumbnail":false,"medium":false,"medium_large":false,"large":false,"1536x1536":false,"2048x2048":false},"uagb_author_info":{"display_name":"Miira Tirkkonen","author_link":"https:\/\/suomenrehtorit.fi\/aikuislukioiden-rehtorit-ry\/author\/miirat\/"},"uagb_comment_info":0,"uagb_excerpt":"Tervetuloa Aikuislukioiden Rehtorit ry:n verkkosivuille! Aikuislukioiden rehtorit on valtakunnallisesti toimiva alueyhdistys. Alueyhdistykseen voivat liitty\u00e4 aikuislukioiden ja lukioiden aikuislinjojen rehtorit ja apulaisrehtorit. Aikuislukioiden rehtorit ry. toimii tiiviiss\u00e4 yhteisty\u00f6ss\u00e4 Aikuislukioliiton kanssa ja tavoitteemme on pit\u00e4\u00e4 keskusteluissa esill\u00e4 aikuislukion\u00e4k\u00f6kulmaa sek\u00e4 huolehtia, ett\u00e4 my\u00f6s aikuislukioiden rehtorit muistetaan esimerkiksi ty\u00f6ehtoihin ja palkkaukseen liittyviss\u00e4 neuvotteluissa. Tavoitteenamme on my\u00f6s tuoda aikuislukioiden erityispiirteit\u00e4&hellip;","_links":{"self":[{"href":"https:\/\/suomenrehtorit.fi\/aikuislukioiden-rehtorit-ry\/wp-json\/wp\/v2\/pages\/2","targetHints":{"allow":["GET"]}}],"collection":[{"href":"https:\/\/suomenrehtorit.fi\/aikuislukioiden-rehtorit-ry\/wp-json\/wp\/v2\/pages"}],"about":[{"href":"https:\/\/suomenrehtorit.fi\/aikuislukioiden-rehtorit-ry\/wp-json\/wp\/v2\/types\/page"}],"author":[{"embeddable":true,"href":"https:\/\/suomenrehtorit.fi\/aikuislukioiden-rehtorit-ry\/wp-json\/wp\/v2\/users\/2"}],"replies":[{"embeddable":true,"href":"https:\/\/suomenrehtorit.fi\/aikuislukioiden-rehtorit-ry\/wp-json\/wp\/v2\/comments?post=2"}],"version-history":[{"count":5,"href":"https:\/\/suomenrehtorit.fi\/aikuislukioiden-rehtorit-ry\/wp-json\/wp\/v2\/pages\/2\/revisions"}],"predecessor-version":[{"id":155,"href":"https:\/\/suomenrehtorit.fi\/aikuislukioiden-rehtorit-ry\/wp-json\/wp\/v2\/pages\/2\/revisions\/155"}],"wp:attachment":[{"href":"https:\/\/suomenrehtorit.fi\/aikuislukioiden-rehtorit-ry\/wp-json\/wp\/v2\/media?parent=2"}],"curies":[{"name":"wp","href":"https:\/\/api.w.org\/{rel}","templated":true}]}}