{"id":2,"date":"2023-05-23T11:19:40","date_gmt":"2023-05-23T11:19:40","guid":{"rendered":"https:\/\/suomenrehtorit.fi\/helsingin-seudun-rehtorit-ry\/?page_id=2"},"modified":"2026-02-05T08:45:10","modified_gmt":"2026-02-05T06:45:10","slug":"etusivu","status":"publish","type":"page","link":"https:\/\/suomenrehtorit.fi\/helsingin-seudun-rehtorit-ry\/","title":{"rendered":"Etusivu"},"content":{"rendered":"\n<p class=\"has-medium-font-size\">Tervetuloa Helsingin Seudun Rehtorit ry:n verkkosivuille!<\/p>\n\n\n\n<p>Tervetuloa Helsingin Seudun Rehtorit ry:n verkkosivuille!<\/p>\n\n\n\n<p>\u201dKilauta kaverille\u201d on reksin paras apu arjessa.<\/p>\n\n\n\n<p>HeSeRe ry tarjoaa kaikille Espoon, Helsingin, Kauniaisten, Kirkkonummen ja Vantaan rehtoreille monipuolista ohjelmaa ja tukea arjen merkitykselliseen ja vaativaan ty\u00f6h\u00f6n. Tavoitteemme on luoda verkostoja, kouluttautua ja virkisty\u00e4 yhdess\u00e4. Lis\u00e4ksi teemme edunvalvontaty\u00f6t\u00e4 Suomen Rehtorit ry:n j\u00e4senyhdistyksen\u00e4. J\u00e4senen\u00e4 sinulle kuuluu ammatillinen oikeusturva- ja vastuuvakuutus.<\/p>\n\n\n\n<p>Yhdistyksemme j\u00e4rjest\u00e4\u00e4 vuosittain mm. seuraavia tapahtumia:<\/p>\n\n\n\n<ul class=\"wp-block-list\">\n<li>Kohtaamisten ilta: verkostoitumista, virkistyst\u00e4 ja hauskaa yhdess\u00e4oloa<\/li>\n\n\n\n<li>Edunvalvontailta: ajankohtaisia virkaehtosopimuksen vaikutuksia erityisesti rehtorin ty\u00f6oloihin ja palkkaukseen yhteisty\u00f6ss\u00e4 OAJ:n kanssa<\/li>\n\n\n\n<li>Teatteri-, museo- ja n\u00e4yttelyvierailuja<\/li>\n<\/ul>\n\n\n\n<p>Voit tulla mukaan liittym\u00e4ll\u00e4 j\u00e4seneksi ja maksamalla Suomen Rehtorit ry:n j\u00e4senmaksun <a href=\"https:\/\/avoine.formstack.com\/forms\/rehtorit\">t\u00e4m\u00e4n linkin kautta<\/a>. Valitse alueyhdistykseksi Helsingin Seudun Rehtorit ry. OAJ:n j\u00e4senyys ei ole v\u00e4ltt\u00e4m\u00e4t\u00f6n.<\/p>\n\n\n\n<p>Lis\u00e4tietoja pj. Sari Hakola, <a href=\"mailto:sari.t.hakola@outlook.com\">sari.t.hakola@outlook.com<\/a> ja varapj. Kirsi Lahti, <a href=\"mailto:kirsi.lahti@vantaa.fi\">kirsi.lahti@vantaa.fi<\/a>. Muut yhteystiedot l\u00f6ytyv\u00e4t hallitus-sivulta.<\/p>\n\n\n\n<p>L\u00e4mpim\u00e4sti tervetuloa mukaan toimintaan!<\/p>\n","protected":false},"excerpt":{"rendered":"<p>Tervetuloa Helsingin Seudun Rehtorit ry:n verkkosivuille! Tervetuloa Helsingin Seudun Rehtorit ry:n verkkosivuille! \u201dKilauta kaverille\u201d on reksin paras apu arjessa. HeSeRe ry tarjoaa kaikille Espoon, Helsingin, Kauniaisten, Kirkkonummen ja Vantaan rehtoreille monipuolista ohjelmaa ja tukea arjen merkitykselliseen ja vaativaan ty\u00f6h\u00f6n. Tavoitteemme on luoda verkostoja, kouluttautua ja virkisty\u00e4 yhdess\u00e4. Lis\u00e4ksi teemme edunvalvontaty\u00f6t\u00e4 Suomen Rehtorit ry:n j\u00e4senyhdistyksen\u00e4. J\u00e4senen\u00e4 &#8230; <a title=\"Etusivu\" class=\"read-more\" href=\"https:\/\/suomenrehtorit.fi\/helsingin-seudun-rehtorit-ry\/\" aria-label=\"Lue lis\u00e4\u00e4 aiheesta Etusivu\">Lue lis\u00e4\u00e4<\/a><\/p>\n","protected":false},"author":2,"featured_media":0,"parent":0,"menu_order":0,"comment_status":"closed","ping_status":"closed","template":"","meta":{"_uag_custom_page_level_css":"","footnotes":""},"class_list":["post-2","page","type-page","status-publish"],"uagb_featured_image_src":{"full":false,"thumbnail":false,"medium":false,"medium_large":false,"large":false,"1536x1536":false,"2048x2048":false},"uagb_author_info":{"display_name":"Miira Tirkkonen","author_link":"https:\/\/suomenrehtorit.fi\/helsingin-seudun-rehtorit-ry\/author\/miirat\/"},"uagb_comment_info":0,"uagb_excerpt":"Tervetuloa Helsingin Seudun Rehtorit ry:n verkkosivuille! Tervetuloa Helsingin Seudun Rehtorit ry:n verkkosivuille! \u201dKilauta kaverille\u201d on reksin paras apu arjessa. HeSeRe ry tarjoaa kaikille Espoon, Helsingin, Kauniaisten, Kirkkonummen ja Vantaan rehtoreille monipuolista ohjelmaa ja tukea arjen merkitykselliseen ja vaativaan ty\u00f6h\u00f6n. Tavoitteemme on luoda verkostoja, kouluttautua ja virkisty\u00e4 yhdess\u00e4. Lis\u00e4ksi teemme edunvalvontaty\u00f6t\u00e4 Suomen Rehtorit ry:n j\u00e4senyhdistyksen\u00e4. J\u00e4senen\u00e4&hellip;","_links":{"self":[{"href":"https:\/\/suomenrehtorit.fi\/helsingin-seudun-rehtorit-ry\/wp-json\/wp\/v2\/pages\/2","targetHints":{"allow":["GET"]}}],"collection":[{"href":"https:\/\/suomenrehtorit.fi\/helsingin-seudun-rehtorit-ry\/wp-json\/wp\/v2\/pages"}],"about":[{"href":"https:\/\/suomenrehtorit.fi\/helsingin-seudun-rehtorit-ry\/wp-json\/wp\/v2\/types\/page"}],"author":[{"embeddable":true,"href":"https:\/\/suomenrehtorit.fi\/helsingin-seudun-rehtorit-ry\/wp-json\/wp\/v2\/users\/2"}],"replies":[{"embeddable":true,"href":"https:\/\/suomenrehtorit.fi\/helsingin-seudun-rehtorit-ry\/wp-json\/wp\/v2\/comments?post=2"}],"version-history":[{"count":8,"href":"https:\/\/suomenrehtorit.fi\/helsingin-seudun-rehtorit-ry\/wp-json\/wp\/v2\/pages\/2\/revisions"}],"predecessor-version":[{"id":112,"href":"https:\/\/suomenrehtorit.fi\/helsingin-seudun-rehtorit-ry\/wp-json\/wp\/v2\/pages\/2\/revisions\/112"}],"wp:attachment":[{"href":"https:\/\/suomenrehtorit.fi\/helsingin-seudun-rehtorit-ry\/wp-json\/wp\/v2\/media?parent=2"}],"curies":[{"name":"wp","href":"https:\/\/api.w.org\/{rel}","templated":true}]}}