{"id":48,"date":"2023-05-25T09:59:01","date_gmt":"2023-05-25T09:59:01","guid":{"rendered":"https:\/\/suomenrehtorit.fi\/kainuun-rehtorit-ry\/?page_id=48"},"modified":"2025-06-17T11:20:26","modified_gmt":"2025-06-17T08:20:26","slug":"hallitus","status":"publish","type":"page","link":"https:\/\/suomenrehtorit.fi\/kainuun-rehtorit-ry\/kainuun-rehtorit-ry\/hallitus\/","title":{"rendered":"Hallitus"},"content":{"rendered":"\n<p><strong>Puheenjohtaja<\/strong><br>Marko Kuvaja<br>rehtori, Kajaanin lyseo<br>044 7100811<br><a href=\"mailto:marko.kuvaja.@edukajaani.fi\">marko.kuvaja.@edukajaani.fi<\/a><\/p>\n\n\n\n<p><strong>Sihteeri<\/strong><br>Jaakko Vehkaper\u00e4<br>rehtori, Lehtikankaan koulu<br>044 7147621<br><a href=\"mailto:jaakko.vehkaper\u00e4@edukajaani.fi\">jaakko.vehkaper\u00e4@edukajaani.fi<\/a><\/p>\n\n\n\n<p><strong>Taloudenhoitaja<\/strong><br>Pertti M\u00e4\u00e4tt\u00e4<br>Lohtajan koulu<br>044 7100665<br><a href=\"mailto:pertti.maatta@edukajaani.fi\">pertti.maatta@edukajaani.fi<\/a><\/p>\n\n\n\n<p><strong>Muut hallituksen j\u00e4senet:<\/strong><br>Marjut Kyll\u00f6nen<br>Sivistystoimenjohtaja, lukion rehtori, kasvun ja oppimisen palvelualuejohtaja, lukio<br>044 7105124<br><a href=\"mailto:%0dmarjut.kyllonen@kuhmo.fi%0d\">marjut.kyllonen@kuhmo.fi<\/a><\/p>\n\n\n\n<p>Janne Huotari<br>rehtori, Salmelan Koulu<br>044 7502276<br><a href=\"mailto:janne.huotari\u200b@sotkamo.fi\">janne.huotari\u200b@sotkamo.fi<\/a><\/p>\n\n\n\n<p><\/p>\n","protected":false},"excerpt":{"rendered":"<p>PuheenjohtajaMarko Kuvajarehtori, Kajaanin lyseo044 7100811marko.kuvaja.@edukajaani.fi SihteeriJaakko Vehkaper\u00e4rehtori, Lehtikankaan koulu044 7147621jaakko.vehkaper\u00e4@edukajaani.fi TaloudenhoitajaPertti M\u00e4\u00e4tt\u00e4Lohtajan koulu044 7100665pertti.maatta@edukajaani.fi Muut hallituksen j\u00e4senet:Marjut Kyll\u00f6nenSivistystoimenjohtaja, lukion rehtori, kasvun ja oppimisen palvelualuejohtaja, lukio044 7105124marjut.kyllonen@kuhmo.fi Janne Huotarirehtori, Salmelan Koulu044 7502276janne.huotari\u200b@sotkamo.fi<\/p>\n","protected":false},"author":2,"featured_media":0,"parent":19,"menu_order":0,"comment_status":"closed","ping_status":"closed","template":"","meta":{"_uag_custom_page_level_css":"","footnotes":""},"class_list":["post-48","page","type-page","status-publish"],"uagb_featured_image_src":{"full":false,"thumbnail":false,"medium":false,"medium_large":false,"large":false,"1536x1536":false,"2048x2048":false},"uagb_author_info":{"display_name":"Miira Tirkkonen","author_link":"https:\/\/suomenrehtorit.fi\/kainuun-rehtorit-ry\/author\/miirat\/"},"uagb_comment_info":0,"uagb_excerpt":"PuheenjohtajaMarko Kuvajarehtori, Kajaanin lyseo044 7100811marko.kuvaja.@edukajaani.fi SihteeriJaakko Vehkaper\u00e4rehtori, Lehtikankaan koulu044 7147621jaakko.vehkaper\u00e4@edukajaani.fi TaloudenhoitajaPertti M\u00e4\u00e4tt\u00e4Lohtajan koulu044 7100665pertti.maatta@edukajaani.fi Muut hallituksen j\u00e4senet:Marjut Kyll\u00f6nenSivistystoimenjohtaja, lukion rehtori, kasvun ja oppimisen palvelualuejohtaja, lukio044 7105124marjut.kyllonen@kuhmo.fi Janne Huotarirehtori, Salmelan Koulu044 7502276janne.huotari\u200b@sotkamo.fi","_links":{"self":[{"href":"https:\/\/suomenrehtorit.fi\/kainuun-rehtorit-ry\/wp-json\/wp\/v2\/pages\/48","targetHints":{"allow":["GET"]}}],"collection":[{"href":"https:\/\/suomenrehtorit.fi\/kainuun-rehtorit-ry\/wp-json\/wp\/v2\/pages"}],"about":[{"href":"https:\/\/suomenrehtorit.fi\/kainuun-rehtorit-ry\/wp-json\/wp\/v2\/types\/page"}],"author":[{"embeddable":true,"href":"https:\/\/suomenrehtorit.fi\/kainuun-rehtorit-ry\/wp-json\/wp\/v2\/users\/2"}],"replies":[{"embeddable":true,"href":"https:\/\/suomenrehtorit.fi\/kainuun-rehtorit-ry\/wp-json\/wp\/v2\/comments?post=48"}],"version-history":[{"count":3,"href":"https:\/\/suomenrehtorit.fi\/kainuun-rehtorit-ry\/wp-json\/wp\/v2\/pages\/48\/revisions"}],"predecessor-version":[{"id":104,"href":"https:\/\/suomenrehtorit.fi\/kainuun-rehtorit-ry\/wp-json\/wp\/v2\/pages\/48\/revisions\/104"}],"up":[{"embeddable":true,"href":"https:\/\/suomenrehtorit.fi\/kainuun-rehtorit-ry\/wp-json\/wp\/v2\/pages\/19"}],"wp:attachment":[{"href":"https:\/\/suomenrehtorit.fi\/kainuun-rehtorit-ry\/wp-json\/wp\/v2\/media?parent=48"}],"curies":[{"name":"wp","href":"https:\/\/api.w.org\/{rel}","templated":true}]}}