{"id":2,"date":"2023-05-23T11:19:40","date_gmt":"2023-05-23T11:19:40","guid":{"rendered":"https:\/\/suomenrehtorit.fi\/keski-suomen-rehtorit-ry\/?page_id=2"},"modified":"2025-05-06T08:36:36","modified_gmt":"2025-05-06T05:36:36","slug":"etusivu","status":"publish","type":"page","link":"https:\/\/suomenrehtorit.fi\/keski-suomen-rehtorit-ry\/","title":{"rendered":"Etusivu"},"content":{"rendered":"\n<p class=\"has-medium-font-size\">Tervetuloa Keski-Suomen Rehtorit ry:n verkkosivuille!<\/p>\n\n\n\n<p>Keski-Suomen Rehtorit ry. on toiminut v. 1977 l\u00e4htien. Kuluva vuosi on yhdistyksen 48. Toimintavuosi. Olet l\u00e4mpim\u00e4sti tervetullut mukaan toimintaamme. Sivuilta l\u00f6yd\u00e4t tietoa toiminnastamme ja voit liitty\u00e4 j\u00e4seneksemme. L\u00f6yd\u00e4t yhteystietomme alapalkista.<\/p>\n","protected":false},"excerpt":{"rendered":"<p>Tervetuloa Keski-Suomen Rehtorit ry:n verkkosivuille! Keski-Suomen Rehtorit ry. on toiminut v. 1977 l\u00e4htien. Kuluva vuosi on yhdistyksen 48. Toimintavuosi. Olet l\u00e4mpim\u00e4sti tervetullut mukaan toimintaamme. Sivuilta l\u00f6yd\u00e4t tietoa toiminnastamme ja voit liitty\u00e4 j\u00e4seneksemme. L\u00f6yd\u00e4t yhteystietomme alapalkista.<\/p>\n","protected":false},"author":2,"featured_media":0,"parent":0,"menu_order":0,"comment_status":"closed","ping_status":"closed","template":"","meta":{"_uag_custom_page_level_css":"","footnotes":""},"class_list":["post-2","page","type-page","status-publish"],"uagb_featured_image_src":{"full":false,"thumbnail":false,"medium":false,"medium_large":false,"large":false,"1536x1536":false,"2048x2048":false},"uagb_author_info":{"display_name":"Miira Tirkkonen","author_link":"https:\/\/suomenrehtorit.fi\/keski-suomen-rehtorit-ry\/author\/miirat\/"},"uagb_comment_info":0,"uagb_excerpt":"Tervetuloa Keski-Suomen Rehtorit ry:n verkkosivuille! Keski-Suomen Rehtorit ry. on toiminut v. 1977 l\u00e4htien. Kuluva vuosi on yhdistyksen 48. Toimintavuosi. Olet l\u00e4mpim\u00e4sti tervetullut mukaan toimintaamme. Sivuilta l\u00f6yd\u00e4t tietoa toiminnastamme ja voit liitty\u00e4 j\u00e4seneksemme. L\u00f6yd\u00e4t yhteystietomme alapalkista.","_links":{"self":[{"href":"https:\/\/suomenrehtorit.fi\/keski-suomen-rehtorit-ry\/wp-json\/wp\/v2\/pages\/2","targetHints":{"allow":["GET"]}}],"collection":[{"href":"https:\/\/suomenrehtorit.fi\/keski-suomen-rehtorit-ry\/wp-json\/wp\/v2\/pages"}],"about":[{"href":"https:\/\/suomenrehtorit.fi\/keski-suomen-rehtorit-ry\/wp-json\/wp\/v2\/types\/page"}],"author":[{"embeddable":true,"href":"https:\/\/suomenrehtorit.fi\/keski-suomen-rehtorit-ry\/wp-json\/wp\/v2\/users\/2"}],"replies":[{"embeddable":true,"href":"https:\/\/suomenrehtorit.fi\/keski-suomen-rehtorit-ry\/wp-json\/wp\/v2\/comments?post=2"}],"version-history":[{"count":6,"href":"https:\/\/suomenrehtorit.fi\/keski-suomen-rehtorit-ry\/wp-json\/wp\/v2\/pages\/2\/revisions"}],"predecessor-version":[{"id":100,"href":"https:\/\/suomenrehtorit.fi\/keski-suomen-rehtorit-ry\/wp-json\/wp\/v2\/pages\/2\/revisions\/100"}],"wp:attachment":[{"href":"https:\/\/suomenrehtorit.fi\/keski-suomen-rehtorit-ry\/wp-json\/wp\/v2\/media?parent=2"}],"curies":[{"name":"wp","href":"https:\/\/api.w.org\/{rel}","templated":true}]}}