{"id":2,"date":"2023-05-23T11:19:40","date_gmt":"2023-05-23T11:19:40","guid":{"rendered":"https:\/\/suomenrehtorit.fi\/lapin-rehtorit-ry\/?page_id=2"},"modified":"2023-05-26T10:35:06","modified_gmt":"2023-05-26T10:35:06","slug":"etusivu","status":"publish","type":"page","link":"https:\/\/suomenrehtorit.fi\/lapin-rehtorit-ry\/","title":{"rendered":"Etusivu"},"content":{"rendered":"\n<p class=\"has-medium-font-size\">Tervetuloa Lapin Rehtorit ry:n verkkosivuille!<\/p>\n\n\n\n<p>Sivuilta l\u00f6yd\u00e4t tietoa toiminnastamme ja voit liitty\u00e4 j\u00e4seneksemme. L\u00f6yd\u00e4t yhteystietomme alapalkista.<\/p>\n","protected":false},"excerpt":{"rendered":"<p>Tervetuloa Lapin Rehtorit ry:n verkkosivuille! Sivuilta l\u00f6yd\u00e4t tietoa toiminnastamme ja voit liitty\u00e4 j\u00e4seneksemme. L\u00f6yd\u00e4t yhteystietomme alapalkista.<\/p>\n","protected":false},"author":2,"featured_media":0,"parent":0,"menu_order":0,"comment_status":"closed","ping_status":"closed","template":"","meta":{"_uag_custom_page_level_css":"","footnotes":""},"class_list":["post-2","page","type-page","status-publish"],"uagb_featured_image_src":{"full":false,"thumbnail":false,"medium":false,"medium_large":false,"large":false,"1536x1536":false,"2048x2048":false},"uagb_author_info":{"display_name":"Miira Tirkkonen","author_link":"https:\/\/suomenrehtorit.fi\/lapin-rehtorit-ry\/author\/miirat\/"},"uagb_comment_info":0,"uagb_excerpt":"Tervetuloa Lapin Rehtorit ry:n verkkosivuille! Sivuilta l\u00f6yd\u00e4t tietoa toiminnastamme ja voit liitty\u00e4 j\u00e4seneksemme. L\u00f6yd\u00e4t yhteystietomme alapalkista.","_links":{"self":[{"href":"https:\/\/suomenrehtorit.fi\/lapin-rehtorit-ry\/wp-json\/wp\/v2\/pages\/2","targetHints":{"allow":["GET"]}}],"collection":[{"href":"https:\/\/suomenrehtorit.fi\/lapin-rehtorit-ry\/wp-json\/wp\/v2\/pages"}],"about":[{"href":"https:\/\/suomenrehtorit.fi\/lapin-rehtorit-ry\/wp-json\/wp\/v2\/types\/page"}],"author":[{"embeddable":true,"href":"https:\/\/suomenrehtorit.fi\/lapin-rehtorit-ry\/wp-json\/wp\/v2\/users\/2"}],"replies":[{"embeddable":true,"href":"https:\/\/suomenrehtorit.fi\/lapin-rehtorit-ry\/wp-json\/wp\/v2\/comments?post=2"}],"version-history":[{"count":5,"href":"https:\/\/suomenrehtorit.fi\/lapin-rehtorit-ry\/wp-json\/wp\/v2\/pages\/2\/revisions"}],"predecessor-version":[{"id":75,"href":"https:\/\/suomenrehtorit.fi\/lapin-rehtorit-ry\/wp-json\/wp\/v2\/pages\/2\/revisions\/75"}],"wp:attachment":[{"href":"https:\/\/suomenrehtorit.fi\/lapin-rehtorit-ry\/wp-json\/wp\/v2\/media?parent=2"}],"curies":[{"name":"wp","href":"https:\/\/api.w.org\/{rel}","templated":true}]}}