{"id":16,"date":"2023-05-24T10:16:21","date_gmt":"2023-05-24T10:16:21","guid":{"rendered":"https:\/\/suomenrehtorit.fi\/osterbottens-svenska-rektorsforening-rf\/?page_id=16"},"modified":"2025-03-11T08:37:47","modified_gmt":"2025-03-11T06:37:47","slug":"medelmskap","status":"publish","type":"page","link":"https:\/\/suomenrehtorit.fi\/osterbottens-svenska-rektorsforening-rf\/medelmskap\/","title":{"rendered":"Medelmskap"},"content":{"rendered":"\n<p>Som medlem i \u00d6sterbottens svenska rektorsf\u00f6rening rf f\u00e5r du del av f\u00f6r skolledare relevant aktuell information, vara med och p\u00e5verka i skolfr\u00e5gor, ta del av initiativ f\u00f6r professionell utveckling, bli en del av ett aktivt rektorsn\u00e4tverk samt f\u00e5 tillg\u00e5ng till olika typer av avkopplande aktiviteter. Ansvarsf\u00f6rs\u00e4kringen \u00e4r ocks\u00e5 ett viktigt argument f\u00f6r medlemskap.<\/p>\n\n\n\n<p>Medlem blir man genom att ans\u00f6ka om medlemskap i Finlands Rektorer rf. Klicka f\u00f6r \u00d6sterbottens svenska rektorsf\u00f6rening rf i den digitala blanketten.<\/p>\n\n\n\n<p>Varmt v\u00e4lkommen med som medlem!<\/p>\n\n\n\n<p><\/p>\n","protected":false},"excerpt":{"rendered":"<p>Som medlem i \u00d6sterbottens svenska rektorsf\u00f6rening rf f\u00e5r du del av f\u00f6r skolledare relevant aktuell information, vara med och p\u00e5verka i skolfr\u00e5gor, ta del av initiativ f\u00f6r professionell utveckling, bli en del av ett aktivt rektorsn\u00e4tverk samt f\u00e5 tillg\u00e5ng till olika typer av avkopplande aktiviteter. Ansvarsf\u00f6rs\u00e4kringen \u00e4r ocks\u00e5 ett viktigt argument f\u00f6r medlemskap. Medlem blir &#8230; <a title=\"Medelmskap\" class=\"read-more\" href=\"https:\/\/suomenrehtorit.fi\/osterbottens-svenska-rektorsforening-rf\/medelmskap\/\" aria-label=\"L\u00e4s mer om Medelmskap\">L\u00e4s mer<\/a><\/p>\n","protected":false},"author":2,"featured_media":0,"parent":0,"menu_order":0,"comment_status":"closed","ping_status":"closed","template":"","meta":{"_uag_custom_page_level_css":"","footnotes":""},"class_list":["post-16","page","type-page","status-publish"],"uagb_featured_image_src":{"full":false,"thumbnail":false,"medium":false,"medium_large":false,"large":false,"1536x1536":false,"2048x2048":false},"uagb_author_info":{"display_name":"Miira Tirkkonen","author_link":"https:\/\/suomenrehtorit.fi\/osterbottens-svenska-rektorsforening-rf\/author\/miirat\/"},"uagb_comment_info":0,"uagb_excerpt":"Som medlem i \u00d6sterbottens svenska rektorsf\u00f6rening rf f\u00e5r du del av f\u00f6r skolledare relevant aktuell information, vara med och p\u00e5verka i skolfr\u00e5gor, ta del av initiativ f\u00f6r professionell utveckling, bli en del av ett aktivt rektorsn\u00e4tverk samt f\u00e5 tillg\u00e5ng till olika typer av avkopplande aktiviteter. Ansvarsf\u00f6rs\u00e4kringen \u00e4r ocks\u00e5 ett viktigt argument f\u00f6r medlemskap. Medlem blir&hellip;","_links":{"self":[{"href":"https:\/\/suomenrehtorit.fi\/osterbottens-svenska-rektorsforening-rf\/wp-json\/wp\/v2\/pages\/16","targetHints":{"allow":["GET"]}}],"collection":[{"href":"https:\/\/suomenrehtorit.fi\/osterbottens-svenska-rektorsforening-rf\/wp-json\/wp\/v2\/pages"}],"about":[{"href":"https:\/\/suomenrehtorit.fi\/osterbottens-svenska-rektorsforening-rf\/wp-json\/wp\/v2\/types\/page"}],"author":[{"embeddable":true,"href":"https:\/\/suomenrehtorit.fi\/osterbottens-svenska-rektorsforening-rf\/wp-json\/wp\/v2\/users\/2"}],"replies":[{"embeddable":true,"href":"https:\/\/suomenrehtorit.fi\/osterbottens-svenska-rektorsforening-rf\/wp-json\/wp\/v2\/comments?post=16"}],"version-history":[{"count":3,"href":"https:\/\/suomenrehtorit.fi\/osterbottens-svenska-rektorsforening-rf\/wp-json\/wp\/v2\/pages\/16\/revisions"}],"predecessor-version":[{"id":102,"href":"https:\/\/suomenrehtorit.fi\/osterbottens-svenska-rektorsforening-rf\/wp-json\/wp\/v2\/pages\/16\/revisions\/102"}],"wp:attachment":[{"href":"https:\/\/suomenrehtorit.fi\/osterbottens-svenska-rektorsforening-rf\/wp-json\/wp\/v2\/media?parent=16"}],"curies":[{"name":"wp","href":"https:\/\/api.w.org\/{rel}","templated":true}]}}