{"id":2,"date":"2023-05-23T11:19:40","date_gmt":"2023-05-23T11:19:40","guid":{"rendered":"https:\/\/suomenrehtorit.fi\/osterbottens-svenska-rektorsforening-rf\/?page_id=2"},"modified":"2025-03-11T08:36:35","modified_gmt":"2025-03-11T06:36:35","slug":"etusivu","status":"publish","type":"page","link":"https:\/\/suomenrehtorit.fi\/osterbottens-svenska-rektorsforening-rf\/","title":{"rendered":"Etusivu"},"content":{"rendered":"\n<p class=\"has-medium-font-size\">V\u00e4lkommen till hemsidan f\u00f6r \u00d6sterbottens Svenska Rektorsf\u00f6rening rf!<\/p>\n\n\n\n<p>V\u00e4lkommen med i \u00d6sterbottens svenska rektorsf\u00f6rening rf om du verkar som skolledare i grundskola och\/eller gymnasium i \u00d6sterbotten eller p\u00e5 spr\u00e5k\u00f6arna!<\/p>\n\n\n\n<p>I v\u00e5r f\u00f6rening erbjuder vi arenor f\u00f6r erfarenhetsutbyte och kollegialt st\u00f6d f\u00f6r skolledare. Internationella studier bland skolledare visar att personliga relationer och n\u00e4tverk \u00e4r avg\u00f6rande f\u00f6r hur man trivs p\u00e5 och utvecklas professionellt i jobbet.<\/p>\n\n\n\n<p><\/p>\n","protected":false},"excerpt":{"rendered":"<p>V\u00e4lkommen till hemsidan f\u00f6r \u00d6sterbottens Svenska Rektorsf\u00f6rening rf! V\u00e4lkommen med i \u00d6sterbottens svenska rektorsf\u00f6rening rf om du verkar som skolledare i grundskola och\/eller gymnasium i \u00d6sterbotten eller p\u00e5 spr\u00e5k\u00f6arna! I v\u00e5r f\u00f6rening erbjuder vi arenor f\u00f6r erfarenhetsutbyte och kollegialt st\u00f6d f\u00f6r skolledare. Internationella studier bland skolledare visar att personliga relationer och n\u00e4tverk \u00e4r avg\u00f6rande f\u00f6r &#8230; <a title=\"Etusivu\" class=\"read-more\" href=\"https:\/\/suomenrehtorit.fi\/osterbottens-svenska-rektorsforening-rf\/\" aria-label=\"L\u00e4s mer om Etusivu\">L\u00e4s mer<\/a><\/p>\n","protected":false},"author":2,"featured_media":0,"parent":0,"menu_order":0,"comment_status":"closed","ping_status":"closed","template":"","meta":{"_uag_custom_page_level_css":"","footnotes":""},"class_list":["post-2","page","type-page","status-publish"],"uagb_featured_image_src":{"full":false,"thumbnail":false,"medium":false,"medium_large":false,"large":false,"1536x1536":false,"2048x2048":false},"uagb_author_info":{"display_name":"Miira Tirkkonen","author_link":"https:\/\/suomenrehtorit.fi\/osterbottens-svenska-rektorsforening-rf\/author\/miirat\/"},"uagb_comment_info":0,"uagb_excerpt":"V\u00e4lkommen till hemsidan f\u00f6r \u00d6sterbottens Svenska Rektorsf\u00f6rening rf! V\u00e4lkommen med i \u00d6sterbottens svenska rektorsf\u00f6rening rf om du verkar som skolledare i grundskola och\/eller gymnasium i \u00d6sterbotten eller p\u00e5 spr\u00e5k\u00f6arna! I v\u00e5r f\u00f6rening erbjuder vi arenor f\u00f6r erfarenhetsutbyte och kollegialt st\u00f6d f\u00f6r skolledare. Internationella studier bland skolledare visar att personliga relationer och n\u00e4tverk \u00e4r avg\u00f6rande f\u00f6r&hellip;","_links":{"self":[{"href":"https:\/\/suomenrehtorit.fi\/osterbottens-svenska-rektorsforening-rf\/wp-json\/wp\/v2\/pages\/2","targetHints":{"allow":["GET"]}}],"collection":[{"href":"https:\/\/suomenrehtorit.fi\/osterbottens-svenska-rektorsforening-rf\/wp-json\/wp\/v2\/pages"}],"about":[{"href":"https:\/\/suomenrehtorit.fi\/osterbottens-svenska-rektorsforening-rf\/wp-json\/wp\/v2\/types\/page"}],"author":[{"embeddable":true,"href":"https:\/\/suomenrehtorit.fi\/osterbottens-svenska-rektorsforening-rf\/wp-json\/wp\/v2\/users\/2"}],"replies":[{"embeddable":true,"href":"https:\/\/suomenrehtorit.fi\/osterbottens-svenska-rektorsforening-rf\/wp-json\/wp\/v2\/comments?post=2"}],"version-history":[{"count":6,"href":"https:\/\/suomenrehtorit.fi\/osterbottens-svenska-rektorsforening-rf\/wp-json\/wp\/v2\/pages\/2\/revisions"}],"predecessor-version":[{"id":100,"href":"https:\/\/suomenrehtorit.fi\/osterbottens-svenska-rektorsforening-rf\/wp-json\/wp\/v2\/pages\/2\/revisions\/100"}],"wp:attachment":[{"href":"https:\/\/suomenrehtorit.fi\/osterbottens-svenska-rektorsforening-rf\/wp-json\/wp\/v2\/media?parent=2"}],"curies":[{"name":"wp","href":"https:\/\/api.w.org\/{rel}","templated":true}]}}