{"id":14,"date":"2023-05-24T10:16:10","date_gmt":"2023-05-24T10:16:10","guid":{"rendered":"https:\/\/suomenrehtorit.fi\/pirkanmaan-rehtorit-ry\/?page_id=14"},"modified":"2023-09-08T07:29:11","modified_gmt":"2023-09-08T07:29:11","slug":"ajankohtaista","status":"publish","type":"page","link":"https:\/\/suomenrehtorit.fi\/pirkanmaan-rehtorit-ry\/ajankohtaista\/","title":{"rendered":"Ajankohtaista"},"content":{"rendered":"\n<h2 class=\"wp-block-heading\">Pirkanmaan Rehtorit ry:n uutiset<\/h2>\n\n\n\n<div class=\"wp-block-query is-layout-flow wp-block-query-is-layout-flow\"><ul class=\"wp-block-post-template is-layout-flow wp-block-post-template-is-layout-flow\"><li class=\"wp-block-post post-123 post type-post status-publish format-standard hentry category-koulutus\">\n\n<div class=\"wp-block-columns is-layout-flex wp-container-core-columns-is-layout-9d6595d7 wp-block-columns-is-layout-flex\">\n<div class=\"wp-block-column is-layout-flow wp-block-column-is-layout-flow\" style=\"flex-basis:100%\"><h3 class=\"wp-block-post-title\"><a href=\"https:\/\/suomenrehtorit.fi\/pirkanmaan-rehtorit-ry\/2023\/09\/08\/pro-rexi-koulutus\/\" target=\"_self\" >Pro Rexi -koulutus<\/a><\/h3>\n\n<div class=\"taxonomy-category wp-block-post-terms\"><span class=\"wp-block-post-terms__prefix\">Kategoria: <\/span><a href=\"https:\/\/suomenrehtorit.fi\/pirkanmaan-rehtorit-ry\/category\/koulutus\/\" rel=\"tag\">Koulutus<\/a><\/div>\n\n<div class=\"wp-block-post-excerpt\"><p class=\"wp-block-post-excerpt__excerpt\">Aika: 23.-24.11.2023 Paikka: Hotelli Clarion, Helsinki <\/p><\/div><\/div>\n<\/div>\n\n<\/li><li class=\"wp-block-post post-121 post type-post status-publish format-standard hentry category-tapahtuma\">\n\n<div class=\"wp-block-columns is-layout-flex wp-container-core-columns-is-layout-9d6595d7 wp-block-columns-is-layout-flex\">\n<div class=\"wp-block-column is-layout-flow wp-block-column-is-layout-flow\" style=\"flex-basis:100%\"><h3 class=\"wp-block-post-title\"><a href=\"https:\/\/suomenrehtorit.fi\/pirkanmaan-rehtorit-ry\/2023\/09\/08\/yhdistyksen-pikkujoulut\/\" target=\"_self\" >Yhdistyksen pikkujoulut<\/a><\/h3>\n\n<div class=\"taxonomy-category wp-block-post-terms\"><span class=\"wp-block-post-terms__prefix\">Kategoria: <\/span><a href=\"https:\/\/suomenrehtorit.fi\/pirkanmaan-rehtorit-ry\/category\/tapahtuma\/\" rel=\"tag\">Tapahtuma<\/a><\/div>\n\n<div class=\"wp-block-post-excerpt\"><p class=\"wp-block-post-excerpt__excerpt\">Aika: perjantai 10.11.2023 Paikka: avoin <\/p><\/div><\/div>\n<\/div>\n\n<\/li><li class=\"wp-block-post post-119 post type-post status-publish format-standard hentry category-koulutus\">\n\n<div class=\"wp-block-columns is-layout-flex wp-container-core-columns-is-layout-9d6595d7 wp-block-columns-is-layout-flex\">\n<div class=\"wp-block-column is-layout-flow wp-block-column-is-layout-flow\" style=\"flex-basis:100%\"><h3 class=\"wp-block-post-title\"><a href=\"https:\/\/suomenrehtorit.fi\/pirkanmaan-rehtorit-ry\/2023\/09\/08\/lansi-ja-sisa-suomen-sivistys-ja-opetustoimen-johdon-paivat-2023\/\" target=\"_self\" >L\u00e4nsi- ja Sis\u00e4-Suomen sivistys- ja opetustoimen johdon p\u00e4iv\u00e4t 2023<\/a><\/h3>\n\n<div class=\"taxonomy-category wp-block-post-terms\"><span class=\"wp-block-post-terms__prefix\">Kategoria: <\/span><a href=\"https:\/\/suomenrehtorit.fi\/pirkanmaan-rehtorit-ry\/category\/koulutus\/\" rel=\"tag\">Koulutus<\/a><\/div>\n\n<div class=\"wp-block-post-excerpt\"><p class=\"wp-block-post-excerpt__excerpt\">Aika: 2.-3.11.2023 Paikka: Tuulensuun palatsi, Tampere <\/p><\/div><\/div>\n<\/div>\n\n<\/li><li class=\"wp-block-post post-107 post type-post status-publish format-standard hentry category-koulutus\">\n\n<div class=\"wp-block-columns is-layout-flex wp-container-core-columns-is-layout-9d6595d7 wp-block-columns-is-layout-flex\">\n<div class=\"wp-block-column is-layout-flow wp-block-column-is-layout-flow\" style=\"flex-basis:100%\"><h3 class=\"wp-block-post-title\"><a href=\"https:\/\/suomenrehtorit.fi\/pirkanmaan-rehtorit-ry\/2023\/09\/08\/nyt-lasten-ja-nuorten-mahdollisuudet-saada-koulussa-valmiuksia-muuttuvan-tyoelaman-tarpeisiin-ja-oman-arkensa-hallintaan\/\" target=\"_self\" >NYT: Lasten ja nuorten mahdollisuudet saada koulussa valmiuksia muuttuvan ty\u00f6el\u00e4m\u00e4n tarpeisiin ja oman arkensa hallintaan<\/a><\/h3>\n\n<div class=\"taxonomy-category wp-block-post-terms\"><span class=\"wp-block-post-terms__prefix\">Kategoria: <\/span><a href=\"https:\/\/suomenrehtorit.fi\/pirkanmaan-rehtorit-ry\/category\/koulutus\/\" rel=\"tag\">Koulutus<\/a><\/div>\n\n<div class=\"wp-block-post-excerpt\"><p class=\"wp-block-post-excerpt__excerpt\">Aika: keskiviikko 27.9.2023 Paikka: Lapland Hotels Arena, Tampere. <\/p><\/div><\/div>\n<\/div>\n\n<\/li><\/ul>\n\n<\/div>\n\n\n\n<h2 class=\"wp-block-heading\">Suomen Rehtorit ry:n uutiset<\/h2>\n\n\n\n<p>Lue Suomen Rehtorit ry:n uutisia yhdistyksen omalta&nbsp;<a rel=\"noreferrer noopener\" href=\"https:\/\/suomenrehtorit.fi\/web\/ajankohtaista\/\" target=\"_blank\">Ajankohtaista-sivulta<\/a>!<\/p>\n","protected":false},"excerpt":{"rendered":"<p>Pirkanmaan Rehtorit ry:n uutiset Suomen Rehtorit ry:n uutiset Lue Suomen Rehtorit ry:n uutisia yhdistyksen omalta&nbsp;Ajankohtaista-sivulta!<\/p>\n","protected":false},"author":2,"featured_media":0,"parent":0,"menu_order":0,"comment_status":"closed","ping_status":"closed","template":"","meta":{"_uag_custom_page_level_css":"","footnotes":""},"class_list":["post-14","page","type-page","status-publish"],"uagb_featured_image_src":{"full":false,"thumbnail":false,"medium":false,"medium_large":false,"large":false,"1536x1536":false,"2048x2048":false},"uagb_author_info":{"display_name":"Miira Tirkkonen","author_link":"https:\/\/suomenrehtorit.fi\/pirkanmaan-rehtorit-ry\/author\/miirat\/"},"uagb_comment_info":0,"uagb_excerpt":"Pirkanmaan Rehtorit ry:n uutiset Suomen Rehtorit ry:n uutiset Lue Suomen Rehtorit ry:n uutisia yhdistyksen omalta&nbsp;Ajankohtaista-sivulta!","_links":{"self":[{"href":"https:\/\/suomenrehtorit.fi\/pirkanmaan-rehtorit-ry\/wp-json\/wp\/v2\/pages\/14","targetHints":{"allow":["GET"]}}],"collection":[{"href":"https:\/\/suomenrehtorit.fi\/pirkanmaan-rehtorit-ry\/wp-json\/wp\/v2\/pages"}],"about":[{"href":"https:\/\/suomenrehtorit.fi\/pirkanmaan-rehtorit-ry\/wp-json\/wp\/v2\/types\/page"}],"author":[{"embeddable":true,"href":"https:\/\/suomenrehtorit.fi\/pirkanmaan-rehtorit-ry\/wp-json\/wp\/v2\/users\/2"}],"replies":[{"embeddable":true,"href":"https:\/\/suomenrehtorit.fi\/pirkanmaan-rehtorit-ry\/wp-json\/wp\/v2\/comments?post=14"}],"version-history":[{"count":8,"href":"https:\/\/suomenrehtorit.fi\/pirkanmaan-rehtorit-ry\/wp-json\/wp\/v2\/pages\/14\/revisions"}],"predecessor-version":[{"id":118,"href":"https:\/\/suomenrehtorit.fi\/pirkanmaan-rehtorit-ry\/wp-json\/wp\/v2\/pages\/14\/revisions\/118"}],"wp:attachment":[{"href":"https:\/\/suomenrehtorit.fi\/pirkanmaan-rehtorit-ry\/wp-json\/wp\/v2\/media?parent=14"}],"curies":[{"name":"wp","href":"https:\/\/api.w.org\/{rel}","templated":true}]}}