{"id":16,"date":"2023-05-24T10:16:21","date_gmt":"2023-05-24T10:16:21","guid":{"rendered":"https:\/\/suomenrehtorit.fi\/pirkanmaan-rehtorit-ry\/?page_id=16"},"modified":"2023-09-05T12:24:47","modified_gmt":"2023-09-05T12:24:47","slug":"jasenyys","status":"publish","type":"page","link":"https:\/\/suomenrehtorit.fi\/pirkanmaan-rehtorit-ry\/jasenyys\/","title":{"rendered":"J\u00e4senyys"},"content":{"rendered":"\n<p class=\"has-medium-font-size\">Tule mukaan toimintaamme!<\/p>\n\n\n\n<p>Pirkanmaan Rehtorit ry:n j\u00e4senen\u00e4 tarjoamme sinulle mahdollisuuden osallistua yhdistyksemme toimintaan kotiseudullasi. Toimintamme on muun muassa aktiivista ajankohtaisen tiedon jakamista, ammatillisen taidon ja tiedon lis\u00e4\u00e4mist\u00e4, kouluttautumista, verkostoitumista ja virkist\u00e4ytymist\u00e4.<\/p>\n\n\n\n<p>J\u00e4senhakemuslomake on Suomen Rehtorit ry:n j\u00e4senyhdistysten yhteinen, valitsethan pudotusvalikosta alueyhdistykseksi Pirkanmaan Rehtorit ry. T\u00e4yt\u00e4th\u00e4n huolellisesti yhteystietosi ja ilmoitathan s\u00e4hk\u00f6postiosoitteesi, jotta saat ajankohtaista tietoa toiminnastamme.<\/p>\n\n\n\n<p>Tervetuloa joukkoomme!<\/p>\n","protected":false},"excerpt":{"rendered":"<p>Tule mukaan toimintaamme! Pirkanmaan Rehtorit ry:n j\u00e4senen\u00e4 tarjoamme sinulle mahdollisuuden osallistua yhdistyksemme toimintaan kotiseudullasi. Toimintamme on muun muassa aktiivista ajankohtaisen tiedon jakamista, ammatillisen taidon ja tiedon lis\u00e4\u00e4mist\u00e4, kouluttautumista, verkostoitumista ja virkist\u00e4ytymist\u00e4. J\u00e4senhakemuslomake on Suomen Rehtorit ry:n j\u00e4senyhdistysten yhteinen, valitsethan pudotusvalikosta alueyhdistykseksi Pirkanmaan Rehtorit ry. T\u00e4yt\u00e4th\u00e4n huolellisesti yhteystietosi ja ilmoitathan s\u00e4hk\u00f6postiosoitteesi, jotta saat ajankohtaista tietoa toiminnastamme. &#8230; <a title=\"J\u00e4senyys\" class=\"read-more\" href=\"https:\/\/suomenrehtorit.fi\/pirkanmaan-rehtorit-ry\/jasenyys\/\" aria-label=\"Lue lis\u00e4\u00e4 aiheesta J\u00e4senyys\">Lue lis\u00e4\u00e4<\/a><\/p>\n","protected":false},"author":2,"featured_media":0,"parent":0,"menu_order":0,"comment_status":"closed","ping_status":"closed","template":"","meta":{"_uag_custom_page_level_css":"","footnotes":""},"class_list":["post-16","page","type-page","status-publish"],"uagb_featured_image_src":{"full":false,"thumbnail":false,"medium":false,"medium_large":false,"large":false,"1536x1536":false,"2048x2048":false},"uagb_author_info":{"display_name":"Miira Tirkkonen","author_link":"https:\/\/suomenrehtorit.fi\/pirkanmaan-rehtorit-ry\/author\/miirat\/"},"uagb_comment_info":0,"uagb_excerpt":"Tule mukaan toimintaamme! Pirkanmaan Rehtorit ry:n j\u00e4senen\u00e4 tarjoamme sinulle mahdollisuuden osallistua yhdistyksemme toimintaan kotiseudullasi. Toimintamme on muun muassa aktiivista ajankohtaisen tiedon jakamista, ammatillisen taidon ja tiedon lis\u00e4\u00e4mist\u00e4, kouluttautumista, verkostoitumista ja virkist\u00e4ytymist\u00e4. J\u00e4senhakemuslomake on Suomen Rehtorit ry:n j\u00e4senyhdistysten yhteinen, valitsethan pudotusvalikosta alueyhdistykseksi Pirkanmaan Rehtorit ry. T\u00e4yt\u00e4th\u00e4n huolellisesti yhteystietosi ja ilmoitathan s\u00e4hk\u00f6postiosoitteesi, jotta saat ajankohtaista tietoa toiminnastamme.&hellip;","_links":{"self":[{"href":"https:\/\/suomenrehtorit.fi\/pirkanmaan-rehtorit-ry\/wp-json\/wp\/v2\/pages\/16","targetHints":{"allow":["GET"]}}],"collection":[{"href":"https:\/\/suomenrehtorit.fi\/pirkanmaan-rehtorit-ry\/wp-json\/wp\/v2\/pages"}],"about":[{"href":"https:\/\/suomenrehtorit.fi\/pirkanmaan-rehtorit-ry\/wp-json\/wp\/v2\/types\/page"}],"author":[{"embeddable":true,"href":"https:\/\/suomenrehtorit.fi\/pirkanmaan-rehtorit-ry\/wp-json\/wp\/v2\/users\/2"}],"replies":[{"embeddable":true,"href":"https:\/\/suomenrehtorit.fi\/pirkanmaan-rehtorit-ry\/wp-json\/wp\/v2\/comments?post=16"}],"version-history":[{"count":3,"href":"https:\/\/suomenrehtorit.fi\/pirkanmaan-rehtorit-ry\/wp-json\/wp\/v2\/pages\/16\/revisions"}],"predecessor-version":[{"id":103,"href":"https:\/\/suomenrehtorit.fi\/pirkanmaan-rehtorit-ry\/wp-json\/wp\/v2\/pages\/16\/revisions\/103"}],"wp:attachment":[{"href":"https:\/\/suomenrehtorit.fi\/pirkanmaan-rehtorit-ry\/wp-json\/wp\/v2\/media?parent=16"}],"curies":[{"name":"wp","href":"https:\/\/api.w.org\/{rel}","templated":true}]}}