{"id":2,"date":"2023-05-23T11:19:40","date_gmt":"2023-05-23T11:19:40","guid":{"rendered":"https:\/\/suomenrehtorit.fi\/pirkanmaan-rehtorit-ry\/?page_id=2"},"modified":"2023-09-05T12:24:21","modified_gmt":"2023-09-05T12:24:21","slug":"etusivu","status":"publish","type":"page","link":"https:\/\/suomenrehtorit.fi\/pirkanmaan-rehtorit-ry\/","title":{"rendered":"Etusivu"},"content":{"rendered":"\n<p class=\"has-medium-font-size\">Tervetuloa Pirkanmaan Rehtorit ry:n verkkosivuille!<\/p>\n\n\n\n<p>Reksi on reksin paras kaveri!<br><br>Arjen kiireiden keskell\u00e4 tarjoamme sinulle mahdollisuuden verkostoitua pirkanmaalaisten rehtoreiden kanssa, kouluttautua ja virkist\u00e4yty\u00e4.\u00a0Toimintamme on aktiivista, uudistuvaa ja monipuolista.<br><br>J\u00e4rjest\u00f6mme tavoitteena on yhdist\u00e4\u00e4 koulun, oppilaitoksen tai opetustoimen johtoteht\u00e4viss\u00e4 ty\u00f6skentelevi\u00e4 henkil\u00f6it\u00e4, lis\u00e4t\u00e4 j\u00e4sentemme hallinnollista ja pedagogista ammattitaitoa ja -tietoa, vaikuttaa ammatillisiin ja palkkauksellisiin asioihin ja etuihin sek\u00e4 koulutuspolitiikkaan. Kukapa meist\u00e4 ei olisi sit\u00e4 mielt\u00e4, ett\u00e4 n\u00e4m\u00e4 asiat ovat t\u00e4rkeit\u00e4 monestakin eri n\u00e4k\u00f6kulmasta tarkasteltuna. Osaamisemme ja hyvinvointimme vaikuttavat niin itseemme, henkil\u00f6kuntaan kuin oppilaisiinkin unohtamatta v\u00e4litt\u00f6mi\u00e4 ja v\u00e4lillisi\u00e4 vaikutuksia koko yhteiskuntaan.<br><br>Me teemme merkitt\u00e4v\u00e4\u00e4 ty\u00f6t\u00e4 ihmisten kanssa ja ihmisten parhaaksi.<\/p>\n","protected":false},"excerpt":{"rendered":"<p>Tervetuloa Pirkanmaan Rehtorit ry:n verkkosivuille! Reksi on reksin paras kaveri! Arjen kiireiden keskell\u00e4 tarjoamme sinulle mahdollisuuden verkostoitua pirkanmaalaisten rehtoreiden kanssa, kouluttautua ja virkist\u00e4yty\u00e4.\u00a0Toimintamme on aktiivista, uudistuvaa ja monipuolista. J\u00e4rjest\u00f6mme tavoitteena on yhdist\u00e4\u00e4 koulun, oppilaitoksen tai opetustoimen johtoteht\u00e4viss\u00e4 ty\u00f6skentelevi\u00e4 henkil\u00f6it\u00e4, lis\u00e4t\u00e4 j\u00e4sentemme hallinnollista ja pedagogista ammattitaitoa ja -tietoa, vaikuttaa ammatillisiin ja palkkauksellisiin asioihin ja etuihin sek\u00e4 &#8230; <a title=\"Etusivu\" class=\"read-more\" href=\"https:\/\/suomenrehtorit.fi\/pirkanmaan-rehtorit-ry\/\" aria-label=\"Lue lis\u00e4\u00e4 aiheesta Etusivu\">Lue lis\u00e4\u00e4<\/a><\/p>\n","protected":false},"author":2,"featured_media":0,"parent":0,"menu_order":0,"comment_status":"closed","ping_status":"closed","template":"","meta":{"_uag_custom_page_level_css":"","footnotes":""},"class_list":["post-2","page","type-page","status-publish"],"uagb_featured_image_src":{"full":false,"thumbnail":false,"medium":false,"medium_large":false,"large":false,"1536x1536":false,"2048x2048":false},"uagb_author_info":{"display_name":"Miira Tirkkonen","author_link":"https:\/\/suomenrehtorit.fi\/pirkanmaan-rehtorit-ry\/author\/miirat\/"},"uagb_comment_info":0,"uagb_excerpt":"Tervetuloa Pirkanmaan Rehtorit ry:n verkkosivuille! Reksi on reksin paras kaveri! Arjen kiireiden keskell\u00e4 tarjoamme sinulle mahdollisuuden verkostoitua pirkanmaalaisten rehtoreiden kanssa, kouluttautua ja virkist\u00e4yty\u00e4.\u00a0Toimintamme on aktiivista, uudistuvaa ja monipuolista. J\u00e4rjest\u00f6mme tavoitteena on yhdist\u00e4\u00e4 koulun, oppilaitoksen tai opetustoimen johtoteht\u00e4viss\u00e4 ty\u00f6skentelevi\u00e4 henkil\u00f6it\u00e4, lis\u00e4t\u00e4 j\u00e4sentemme hallinnollista ja pedagogista ammattitaitoa ja -tietoa, vaikuttaa ammatillisiin ja palkkauksellisiin asioihin ja etuihin sek\u00e4&hellip;","_links":{"self":[{"href":"https:\/\/suomenrehtorit.fi\/pirkanmaan-rehtorit-ry\/wp-json\/wp\/v2\/pages\/2","targetHints":{"allow":["GET"]}}],"collection":[{"href":"https:\/\/suomenrehtorit.fi\/pirkanmaan-rehtorit-ry\/wp-json\/wp\/v2\/pages"}],"about":[{"href":"https:\/\/suomenrehtorit.fi\/pirkanmaan-rehtorit-ry\/wp-json\/wp\/v2\/types\/page"}],"author":[{"embeddable":true,"href":"https:\/\/suomenrehtorit.fi\/pirkanmaan-rehtorit-ry\/wp-json\/wp\/v2\/users\/2"}],"replies":[{"embeddable":true,"href":"https:\/\/suomenrehtorit.fi\/pirkanmaan-rehtorit-ry\/wp-json\/wp\/v2\/comments?post=2"}],"version-history":[{"count":6,"href":"https:\/\/suomenrehtorit.fi\/pirkanmaan-rehtorit-ry\/wp-json\/wp\/v2\/pages\/2\/revisions"}],"predecessor-version":[{"id":101,"href":"https:\/\/suomenrehtorit.fi\/pirkanmaan-rehtorit-ry\/wp-json\/wp\/v2\/pages\/2\/revisions\/101"}],"wp:attachment":[{"href":"https:\/\/suomenrehtorit.fi\/pirkanmaan-rehtorit-ry\/wp-json\/wp\/v2\/media?parent=2"}],"curies":[{"name":"wp","href":"https:\/\/api.w.org\/{rel}","templated":true}]}}