{"id":2,"date":"2023-05-23T11:19:40","date_gmt":"2023-05-23T11:19:40","guid":{"rendered":"https:\/\/suomenrehtorit.fi\/pohjalaiset-rehtorit-ry\/?page_id=2"},"modified":"2025-10-15T12:50:27","modified_gmt":"2025-10-15T09:50:27","slug":"etusivu","status":"publish","type":"page","link":"https:\/\/suomenrehtorit.fi\/pohjalaiset-rehtorit-ry\/","title":{"rendered":"Etusivu"},"content":{"rendered":"\n<p class=\"has-medium-font-size\">Tervetuloa Pohjalaiset Rehtorit ry:n verkkosivuille!<\/p>\n\n\n\n<p>Tervetuloa mukaan Pohjalaiset Rehtorit ry:n toimintaan!&nbsp;<\/p>\n\n\n\n<p>Pohjalaiset Rehtorit ry toimii Etel\u00e4-Pohjanmaan ja Pohjanmaan alueiden rehtoreiden ja koulunjohtajien yhteisen\u00e4 yhdistyksen\u00e4.<\/p>\n\n\n\n<p>Tarjoamme j\u00e4senillemme monipuolista ohjelmaa, vertaistukea ja yhteisty\u00f6mahdollisuuksia rehtorin ja koulunjohtajan merkitykselliseen ty\u00f6h\u00f6n.<\/p>\n\n\n\n<p>Tavoitteenamme on vahvistaa alueemme rehtoreiden ja koulunjohtajien verkostoja, mahdollistaa ammatillista kouluttautumista sek\u00e4 tarjota tilaisuuksia virkist\u00e4ytymiseen ja ajatusten vaihtoon kollegoiden kesken.<\/p>\n\n\n\n<p>Toimimme my\u00f6s Suomen Rehtorit ry:n j\u00e4senyhdistyksen\u00e4 osana j\u00e4rjest\u00f6mme ammatillista edunvalvontaa. J\u00e4senetuna sinulle kuuluu ammatillinen oikeusturva- ja vastuuvakuutus.<\/p>\n\n\n\n<p>Pohjalaiset Rehtorit ry j\u00e4rjest\u00e4\u00e4 vuosittain erilaista toimintaa, kuten:<br>-koulutus- ja verkostoitumistilaisuuksia\u00a0<br>-hyvinvointiin liittyvi\u00e4 tapahtumia\u00a0<br>-j\u00e4seniltoja esim. kulttuuripainotuksella\u00a0<br>-tutustumisk\u00e4yntej\u00e4<\/p>\n\n\n\n<p>Tarkemmin toiminnastamme FB-sivuillamme: <a href=\"https:\/\/www.facebook.com\/search\/top?q=pohjalaiset%20rehtorit%20ry&amp;locale=fi_FI\">https:\/\/www.facebook.com\/search\/top?q=pohjalaiset%20rehtorit%20ry&amp;locale=fi_FI<\/a><\/p>\n\n\n\n<p>Toimintavuoden tapahtumat suunnitellaan yhdess\u00e4 vuosikokouksessa huhtikuussa, joten sinne kannattaa tulla mukaan vaikuttamaan ja ideoimaan!<\/p>\n\n\n\n<p>J\u00e4seneksi voit liitty\u00e4 helposti n\u00e4iden verkkosivujen kautta. Liittyminen on mahdollista, vaikka ei olisi OAJ:n j\u00e4sen.&nbsp;<\/p>\n\n\n\n<p>Olet l\u00e4mpim\u00e4sti tervetullut mukaan toimintaamme!<\/p>\n\n\n\n<p><em>t. Pohjalaiset Rehtorit ry:n hallitus:<\/em><br><em>Henry Lepp\u00e4aho (pj.)<\/em><br><em>Tuulia Halkola<\/em><br><em>Henna Malila (siht.)<\/em><br><em>Johanna Olsson<\/em><br><em>Timo Saarim\u00e4ki<\/em><br><em>Toni Uusim\u00e4ki (talous)<\/em><br><em>Marko Varam\u00e4ki<\/em><\/p>\n\n\n\n<p><\/p>\n","protected":false},"excerpt":{"rendered":"<p>Tervetuloa Pohjalaiset Rehtorit ry:n verkkosivuille! Tervetuloa mukaan Pohjalaiset Rehtorit ry:n toimintaan!&nbsp; Pohjalaiset Rehtorit ry toimii Etel\u00e4-Pohjanmaan ja Pohjanmaan alueiden rehtoreiden ja koulunjohtajien yhteisen\u00e4 yhdistyksen\u00e4. Tarjoamme j\u00e4senillemme monipuolista ohjelmaa, vertaistukea ja yhteisty\u00f6mahdollisuuksia rehtorin ja koulunjohtajan merkitykselliseen ty\u00f6h\u00f6n. Tavoitteenamme on vahvistaa alueemme rehtoreiden ja koulunjohtajien verkostoja, mahdollistaa ammatillista kouluttautumista sek\u00e4 tarjota tilaisuuksia virkist\u00e4ytymiseen ja ajatusten vaihtoon kollegoiden &#8230; <a title=\"Etusivu\" class=\"read-more\" href=\"https:\/\/suomenrehtorit.fi\/pohjalaiset-rehtorit-ry\/\" aria-label=\"Lue lis\u00e4\u00e4 aiheesta Etusivu\">Lue lis\u00e4\u00e4<\/a><\/p>\n","protected":false},"author":2,"featured_media":0,"parent":0,"menu_order":0,"comment_status":"closed","ping_status":"closed","template":"","meta":{"_uag_custom_page_level_css":"","footnotes":""},"class_list":["post-2","page","type-page","status-publish"],"uagb_featured_image_src":{"full":false,"thumbnail":false,"medium":false,"medium_large":false,"large":false,"1536x1536":false,"2048x2048":false},"uagb_author_info":{"display_name":"Miira Tirkkonen","author_link":"https:\/\/suomenrehtorit.fi\/pohjalaiset-rehtorit-ry\/author\/miirat\/"},"uagb_comment_info":0,"uagb_excerpt":"Tervetuloa Pohjalaiset Rehtorit ry:n verkkosivuille! Tervetuloa mukaan Pohjalaiset Rehtorit ry:n toimintaan!&nbsp; Pohjalaiset Rehtorit ry toimii Etel\u00e4-Pohjanmaan ja Pohjanmaan alueiden rehtoreiden ja koulunjohtajien yhteisen\u00e4 yhdistyksen\u00e4. Tarjoamme j\u00e4senillemme monipuolista ohjelmaa, vertaistukea ja yhteisty\u00f6mahdollisuuksia rehtorin ja koulunjohtajan merkitykselliseen ty\u00f6h\u00f6n. Tavoitteenamme on vahvistaa alueemme rehtoreiden ja koulunjohtajien verkostoja, mahdollistaa ammatillista kouluttautumista sek\u00e4 tarjota tilaisuuksia virkist\u00e4ytymiseen ja ajatusten vaihtoon kollegoiden&hellip;","_links":{"self":[{"href":"https:\/\/suomenrehtorit.fi\/pohjalaiset-rehtorit-ry\/wp-json\/wp\/v2\/pages\/2","targetHints":{"allow":["GET"]}}],"collection":[{"href":"https:\/\/suomenrehtorit.fi\/pohjalaiset-rehtorit-ry\/wp-json\/wp\/v2\/pages"}],"about":[{"href":"https:\/\/suomenrehtorit.fi\/pohjalaiset-rehtorit-ry\/wp-json\/wp\/v2\/types\/page"}],"author":[{"embeddable":true,"href":"https:\/\/suomenrehtorit.fi\/pohjalaiset-rehtorit-ry\/wp-json\/wp\/v2\/users\/2"}],"replies":[{"embeddable":true,"href":"https:\/\/suomenrehtorit.fi\/pohjalaiset-rehtorit-ry\/wp-json\/wp\/v2\/comments?post=2"}],"version-history":[{"count":6,"href":"https:\/\/suomenrehtorit.fi\/pohjalaiset-rehtorit-ry\/wp-json\/wp\/v2\/pages\/2\/revisions"}],"predecessor-version":[{"id":97,"href":"https:\/\/suomenrehtorit.fi\/pohjalaiset-rehtorit-ry\/wp-json\/wp\/v2\/pages\/2\/revisions\/97"}],"wp:attachment":[{"href":"https:\/\/suomenrehtorit.fi\/pohjalaiset-rehtorit-ry\/wp-json\/wp\/v2\/media?parent=2"}],"curies":[{"name":"wp","href":"https:\/\/api.w.org\/{rel}","templated":true}]}}