{"id":26,"date":"2023-05-25T05:26:58","date_gmt":"2023-05-25T05:26:58","guid":{"rendered":"https:\/\/suomenrehtorit.fi\/pohjois-karjalan-rehtorit-ry\/?page_id=26"},"modified":"2026-03-30T11:12:34","modified_gmt":"2026-03-30T08:12:34","slug":"toimintasuunnitelma","status":"publish","type":"page","link":"https:\/\/suomenrehtorit.fi\/pohjois-karjalan-rehtorit-ry\/pohjois-karjalan-rehtorit-ry\/toimintasuunnitelma\/","title":{"rendered":"Toimintasuunnitelma"},"content":{"rendered":"\n<h2 class=\"wp-block-heading\">Toimintasuunnitelma 2026<\/h2>\n\n\n\n<h3 class=\"wp-block-heading\">YLEIST\u00c4<\/h3>\n\n\n\n<p>Pohjois-Karjalan Rehtorit ry on Suomen Rehtorit ry:n maakunnallinen alueyhdistys.<\/p>\n\n\n\n<p>Se toimii koulun johtoteht\u00e4viss\u00e4 ty\u00f6skentelevien henkil\u00f6iden yhdyssiteen\u00e4. Yhdistyksen tarkoituksena on toimia j\u00e4sentens\u00e4 ammattitaidon kohottamiseksi, edist\u00e4\u00e4 hallinnollista ja pedagogista osaamista, valvoa j\u00e4senist\u00f6n ammatillisia ja palkkauksellisia etuja sek\u00e4 vaikuttaa koulutuspoliittisiin ratkaisuihin.<\/p>\n\n\n\n<p>Yhdistys toteuttaa tarkoitustaan j\u00e4rjest\u00e4m\u00e4ll\u00e4 kokouksia ja kursseja, tekem\u00e4ll\u00e4 koulun hallintoa ja ty\u00f6skentely\u00e4 koskevia aloitteita, toimittamalla julkaisuja, yll\u00e4pit\u00e4m\u00e4ll\u00e4 suhteita muihin yhdistyksiin ja yhteis\u00f6ihin sek\u00e4 kouluviranomaisiin ja tekem\u00e4ll\u00e4 mahdollisuuksien mukaan kansainv\u00e4list\u00e4 yhteisty\u00f6t\u00e4.<\/p>\n\n\n\n<h1 class=\"wp-block-heading\">EDUNVALVONTA<\/h1>\n\n\n\n<p>Yhdistys tekee yhteisty\u00f6t\u00e4 OAJ:n maakunnassa toimivien p\u00e4\u00e4luottamusedustajien kanssa ja pyrkii pit\u00e4m\u00e4\u00e4n aktiivisesti huolta my\u00f6s rehtoreiden edunvalvontaan liittyvien kysymyksien hoitamisesta. Yhdistys seuraa maakunnan kuntien taloudellisen tilanteen kehittymist\u00e4 ja sen vaikutuksia oppilaitosten asianmukaisiin toimintaedellytyksiin. Yhdistys pyrkii osaltaan pit\u00e4m\u00e4\u00e4n huolta, ett\u00e4 kuntien koulutoimea koskevissa ratkaisuissa otetaan tarkoin huomioon my\u00f6s koulujen ja oppilaitosjohdon n\u00e4k\u00f6kulma.<\/p>\n\n\n\n<h1 class=\"wp-block-heading\">KOULUTUSTOIMINTA<\/h1>\n\n\n\n<p>Yhdistyksen koulutustoiminnassa hy\u00f6dynnet\u00e4\u00e4n keskeisesti Suomen Rehtorit ry:n valtakunnallista ja alueellista koulutustarjontaa. Yhteisty\u00f6t\u00e4 edunvalvontaan liittyvien koulutusten j\u00e4rjest\u00e4misess\u00e4 tehd\u00e4\u00e4n OAJ Pohjois-Karjalan alueyhdistys ry:n kanssa. PoRe j\u00e4rjest\u00e4\u00e4 j\u00e4senist\u00f6lleen tapahtumia, joihin sis\u00e4ltyy my\u00f6s koulutuksellisesti rikastuttavia elementtej\u00e4.<\/p>\n\n\n\n<h1 class=\"wp-block-heading\">TOIMINTAVUODEN 2026 TAVOITTEITA:<\/h1>\n\n\n\n<ul class=\"wp-block-list\">\n<li>J\u00e4rjestet\u00e4\u00e4n riitt\u00e4v\u00e4sti laadukkaita alueyhdistyksen omia kausitapahtumia<\/li>\n\n\n\n<li>Yll\u00e4pidet\u00e4\u00e4n monipuolista toimintaa<\/li>\n\n\n\n<li>Hallitusty\u00f6skentely\u00e4 jatketaan vakiintuneessa muodossa vastuualueittain (puheenjohtaja, sihteeri, tiedottajat, taloudenhoitaja ja tapahtumaryhm\u00e4)<\/li>\n\n\n\n<li>Pyrit\u00e4\u00e4n saamaan uusia j\u00e4seni\u00e4 kes\u00e4tapahtumalla, johon kutsutaan oman j\u00e4senist\u00f6n lis\u00e4ksi potentiaalisia uusia j\u00e4seni\u00e4.<\/li>\n\n\n\n<li>Tehd\u00e4\u00e4n tiivist\u00e4 yhteisty\u00f6t\u00e4 OAJ:n kanssa erityisesti paikallisella tasolla<\/li>\n<\/ul>\n\n\n\n<h1 class=\"wp-block-heading\">YHDISTYKSEN KOKOUKSET JA MUU TOIMINTA<\/h1>\n\n\n\n<p>Yhdistyksen toiminnan rungon \u2013 porelaisen vuodenkierron \u2013 muodostavat s\u00e4\u00e4nt\u00f6m\u00e4\u00e4r\u00e4inen vuosikokous huhtikuussa, SURE ry:n valtakunnalliset koulutustapahtumat ja seminaarit ja yhdistyksen omat tapaamiset, joita j\u00e4rjestet\u00e4\u00e4n vuoden mittaan. Niist\u00e4 tiedotetaan j\u00e4senist\u00f6lle s\u00e4hk\u00f6isell\u00e4 j\u00e4senkirjeell\u00e4. Yhdistyksen hallitus kokoontuu s\u00e4\u00e4nn\u00f6llisesti.<\/p>\n\n\n\n<h2 class=\"wp-block-heading\"><strong><u>\u201dPorelaisen vuodenkierto\u201d 2026<\/u><\/strong><\/h2>\n\n\n\n<ul class=\"wp-block-list\">\n<li>Vuosikokous to 26.3. klo 16, paikkana ammattiopisto Luovi Joensuussa.<\/li>\n\n\n\n<li>Kes\u00e4tapahtuma kes\u00e4kuussa<\/li>\n\n\n\n<li>Pikkujoulu joulukuussa<\/li>\n<\/ul>\n\n\n\n<h1 class=\"wp-block-heading\">TIEDOTTAMINEN<\/h1>\n\n\n\n<p>Tiedottaminen yhdistyksen toiminnasta tapahtuu p\u00e4\u00e4asiassa s\u00e4hk\u00f6postitse, puheenjohtajan j\u00e4senkirjeill\u00e4 ja Facebookin kautta. Samalla tavalla v\u00e4litet\u00e4\u00e4n edelleen my\u00f6s SURE:n j\u00e4senkirjeet ja muut ajankohtaiset tiedotteet.<\/p>\n\n\n\n<h1 class=\"wp-block-heading\">KANSALLINEN TOIMINTA<\/h1>\n\n\n\n<p>Yhdistys pyrkii mahdollisuuksiensa mukaan tukemaan osallistumista valtakunnallisiin tapahtumiin ja seminaareihin. Yhdistyksen hallitus tekee tapauksittain p\u00e4\u00e4t\u00f6ksen n\u00e4iden etuisuuksien my\u00f6nt\u00e4misest\u00e4.<\/p>\n\n\n\n<p><\/p>\n","protected":false},"excerpt":{"rendered":"<p>Toimintasuunnitelma 2026 YLEIST\u00c4 Pohjois-Karjalan Rehtorit ry on Suomen Rehtorit ry:n maakunnallinen alueyhdistys. Se toimii koulun johtoteht\u00e4viss\u00e4 ty\u00f6skentelevien henkil\u00f6iden yhdyssiteen\u00e4. Yhdistyksen tarkoituksena on toimia j\u00e4sentens\u00e4 ammattitaidon kohottamiseksi, edist\u00e4\u00e4 hallinnollista ja pedagogista osaamista, valvoa j\u00e4senist\u00f6n ammatillisia ja palkkauksellisia etuja sek\u00e4 vaikuttaa koulutuspoliittisiin ratkaisuihin. Yhdistys toteuttaa tarkoitustaan j\u00e4rjest\u00e4m\u00e4ll\u00e4 kokouksia ja kursseja, tekem\u00e4ll\u00e4 koulun hallintoa ja ty\u00f6skentely\u00e4 koskevia aloitteita, &#8230; <a title=\"Toimintasuunnitelma\" class=\"read-more\" href=\"https:\/\/suomenrehtorit.fi\/pohjois-karjalan-rehtorit-ry\/pohjois-karjalan-rehtorit-ry\/toimintasuunnitelma\/\" aria-label=\"Lue lis\u00e4\u00e4 aiheesta Toimintasuunnitelma\">Lue lis\u00e4\u00e4<\/a><\/p>\n","protected":false},"author":2,"featured_media":0,"parent":19,"menu_order":0,"comment_status":"closed","ping_status":"closed","template":"","meta":{"_uag_custom_page_level_css":"","footnotes":""},"class_list":["post-26","page","type-page","status-publish"],"uagb_featured_image_src":{"full":false,"thumbnail":false,"medium":false,"medium_large":false,"large":false,"1536x1536":false,"2048x2048":false},"uagb_author_info":{"display_name":"Miira Tirkkonen","author_link":"https:\/\/suomenrehtorit.fi\/pohjois-karjalan-rehtorit-ry\/author\/miirat\/"},"uagb_comment_info":0,"uagb_excerpt":"Toimintasuunnitelma 2026 YLEIST\u00c4 Pohjois-Karjalan Rehtorit ry on Suomen Rehtorit ry:n maakunnallinen alueyhdistys. Se toimii koulun johtoteht\u00e4viss\u00e4 ty\u00f6skentelevien henkil\u00f6iden yhdyssiteen\u00e4. Yhdistyksen tarkoituksena on toimia j\u00e4sentens\u00e4 ammattitaidon kohottamiseksi, edist\u00e4\u00e4 hallinnollista ja pedagogista osaamista, valvoa j\u00e4senist\u00f6n ammatillisia ja palkkauksellisia etuja sek\u00e4 vaikuttaa koulutuspoliittisiin ratkaisuihin. Yhdistys toteuttaa tarkoitustaan j\u00e4rjest\u00e4m\u00e4ll\u00e4 kokouksia ja kursseja, tekem\u00e4ll\u00e4 koulun hallintoa ja ty\u00f6skentely\u00e4 koskevia aloitteita,&hellip;","_links":{"self":[{"href":"https:\/\/suomenrehtorit.fi\/pohjois-karjalan-rehtorit-ry\/wp-json\/wp\/v2\/pages\/26","targetHints":{"allow":["GET"]}}],"collection":[{"href":"https:\/\/suomenrehtorit.fi\/pohjois-karjalan-rehtorit-ry\/wp-json\/wp\/v2\/pages"}],"about":[{"href":"https:\/\/suomenrehtorit.fi\/pohjois-karjalan-rehtorit-ry\/wp-json\/wp\/v2\/types\/page"}],"author":[{"embeddable":true,"href":"https:\/\/suomenrehtorit.fi\/pohjois-karjalan-rehtorit-ry\/wp-json\/wp\/v2\/users\/2"}],"replies":[{"embeddable":true,"href":"https:\/\/suomenrehtorit.fi\/pohjois-karjalan-rehtorit-ry\/wp-json\/wp\/v2\/comments?post=26"}],"version-history":[{"count":5,"href":"https:\/\/suomenrehtorit.fi\/pohjois-karjalan-rehtorit-ry\/wp-json\/wp\/v2\/pages\/26\/revisions"}],"predecessor-version":[{"id":108,"href":"https:\/\/suomenrehtorit.fi\/pohjois-karjalan-rehtorit-ry\/wp-json\/wp\/v2\/pages\/26\/revisions\/108"}],"up":[{"embeddable":true,"href":"https:\/\/suomenrehtorit.fi\/pohjois-karjalan-rehtorit-ry\/wp-json\/wp\/v2\/pages\/19"}],"wp:attachment":[{"href":"https:\/\/suomenrehtorit.fi\/pohjois-karjalan-rehtorit-ry\/wp-json\/wp\/v2\/media?parent=26"}],"curies":[{"name":"wp","href":"https:\/\/api.w.org\/{rel}","templated":true}]}}