{"id":26,"date":"2023-05-25T05:26:58","date_gmt":"2023-05-25T05:26:58","guid":{"rendered":"https:\/\/suomenrehtorit.fi\/uudenmaan-rehtorit-ry\/?page_id=26"},"modified":"2023-08-15T06:27:25","modified_gmt":"2023-08-15T06:27:25","slug":"toimintasuunnitelma","status":"publish","type":"page","link":"https:\/\/suomenrehtorit.fi\/uudenmaan-rehtorit-ry\/uudenmaan-rehtorit-ry\/toimintasuunnitelma\/","title":{"rendered":"Toimintasuunnitelma"},"content":{"rendered":"\n<h2 class=\"wp-block-heading\">Toimintasuunnitelma vuodelle 2023<\/h2>\n\n\n\n<h3 class=\"wp-block-heading\">Yleist\u00e4&nbsp;<\/h3>\n\n\n\n<p>Uudenmaan Rehtorit ry:n alueyhdistys kuuluu j\u00e4senen\u00e4 Suomen Rehtorit ry \u2013 Finlands Rektorer rf:een. Suomen rehtorit ry on yleissivist\u00e4v\u00e4n koulutuksen rehtorien j\u00e4rjest\u00f6, johon kuuluu yli 1100 j\u00e4sent\u00e4. Alueellinen toiminta tapahtuu 22 aluej\u00e4rjest\u00f6n kautta. Suomen rehtorit on vuoden 2015 alusta uudistanut hallituksen toimintaperiaatteita sek\u00e4 rakennetta ja laati vuona 2015 toteutetun j\u00e4senkyselyn perusteella uuden strategian vuonna 2016. Strategian keskeiset tavoitteet ovat:&nbsp;<\/p>\n\n\n\n<ol class=\"wp-block-list\">\n<li>Edunvalvontaty\u00f6n vahva kehitt\u00e4minen\u00a0<\/li>\n\n\n\n<li>Oppilaitosjohdon ty\u00f6nkuvan selkiytt\u00e4minen, ty\u00f6m\u00e4\u00e4r\u00e4n rajaaminen, ty\u00f6hyvinvoinnin tukeminen\u00a0<\/li>\n\n\n\n<li>Koulutusten j\u00e4rjest\u00e4minen, ammatillisen osaamisen ja johtamistaidon vahvistaminen\u00a0<\/li>\n\n\n\n<li>Verkostoitumisen edist\u00e4minen\u00a0<\/li>\n\n\n\n<li>Koulutuksen ja johtamisen voimavarojen puolustaminen\u00a0<\/li>\n\n\n\n<li>Asiantuntijuuden hy\u00f6dynt\u00e4minen\u00a0<\/li>\n<\/ol>\n\n\n\n<p>Viime vuosina Suomen rehtoreiden painopisteen\u00e4 on ollut erityisesti rehtoreiden hyvinvointi. Kyseisen tavoitteen toteuttamiseksi on aloitettu yhteisty\u00f6 australialaisen Nesli organisaation kanssa. Mukana on my\u00f6s Helsingin yliopiston tutkijoita. Kev\u00e4\u00e4ll\u00e4 2019 toteutettiin osana hanketta ensimm\u00e4inen rehtoreiden hyvinvointikysely. Kysely toistettiin vuonna 2020, 2021 ja 2022. Kysely tullaan mahdollisesti toteuttamaan my\u00f6s vuonna 2023. Tavoitteena vuonna 2023 on kuitenkin toteuttaa konkreettisia toimenpiteit\u00e4 kyselyss\u00e4 havaittujen ongelmien korjaamiseksi.\u00a0<\/p>\n\n\n\n<h3 class=\"wp-block-heading\">J\u00e4rjest\u00f6poliittinen toiminta&nbsp;<\/h3>\n\n\n\n<p>Uudenmaan rehtoreiden tavoitteena on parantaa alueensa rehtorikunnan toiminta-aktiviteettia kehitt\u00e4m\u00e4ll\u00e4 tiedottamista ja yhteistoimintaa sek\u00e4 j\u00e4rjest\u00e4m\u00e4ll\u00e4 j\u00e4senist\u00f6\u00e4\u00e4n kiinnostavia tilaisuuksia. Erityisesti huomiota on tarkoitus kiinnitt\u00e4\u00e4 paikallisen toiminnan aktivoimiseen eri puolilla Uudenmaan rehtoreiden toiminta-aluetta. Uudet yhdistyksen j\u00e4senet otetaan vastaan Suomen rehtorit ry:n toimintaohjeen mukaisesti ottamalla heihin henkil\u00f6kohtaisesti yhteytt\u00e4. Lis\u00e4ksi pyrit\u00e4\u00e4n j\u00e4senm\u00e4\u00e4r\u00e4n kasvattamiseen entist\u00e4 vahvemman neuvotteluaseman saamiseksi. Vuoden 2023 aikana tavoitteena on saada aktivoitua j\u00e4senist\u00f6\u00e4 ottamaan aktiivisemmin osaa yhdistyksen j\u00e4rjest\u00e4miin tapahtumiin.\u00a0<\/p>\n\n\n\n<p>Yhdistyksen kattoj\u00e4rjest\u00f6 Suomen rehtorit ry:n hallitus koostuu rehtoreitten alueyhdistysten edustuksesta. Uudenmaan rehtorit kuuluu samaan pooliin Etel\u00e4-Karjalan rehtorit ry:n ja Kymenlaakson rehtorit ry:n kanssa. Uudenmaan rehtoreiden edustajana Pertti Tuomi kuuluu Suomen rehtorit ry:n hallitukseen toimikautena 2023 sek\u00e4 opetusalan johdon neuvottelukuntaan.<\/p>\n\n\n\n<p>P\u00e4\u00e4paino Suomen Rehtorit ry:n toiminnassa vuonna 2023 on edelleen huolehtia erityisesti rehtoreiden edunvalvonnasta sek\u00e4 parantaa rehtoreiden hyvinvointia. Suomen Rehtorit ry j\u00e4rjest\u00f6sihteeri tiedottaa alueyhdistysten puheenjohtajia j\u00e4rjest\u00f6n toiminnasta. Kattoj\u00e4rjest\u00f6 tiedottaa edelleen toiminnastaan web-sivuillaan osoitteessa www.surefire.fi ja j\u00e4senille toimitetun j\u00e4senkirjeen sek\u00e4 Rexi-lehden kautta.\u00a0<\/p>\n\n\n\n<p>Uudenmaan rehtorit ry seuraa valtakunnallisen rehtorij\u00e4rjest\u00f6n kannanottoja OAJ:n opetusalan johdon neuvottelukunnassa, rehtorin ty\u00f6nkuvaan, ty\u00f6ajan seurantaan ja rehtorin palkkaukseen liittyviss\u00e4 asioissa ja on tarvittaessa mukana ottamassa kantaa edell\u00e4 mainittuihin asioihin Suomen rehtorit j\u00e4rjest\u00f6n kautta.\u00a0<\/p>\n\n\n\n<p>Toiminnassaan yhdistys pyrkii yhteisty\u00f6h\u00f6n muiden Suomen rehtorit ry:n alueyhdistysten, OAJ:n sek\u00e4 kouluviranomaisten kanssa.&nbsp;<\/p>\n\n\n\n<h3 class=\"wp-block-heading\">Rehtorin asema&nbsp;<\/h3>\n\n\n\n<p>J\u00e4rjest\u00f6toiminnan teht\u00e4vin\u00e4 on edist\u00e4\u00e4 j\u00e4senist\u00f6ns\u00e4 ammatillista kehityst\u00e4 ja osallistua rehtorien ty\u00f6olosuhteiden sek\u00e4 palkkauksen kehitt\u00e4miseen.&nbsp;<\/p>\n\n\n\n<p>Yhdistyksen tavoitteena on rehtorin aseman turvaaminen ja selkeytt\u00e4minen mm. tekem\u00e4ll\u00e4 rehtorin toimenkuvaa ja ty\u00f6olosuhteita koskevia esityksi\u00e4 paikallisella tasolla sek\u00e4 j\u00e4rjest\u00e4m\u00e4ll\u00e4 mahdollisuuksien mukaan koulutustoimintaa ja tiedottamalla aktiivisesti asioista.\u00a0<\/p>\n\n\n\n<p>Yhdistys pit\u00e4\u00e4 t\u00e4rke\u00e4n\u00e4, ett\u00e4 kouluissa on riitt\u00e4v\u00e4 henkil\u00f6st\u00f6 opetussuunnitelman mukaisen opetuksen turvaamiseksi.\u00a0<\/p>\n\n\n\n<h3 class=\"wp-block-heading\">Virkistystoiminta&nbsp;<\/h3>\n\n\n\n<p>Koronapandemian hellitetty\u00e4 oli j\u00e4lleen tavoitteena tehd\u00e4 ulkomaille suuntautuva retki kev\u00e4\u00e4ll\u00e4 2023. Kev\u00e4\u00e4lle 2023 suunniteltu retki K\u00f6\u00f6penhaminaan jouduttiin kuitenkin peruuttamaan korkeiksi nousseiden kustannusten sek\u00e4 kiinnostuneiden osallistujien v\u00e4h\u00e4isen m\u00e4\u00e4r\u00e4n vuoksi. Kev\u00e4\u00e4lle 2024 on kuitenkin suunniteltu retki Espanjaan Barcelonan l\u00e4hialueelle.&nbsp;<\/p>\n\n\n\n<p>Vuosikokous j\u00e4rjestet\u00e4\u00e4n 31.3.2023. Kokouksen yhteydess\u00e4 j\u00e4rjestet\u00e4\u00e4n samalla yhteisty\u00f6ss\u00e4 HE-SEREn kanssa yhteinen virkistystapahtuma. Perinteinen yhteinen kes\u00e4tapaaminen j\u00e4rjestet\u00e4\u00e4n Helsingiss\u00e4 16.6.2023. Alueellinen virkistystapahtuma on suunniteltu j\u00e4rjestett\u00e4v\u00e4ksi elo-syyskuun 2023 vaihteessa Kisakallion urheiluopistolla Lohjalla. Yhdistyksen pikkujoulut j\u00e4rjestet\u00e4\u00e4n marras-joulukuussa 2023. Koulutustapahtumina osallistutaan Pro Rexi tapahtumaan 23.-24.11.2023 Helsingiss\u00e4 sek\u00e4 j\u00e4rjestet\u00e4\u00e4n kokousten yhteydess\u00e4 mahdollisuuksien mukaan tutustumisk\u00e4yntej\u00e4, koulutusta ja\/tai virkistystoimintaa. Yhteisty\u00f6t\u00e4 Helsingin rehtorit ry:n kanssa pyrit\u00e4\u00e4n lis\u00e4\u00e4m\u00e4\u00e4n.\u00a0<\/p>\n\n\n\n<p>Tilaisuudet ovat niiden toteutuessa erinomainen mahdollisuus sek\u00e4 tasokkaaseen koulutukseen ett\u00e4 virkist\u00e4v\u00e4\u00e4n yhdess\u00e4oloon rehtoreiden kesken. Toimintaa pyrit\u00e4\u00e4n toteuttamaan eri puolilla Uudenmaan rehtoreiden j\u00e4senaluetta. Menem\u00e4lle l\u00e4helle j\u00e4seni\u00e4 jo olemassa olevien j\u00e4senten aktiivisuutta osallistua yhdistyksen toimintaan pyrit\u00e4\u00e4n lis\u00e4\u00e4m\u00e4\u00e4n sek\u00e4 samalla my\u00f6s saamaan yhdistykselle uusia j\u00e4seni\u00e4.\u00a0<\/p>\n","protected":false},"excerpt":{"rendered":"<p>Toimintasuunnitelma vuodelle 2023 Yleist\u00e4&nbsp; Uudenmaan Rehtorit ry:n alueyhdistys kuuluu j\u00e4senen\u00e4 Suomen Rehtorit ry \u2013 Finlands Rektorer rf:een. Suomen rehtorit ry on yleissivist\u00e4v\u00e4n koulutuksen rehtorien j\u00e4rjest\u00f6, johon kuuluu yli 1100 j\u00e4sent\u00e4. Alueellinen toiminta tapahtuu 22 aluej\u00e4rjest\u00f6n kautta. Suomen rehtorit on vuoden 2015 alusta uudistanut hallituksen toimintaperiaatteita sek\u00e4 rakennetta ja laati vuona 2015 toteutetun j\u00e4senkyselyn perusteella uuden &#8230; <a title=\"Toimintasuunnitelma\" class=\"read-more\" href=\"https:\/\/suomenrehtorit.fi\/uudenmaan-rehtorit-ry\/uudenmaan-rehtorit-ry\/toimintasuunnitelma\/\" aria-label=\"Lue lis\u00e4\u00e4 aiheesta Toimintasuunnitelma\">Lue lis\u00e4\u00e4<\/a><\/p>\n","protected":false},"author":2,"featured_media":0,"parent":19,"menu_order":0,"comment_status":"closed","ping_status":"closed","template":"","meta":{"_uag_custom_page_level_css":"","footnotes":""},"class_list":["post-26","page","type-page","status-publish"],"uagb_featured_image_src":{"full":false,"thumbnail":false,"medium":false,"medium_large":false,"large":false,"1536x1536":false,"2048x2048":false},"uagb_author_info":{"display_name":"Miira Tirkkonen","author_link":"https:\/\/suomenrehtorit.fi\/uudenmaan-rehtorit-ry\/author\/miirat\/"},"uagb_comment_info":0,"uagb_excerpt":"Toimintasuunnitelma vuodelle 2023 Yleist\u00e4&nbsp; Uudenmaan Rehtorit ry:n alueyhdistys kuuluu j\u00e4senen\u00e4 Suomen Rehtorit ry \u2013 Finlands Rektorer rf:een. Suomen rehtorit ry on yleissivist\u00e4v\u00e4n koulutuksen rehtorien j\u00e4rjest\u00f6, johon kuuluu yli 1100 j\u00e4sent\u00e4. Alueellinen toiminta tapahtuu 22 aluej\u00e4rjest\u00f6n kautta. Suomen rehtorit on vuoden 2015 alusta uudistanut hallituksen toimintaperiaatteita sek\u00e4 rakennetta ja laati vuona 2015 toteutetun j\u00e4senkyselyn perusteella uuden&hellip;","_links":{"self":[{"href":"https:\/\/suomenrehtorit.fi\/uudenmaan-rehtorit-ry\/wp-json\/wp\/v2\/pages\/26","targetHints":{"allow":["GET"]}}],"collection":[{"href":"https:\/\/suomenrehtorit.fi\/uudenmaan-rehtorit-ry\/wp-json\/wp\/v2\/pages"}],"about":[{"href":"https:\/\/suomenrehtorit.fi\/uudenmaan-rehtorit-ry\/wp-json\/wp\/v2\/types\/page"}],"author":[{"embeddable":true,"href":"https:\/\/suomenrehtorit.fi\/uudenmaan-rehtorit-ry\/wp-json\/wp\/v2\/users\/2"}],"replies":[{"embeddable":true,"href":"https:\/\/suomenrehtorit.fi\/uudenmaan-rehtorit-ry\/wp-json\/wp\/v2\/comments?post=26"}],"version-history":[{"count":4,"href":"https:\/\/suomenrehtorit.fi\/uudenmaan-rehtorit-ry\/wp-json\/wp\/v2\/pages\/26\/revisions"}],"predecessor-version":[{"id":101,"href":"https:\/\/suomenrehtorit.fi\/uudenmaan-rehtorit-ry\/wp-json\/wp\/v2\/pages\/26\/revisions\/101"}],"up":[{"embeddable":true,"href":"https:\/\/suomenrehtorit.fi\/uudenmaan-rehtorit-ry\/wp-json\/wp\/v2\/pages\/19"}],"wp:attachment":[{"href":"https:\/\/suomenrehtorit.fi\/uudenmaan-rehtorit-ry\/wp-json\/wp\/v2\/media?parent=26"}],"curies":[{"name":"wp","href":"https:\/\/api.w.org\/{rel}","templated":true}]}}