{"id":189,"date":"2023-05-16T09:58:05","date_gmt":"2023-05-16T09:58:05","guid":{"rendered":"https:\/\/suomenrehtorit.fi\/web\/?page_id=189"},"modified":"2025-06-16T12:01:00","modified_gmt":"2025-06-16T09:01:00","slug":"jasenyys","status":"publish","type":"page","link":"https:\/\/suomenrehtorit.fi\/web\/jasenyys\/","title":{"rendered":"J\u00e4senyys"},"content":{"rendered":"\n<p>Valtaosa Suomen koulujen ja oppilaitosten rehtoreista kuuluu Suomen Rehtorit ry:hyn. Se on Suomen ainoa rehtoreiden ammatillinen edunvalvontaj\u00e4rjest\u00f6.<\/p>\n\n\n\n<p>SUREn kautta j\u00e4senet p\u00e4\u00e4sev\u00e4t halutessaan vaikuttamaan oman ammattikuntansa ty\u00f6oloihin sek\u00e4 ammatilliseen ja palkkakehitykseen.<\/p>\n\n\n\n<p>Meill\u00e4 on yli 1\u00a0200 j\u00e4sent\u00e4, ja toimimme alueellisesti ja valtakunnallisesti 23 alueyhdistyksen kautta.<\/p>\n\n\n\n<p>N\u00e4ill\u00e4 sivuilla voit liitty\u00e4 <a href=\"https:\/\/suomenrehtorit.fi\/web\/jasenyys\/liity-jaseneksi\/\" data-type=\"page\" data-id=\"193\">Suomen Rehtorit ry:n<\/a> ja sen <a href=\"https:\/\/suomenrehtorit.fi\/web\/jasenyys\/liity-jaseneksi\/\" data-type=\"page\" data-id=\"193\">alueyhdistysten<\/a> j\u00e4seneksi sek\u00e4 tutustua j\u00e4rjest\u00f6n <a href=\"https:\/\/suomenrehtorit.fi\/web\/jasenedut\/\" data-type=\"page\" data-id=\"191\">j\u00e4senetuihin<\/a> ja <a href=\"https:\/\/suomenrehtorit.fi\/web\/suomen-rehtorit-ry\/\" data-type=\"page\" data-id=\"274\">viestint\u00e4\u00e4n<\/a>.<\/p>\n","protected":false},"excerpt":{"rendered":"<p>Valtaosa Suomen koulujen ja oppilaitosten rehtoreista kuuluu Suomen Rehtorit ry:hyn. Se on Suomen ainoa rehtoreiden ammatillinen edunvalvontaj\u00e4rjest\u00f6. SUREn kautta j\u00e4senet p\u00e4\u00e4sev\u00e4t halutessaan vaikuttamaan oman ammattikuntansa ty\u00f6oloihin sek\u00e4 ammatilliseen ja palkkakehitykseen. Meill\u00e4 on yli 1\u00a0200 j\u00e4sent\u00e4, ja toimimme alueellisesti ja valtakunnallisesti 23 alueyhdistyksen kautta. N\u00e4ill\u00e4 sivuilla voit liitty\u00e4 Suomen Rehtorit ry:n ja sen alueyhdistysten j\u00e4seneksi sek\u00e4 &#8230; <a title=\"J\u00e4senyys\" class=\"read-more\" href=\"https:\/\/suomenrehtorit.fi\/web\/jasenyys\/\" aria-label=\"Lue lis\u00e4\u00e4 aiheesta J\u00e4senyys\">Lue lis\u00e4\u00e4<\/a><\/p>\n","protected":false},"author":2,"featured_media":0,"parent":0,"menu_order":0,"comment_status":"closed","ping_status":"closed","template":"","meta":{"_uag_custom_page_level_css":"","_mc_calendar":[],"footnotes":""},"class_list":["post-189","page","type-page","status-publish"],"uagb_featured_image_src":{"full":false,"thumbnail":false,"medium":false,"medium_large":false,"large":false,"magazine-cw3":false,"magazine-cw6":false,"magazine-cw9":false,"magazine-cw12":false,"magazine-thumb":false,"magazine-toc":false,"1536x1536":false,"2048x2048":false,"gform-image-choice-sm":false,"gform-image-choice-md":false,"gform-image-choice-lg":false},"uagb_author_info":{"display_name":"Miira Tirkkonen","author_link":"https:\/\/suomenrehtorit.fi\/web\/author\/miirat\/"},"uagb_comment_info":0,"uagb_excerpt":"Valtaosa Suomen koulujen ja oppilaitosten rehtoreista kuuluu Suomen Rehtorit ry:hyn. Se on Suomen ainoa rehtoreiden ammatillinen edunvalvontaj\u00e4rjest\u00f6. SUREn kautta j\u00e4senet p\u00e4\u00e4sev\u00e4t halutessaan vaikuttamaan oman ammattikuntansa ty\u00f6oloihin sek\u00e4 ammatilliseen ja palkkakehitykseen. Meill\u00e4 on yli 1\u00a0200 j\u00e4sent\u00e4, ja toimimme alueellisesti ja valtakunnallisesti 23 alueyhdistyksen kautta. N\u00e4ill\u00e4 sivuilla voit liitty\u00e4 Suomen Rehtorit ry:n ja sen alueyhdistysten j\u00e4seneksi sek\u00e4&hellip;","_links":{"self":[{"href":"https:\/\/suomenrehtorit.fi\/web\/wp-json\/wp\/v2\/pages\/189","targetHints":{"allow":["GET"]}}],"collection":[{"href":"https:\/\/suomenrehtorit.fi\/web\/wp-json\/wp\/v2\/pages"}],"about":[{"href":"https:\/\/suomenrehtorit.fi\/web\/wp-json\/wp\/v2\/types\/page"}],"author":[{"embeddable":true,"href":"https:\/\/suomenrehtorit.fi\/web\/wp-json\/wp\/v2\/users\/2"}],"replies":[{"embeddable":true,"href":"https:\/\/suomenrehtorit.fi\/web\/wp-json\/wp\/v2\/comments?post=189"}],"version-history":[{"count":4,"href":"https:\/\/suomenrehtorit.fi\/web\/wp-json\/wp\/v2\/pages\/189\/revisions"}],"predecessor-version":[{"id":4768,"href":"https:\/\/suomenrehtorit.fi\/web\/wp-json\/wp\/v2\/pages\/189\/revisions\/4768"}],"wp:attachment":[{"href":"https:\/\/suomenrehtorit.fi\/web\/wp-json\/wp\/v2\/media?parent=189"}],"curies":[{"name":"wp","href":"https:\/\/api.w.org\/{rel}","templated":true}]}}