{"id":191,"date":"2023-05-16T09:59:12","date_gmt":"2023-05-16T09:59:12","guid":{"rendered":"https:\/\/suomenrehtorit.fi\/web\/?page_id=191"},"modified":"2026-02-27T09:50:05","modified_gmt":"2026-02-27T07:50:05","slug":"jasenedut","status":"publish","type":"page","link":"https:\/\/suomenrehtorit.fi\/web\/jasenyys\/jasenedut\/","title":{"rendered":"J\u00e4senedut"},"content":{"rendered":"\n<h2 class=\"wp-block-heading\"><strong>Monta syyt\u00e4 liitty\u00e4 SUREen<\/strong><\/h2>\n\n\n<div class=\"wp-block-image\">\n<figure class=\"alignleft size-full is-resized\"><a href=\"https:\/\/www.esitteemme.fi\/Suomen_Rehtorit_ry\/WebView\/\" target=\"_blank\" rel=\" noreferrer noopener\"><img loading=\"lazy\" decoding=\"async\" width=\"400\" height=\"566\" src=\"https:\/\/suomenrehtorit.fi\/web\/wp-content\/uploads\/sites\/2\/2026\/02\/frontpage-flip-1.jpg\" alt=\"\" class=\"wp-image-5244\" style=\"width:207px;height:auto\" srcset=\"https:\/\/suomenrehtorit.fi\/web\/wp-content\/uploads\/sites\/2\/2026\/02\/frontpage-flip-1.jpg 400w, https:\/\/suomenrehtorit.fi\/web\/wp-content\/uploads\/sites\/2\/2026\/02\/frontpage-flip-1-212x300.jpg 212w, https:\/\/suomenrehtorit.fi\/web\/wp-content\/uploads\/sites\/2\/2026\/02\/frontpage-flip-1-252x357.jpg 252w\" sizes=\"auto, (max-width: 400px) 100vw, 400px\" \/><\/a><\/figure><\/div>\n\n\n<figure class=\"wp-block-image size-medium\"><a href=\"https:\/\/www.esitteemme.fi\/finlandsrektorer\/WebView \" target=\"_blank\" rel=\"noreferrer noopener\"><img loading=\"lazy\" decoding=\"async\" width=\"212\" height=\"300\" src=\"https:\/\/suomenrehtorit.fi\/web\/wp-content\/uploads\/sites\/2\/2024\/01\/Esitekuvake_ruotsi-212x300.jpg\" alt=\"\" class=\"wp-image-3935\" srcset=\"https:\/\/suomenrehtorit.fi\/web\/wp-content\/uploads\/sites\/2\/2024\/01\/Esitekuvake_ruotsi-212x300.jpg 212w, https:\/\/suomenrehtorit.fi\/web\/wp-content\/uploads\/sites\/2\/2024\/01\/Esitekuvake_ruotsi-252x357.jpg 252w, https:\/\/suomenrehtorit.fi\/web\/wp-content\/uploads\/sites\/2\/2024\/01\/Esitekuvake_ruotsi.jpg 400w\" sizes=\"auto, (max-width: 212px) 100vw, 212px\" \/><\/a><\/figure>\n\n\n\n<p class=\"has-text-align-left\"><strong>Tutustu esitteeseemme. L\u00e4s v\u00e5r broschyr.<\/strong><\/p>\n\n\n\n<p><strong>Alueellinen toiminta. <\/strong>Jokainen SUREn j\u00e4sen kuuluu johonkin alueyhdistykseen, ja alueyhdistykset j\u00e4rjest\u00e4v\u00e4t monipuolista toimintaa koulutustilaisuuksista virkistystapahtumiin.<\/p>\n\n\n\n<p><strong>Ammatillinen oikeusturva- ja vastuuvakuutus.<\/strong> Varsinaisena j\u00e4senen\u00e4 sinulle kuuluu ammatillinen oikeusturva- ja vastuuvakuutus.<a href=\"https:\/\/suomenrehtorit.fi\/web\/ammatillinen-oikeusturva-ja-vastuuvakuutus\/\" data-type=\"page\" data-id=\"3961\" target=\"_blank\" rel=\"noreferrer noopener\"> <strong>Lue lis\u00e4\u00e4.<\/strong><\/a><\/p>\n\n\n\n<p><strong>Ammatillinen tuki.<\/strong> SUREn j\u00e4senen\u00e4 kuulut kollegiaaliseen joukkoon, jossa rehtorin paras tukija on toinen rehtori.<\/p>\n\n\n\n<p><strong>Edunvalvonta.<\/strong> Vastaamme rehtoreiden ammatillisesta edunvalvonnasta ja osallistumme rehtorien ty\u00f6olojen sek\u00e4 palkkauksen kehitt\u00e4miseen.<\/p>\n\n\n\n<p><strong><a href=\"https:\/\/suomenrehtorit.fi\/web\/suomen-rehtorit-ry\/edustukset\/\" data-type=\"page\" data-id=\"56\">Edustus<\/a>.<\/strong> Tuomme j\u00e4sentemme \u00e4\u00e4nen kuuluville kaikissa ajankohtaisissa rehtoreita koskevissa hankkeissa, p\u00e4\u00e4t\u00f6ksiss\u00e4 ja suunnitelmissa.<\/p>\n\n\n\n<p><strong>Oikeudellinen asiantuntija-apu.<\/strong>&nbsp;Suomen Rehtoreiden varsinainena j\u00e4senen\u00e4 sinulla on mahdollisuus saada ensivaiheen neuvonta- ja konsultointiapua.&nbsp;<strong><a href=\"https:\/\/suomenrehtorit.fi\/web\/yhteydenotto-juridinen-asiantuntijapalvelu\/\" target=\"_blank\" rel=\"noreferrer noopener\">Yhteydenotto t\u00e4st\u00e4<\/a><a href=\"https:\/\/suomenrehtorit.fi\/web\/yhteydenotto-juridinen-asiantuntijapalvelu\/\" target=\"_blank\" rel=\"noreferrer noopener\">.<\/a><\/strong><\/p>\n\n\n\n<p><strong>Koulutukset.<\/strong> J\u00e4rjest\u00e4mme vuosittain mm. Pro Rexi -tapahtuman, alueellisia Rehtori- ja johtajuusp\u00e4ivi\u00e4, Ylioppilastutkinto-koulutuksen sek\u00e4 t\u00e4ydennyskoulutusta OPH:n rahoituksella.<\/p>\n\n\n\n<p><strong>Tutkimukset.<\/strong> Tieteellisesti tuotettu Rehtoribarometri-tutkimus antaa vuosittain jaksamisesi tueksi ajantasaista tutkimustietoa rehtorin hyvinvoinnista ja halutessasi my\u00f6s oman hyvinvointisi tunnusluvut.<\/p>\n\n\n\n<p><strong>Viestint\u00e4.<\/strong> Saat j\u00e4senkirjeemme s\u00e4\u00e4nn\u00f6llisesti kerran kuukaudessa sek\u00e4 nelj\u00e4 kertaa vuodessa kotiin ilmestyv\u00e4n rehtoreiden p\u00e4\u00e4-\u00e4\u00e4nenkannattajan, Rexi-lehden, kotiin kannettuna.<\/p>\n\n\n\n<p><strong><a href=\"https:\/\/suomenrehtorit.fi\/web\/suomen-rehtorit-ry\/kansainvalisyys\/\" data-type=\"page\" data-id=\"58\">Kansainv\u00e4lisyys<\/a>.<\/strong> Tarjoamme verkostoitumista ja mahdollisuutta kahdenkeskiseen vaihtoon OPC:n rehtorien kanssa Kanadassa. Voit hakea KV-koulutustukea ulkomailla tapahtuvaan koulutukseen.<\/p>\n\n\n\n<h4 class=\"wp-block-heading\">P\u00e4ivit\u00e4 j\u00e4sentietosi<\/h4>\n\n\n\n<p>Muistathan pit\u00e4\u00e4 j\u00e4sentietosi ajan tasalla, niin saat varmasti kaikki viestimme.  Huomaathan, ett\u00e4 emme saa automaattisesti tietoa esimerkiksi ty\u00f6nantajan vaihtumisesta, palkattomista jaksoista tai el\u00e4kkeelle siirtymisest\u00e4.<\/p>\n\n\n\n<p><a href=\"https:\/\/oma.suomenrehtorit.fi\" target=\"_blank\" rel=\"noreferrer noopener\"><strong>T\u00e4st\u00e4 p\u00e4\u00e4set tarkistamaan ja p\u00e4ivitt\u00e4m\u00e4\u00e4n j\u00e4sentietosi.<\/strong><\/a><\/p>\n\n\n\n<p><\/p>\n","protected":false},"excerpt":{"rendered":"<p>Monta syyt\u00e4 liitty\u00e4 SUREen Tutustu esitteeseemme. L\u00e4s v\u00e5r broschyr. Alueellinen toiminta. Jokainen SUREn j\u00e4sen kuuluu johonkin alueyhdistykseen, ja alueyhdistykset j\u00e4rjest\u00e4v\u00e4t monipuolista toimintaa koulutustilaisuuksista virkistystapahtumiin. Ammatillinen oikeusturva- ja vastuuvakuutus. Varsinaisena j\u00e4senen\u00e4 sinulle kuuluu ammatillinen oikeusturva- ja vastuuvakuutus. Lue lis\u00e4\u00e4. Ammatillinen tuki. SUREn j\u00e4senen\u00e4 kuulut kollegiaaliseen joukkoon, jossa rehtorin paras tukija on toinen rehtori. Edunvalvonta. Vastaamme rehtoreiden &#8230; <a title=\"J\u00e4senedut\" class=\"read-more\" href=\"https:\/\/suomenrehtorit.fi\/web\/jasenyys\/jasenedut\/\" aria-label=\"Lue lis\u00e4\u00e4 aiheesta J\u00e4senedut\">Lue lis\u00e4\u00e4<\/a><\/p>\n","protected":false},"author":2,"featured_media":0,"parent":189,"menu_order":0,"comment_status":"closed","ping_status":"closed","template":"","meta":{"_uag_custom_page_level_css":"","_mc_calendar":[],"footnotes":""},"class_list":["post-191","page","type-page","status-publish"],"uagb_featured_image_src":{"full":false,"thumbnail":false,"medium":false,"medium_large":false,"large":false,"magazine-cw3":false,"magazine-cw6":false,"magazine-cw9":false,"magazine-cw12":false,"magazine-thumb":false,"magazine-toc":false,"1536x1536":false,"2048x2048":false,"gform-image-choice-sm":false,"gform-image-choice-md":false,"gform-image-choice-lg":false},"uagb_author_info":{"display_name":"Miira Tirkkonen","author_link":"https:\/\/suomenrehtorit.fi\/web\/author\/miirat\/"},"uagb_comment_info":0,"uagb_excerpt":"Monta syyt\u00e4 liitty\u00e4 SUREen Tutustu esitteeseemme. L\u00e4s v\u00e5r broschyr. Alueellinen toiminta. Jokainen SUREn j\u00e4sen kuuluu johonkin alueyhdistykseen, ja alueyhdistykset j\u00e4rjest\u00e4v\u00e4t monipuolista toimintaa koulutustilaisuuksista virkistystapahtumiin. Ammatillinen oikeusturva- ja vastuuvakuutus. Varsinaisena j\u00e4senen\u00e4 sinulle kuuluu ammatillinen oikeusturva- ja vastuuvakuutus. Lue lis\u00e4\u00e4. Ammatillinen tuki. SUREn j\u00e4senen\u00e4 kuulut kollegiaaliseen joukkoon, jossa rehtorin paras tukija on toinen rehtori. Edunvalvonta. Vastaamme rehtoreiden&hellip;","_links":{"self":[{"href":"https:\/\/suomenrehtorit.fi\/web\/wp-json\/wp\/v2\/pages\/191","targetHints":{"allow":["GET"]}}],"collection":[{"href":"https:\/\/suomenrehtorit.fi\/web\/wp-json\/wp\/v2\/pages"}],"about":[{"href":"https:\/\/suomenrehtorit.fi\/web\/wp-json\/wp\/v2\/types\/page"}],"author":[{"embeddable":true,"href":"https:\/\/suomenrehtorit.fi\/web\/wp-json\/wp\/v2\/users\/2"}],"replies":[{"embeddable":true,"href":"https:\/\/suomenrehtorit.fi\/web\/wp-json\/wp\/v2\/comments?post=191"}],"version-history":[{"count":22,"href":"https:\/\/suomenrehtorit.fi\/web\/wp-json\/wp\/v2\/pages\/191\/revisions"}],"predecessor-version":[{"id":5245,"href":"https:\/\/suomenrehtorit.fi\/web\/wp-json\/wp\/v2\/pages\/191\/revisions\/5245"}],"up":[{"embeddable":true,"href":"https:\/\/suomenrehtorit.fi\/web\/wp-json\/wp\/v2\/pages\/189"}],"wp:attachment":[{"href":"https:\/\/suomenrehtorit.fi\/web\/wp-json\/wp\/v2\/media?parent=191"}],"curies":[{"name":"wp","href":"https:\/\/api.w.org\/{rel}","templated":true}]}}