{"id":2,"date":"2022-11-21T12:27:16","date_gmt":"2022-11-21T12:27:16","guid":{"rendered":"https:\/\/suomenrehtorit.fi\/web\/?page_id=2"},"modified":"2025-06-16T12:00:21","modified_gmt":"2025-06-16T09:00:21","slug":"sample-page","status":"publish","type":"page","link":"https:\/\/suomenrehtorit.fi\/web\/","title":{"rendered":"Etusivu"},"content":{"rendered":"\n<div class=\"wp-block-uagb-container uagb-block-6a2eaffa alignfull uagb-is-root-container\"><div class=\"uagb-container-inner-blocks-wrap\">\n<h2 class=\"wp-block-heading has-text-align-left\">Maailman parasta johtamista<\/h2>\n\n\n\n<p>Suomen Rehtorit ry on koulujen, oppilaitosten ja opetustoimien johtoteht\u00e4viss\u00e4 ty\u00f6skentelevien ammatillinen edunvalvontaj\u00e4rjest\u00f6. J\u00e4rjest\u00f6 edist\u00e4\u00e4 j\u00e4senist\u00f6ns\u00e4 ammatillista kehityst\u00e4 ja osallistuu rehtorien ty\u00f6olojen sek\u00e4 palkkauksen kehitt\u00e4miseen.<\/p>\n\n\n\n<p>Suomen Rehtorit ry on mukana asiantuntijatahona kansallisen ja kansainv\u00e4lisen koulutuspolitiikan valmistelussa ja toteuttamisessa. <strong>Meit\u00e4 on jo yli 1100 j\u00e4sent\u00e4 ja alueellinen toimintamme tapahtuu 23 j\u00e4senyhdistyksen kautta. Liity joukkoomme!<\/strong><\/p>\n\n\n\n<div class=\"wp-block-buttons is-layout-flex wp-block-buttons-is-layout-flex\">\n<div class=\"wp-block-button\"><a class=\"wp-block-button__link wp-element-button\" href=\"#yhteystiedot\">Ota meihin yhteytt\u00e4!<\/a><\/div>\n<\/div>\n<\/div><\/div>\n\n\n\n<div class=\"wp-block-uagb-container uagb-block-f0fa0c2e alignfull uagb-is-root-container\"><div class=\"uagb-container-inner-blocks-wrap\">\n<h2 class=\"wp-block-heading\">Uutiset<\/h2>\n<\/div><\/div>\n\n\n\n<div class=\"wp-block-uagb-container uagb-block-3de13d61 alignfull uagb-is-root-container\"><div class=\"uagb-container-inner-blocks-wrap\">\n\t\t\t<div class=\"wp-block-uagb-post-grid uagb-post-grid etusivun-uutiset uagb-post__image-position-top uagb-post__image-enabled uagb-block-a5fcad59     uagb-post__items uagb-post__columns-3 is-grid uagb-post__columns-tablet-2 uagb-post__columns-mobile-1 uagb-post__equal-height\" data-total=\"61\" style=\"\">\n\n\t\t\t\t\t\t\t\t\t\t\t\t<article class=\"uagb-post__inner-wrap\">\t\t\t\t\t\t\t\t<div class='uagb-post__image'>\n\t\t\t\t\t\t\t\t\t<a href=\"https:\/\/suomenrehtorit.fi\/web\/2026\/03\/05\/itk2026-ajattele-uskalla-opi\/\" target=\"_self\" rel=\"bookmark noopener noreferrer\" class='uagb-image-ratio-9-16'><img loading=\"lazy\" decoding=\"async\" width=\"600\" height=\"200\" src=\"https:\/\/suomenrehtorit.fi\/web\/wp-content\/uploads\/sites\/2\/2026\/03\/Rexi-kirje.png\" class=\"attachment-large size-large\" alt=\"\" srcset=\"https:\/\/suomenrehtorit.fi\/web\/wp-content\/uploads\/sites\/2\/2026\/03\/Rexi-kirje.png 600w, https:\/\/suomenrehtorit.fi\/web\/wp-content\/uploads\/sites\/2\/2026\/03\/Rexi-kirje-300x100.png 300w, https:\/\/suomenrehtorit.fi\/web\/wp-content\/uploads\/sites\/2\/2026\/03\/Rexi-kirje-252x84.png 252w, https:\/\/suomenrehtorit.fi\/web\/wp-content\/uploads\/sites\/2\/2026\/03\/Rexi-kirje-522x174.png 522w\" sizes=\"auto, (max-width: 600px) 100vw, 600px\" \/>\t\t\t\t\t<\/a>\n\t\t\t\t\t\t\t<\/div>\n\t\t\t<div class=\"uagb-post__text\"><span class=\"uagb-post__taxonomy highlighted\"><a href=\"https:\/\/suomenrehtorit.fi\/web\/category\/etusivun-uutinen\/\">Etusivun uutinen<\/a><\/span><span class=\"uagb-post__taxonomy highlighted\"><a href=\"https:\/\/suomenrehtorit.fi\/web\/category\/uutisarkisto\/\">Uutisarkisto<\/a><\/span><\/div>\t\t\t<h3 class=\"uagb-post__title uagb-post__text\">\n\t\t\t\t<a href=\"https:\/\/suomenrehtorit.fi\/web\/2026\/03\/05\/itk2026-ajattele-uskalla-opi\/\" target=\"_self\" rel=\"bookmark noopener noreferrer\">ITK2026 &#8211; Ajattele. Uskalla. Opi<\/a>\n\t\t\t<\/h3>\n\t\t\t\t\t\t<div class='uagb-post__text uagb-post-grid-byline'>\n\t\t\t\t\t\t\t\t<span class=\"uagb-post__author\">\n\t\t\t\t\t\t\t\t\t<a href=\"https:\/\/suomenrehtorit.fi\/web\/author\/toni-lehtinen\/\" title=\"Kirjoittanut: Admin\" rel=\"author\">Admin<\/a>\t\t\t\t<\/span>\n\t\t\t\t\t\t\t<time datetime=\"2026-03-05T14:15:55+02:00\" class=\"uagb-post__date\">\n\t\t\t\t\t\t\t\t\t5.3.2026\t\t\t\t<\/time>\n\t\t\t\t\t\t<\/div>\n\t\t\t\t\t\t\t<div class='uagb-post__text uagb-post__excerpt'>\n\t\t\t\t\t<p>Suomen Rehtorit ry oli nyt ensimm\u00e4ist\u00e4 kertaa mukana suunnittelemassa ITK-p\u00e4ivi\u00e4 ja saimmekin yhteisty\u00f6ss\u00e4 muun ohjausryhm\u00e4n kanssa kasaan hienon ohjelman rehtoreille.<\/p>\n\t\t\t\t<\/div>\n\t\t\t\n\t\t\t\t\t\t\t\t\t<\/article>\n\t\t\t\t\t\t\t\t\t\t\t\t\t\t\t\t<article class=\"uagb-post__inner-wrap\">\t\t\t\t\t\t\t\t<div class='uagb-post__image'>\n\t\t\t\t\t\t\t\t\t<a href=\"https:\/\/suomenrehtorit.fi\/web\/2026\/02\/26\/perinteista-vai-wassua\/\" target=\"_self\" rel=\"bookmark noopener noreferrer\" class='uagb-image-ratio-9-16'><img loading=\"lazy\" decoding=\"async\" width=\"651\" height=\"869\" src=\"https:\/\/suomenrehtorit.fi\/web\/wp-content\/uploads\/sites\/2\/2026\/02\/Kuva-250226.jpg\" class=\"attachment-large size-large\" alt=\"\" srcset=\"https:\/\/suomenrehtorit.fi\/web\/wp-content\/uploads\/sites\/2\/2026\/02\/Kuva-250226.jpg 651w, https:\/\/suomenrehtorit.fi\/web\/wp-content\/uploads\/sites\/2\/2026\/02\/Kuva-250226-225x300.jpg 225w, https:\/\/suomenrehtorit.fi\/web\/wp-content\/uploads\/sites\/2\/2026\/02\/Kuva-250226-252x336.jpg 252w, https:\/\/suomenrehtorit.fi\/web\/wp-content\/uploads\/sites\/2\/2026\/02\/Kuva-250226-522x697.jpg 522w\" sizes=\"auto, (max-width: 651px) 100vw, 651px\" \/>\t\t\t\t\t<\/a>\n\t\t\t\t\t\t\t<\/div>\n\t\t\t<div class=\"uagb-post__text\"><span class=\"uagb-post__taxonomy highlighted\"><a href=\"https:\/\/suomenrehtorit.fi\/web\/category\/blogi\/\">Blogi<\/a><\/span><span class=\"uagb-post__taxonomy highlighted\"><a href=\"https:\/\/suomenrehtorit.fi\/web\/category\/etusivun-uutinen\/\">Etusivun uutinen<\/a><\/span><span class=\"uagb-post__taxonomy highlighted\"><a href=\"https:\/\/suomenrehtorit.fi\/web\/category\/satunnainen-rehtori\/\">Satunnainen rehtori<\/a><\/span><\/div>\t\t\t<h3 class=\"uagb-post__title uagb-post__text\">\n\t\t\t\t<a href=\"https:\/\/suomenrehtorit.fi\/web\/2026\/02\/26\/perinteista-vai-wassua\/\" target=\"_self\" rel=\"bookmark noopener noreferrer\">Perinteist\u00e4 vai wassua?<\/a>\n\t\t\t<\/h3>\n\t\t\t\t\t\t<div class='uagb-post__text uagb-post-grid-byline'>\n\t\t\t\t\t\t\t\t<span class=\"uagb-post__author\">\n\t\t\t\t\t\t\t\t\t<a href=\"https:\/\/suomenrehtorit.fi\/web\/author\/toni-lehtinen\/\" title=\"Kirjoittanut: Admin\" rel=\"author\">Admin<\/a>\t\t\t\t<\/span>\n\t\t\t\t\t\t\t<time datetime=\"2026-02-26T08:50:46+02:00\" class=\"uagb-post__date\">\n\t\t\t\t\t\t\t\t\t26.2.2026\t\t\t\t<\/time>\n\t\t\t\t\t\t<\/div>\n\t\t\t\t\t\t\t<div class='uagb-post__text uagb-post__excerpt'>\n\t\t\t\t\t<p>Viikonlopun hiihtolenkill\u00e4 matka ei edennyt viime talven tapaan normaalilla vauhdilla. Alkuvuodesta sairastettu flunssa oli est\u00e4nyt hyv\u00e4n treenaamisen ja liikuntasuoritukset olivat j\u00e4\u00e4neet melko v\u00e4h\u00e4isiksi. Kesken yl\u00e4m\u00e4en kuokkapuhkumisen talvilinnun kime\u00e4 viserrys pys\u00e4ytti&#8230;\t\t\t\t<\/div>\n\t\t\t\n\t\t\t\t\t\t\t\t\t<\/article>\n\t\t\t\t\t\t\t\t\t\t\t\t\t\t\t\t<article class=\"uagb-post__inner-wrap\">\t\t\t\t\t\t\t\t<div class='uagb-post__image'>\n\t\t\t\t\t\t\t\t\t<a href=\"https:\/\/suomenrehtorit.fi\/web\/2026\/02\/05\/5139\/\" target=\"_self\" rel=\"bookmark noopener noreferrer\" class='uagb-image-ratio-9-16'><img loading=\"lazy\" decoding=\"async\" width=\"1024\" height=\"281\" src=\"https:\/\/suomenrehtorit.fi\/web\/wp-content\/uploads\/sites\/2\/2026\/02\/Kansi-HeadLight-BANNERI-1024x281.jpg\" class=\"attachment-large size-large\" alt=\"\" srcset=\"https:\/\/suomenrehtorit.fi\/web\/wp-content\/uploads\/sites\/2\/2026\/02\/Kansi-HeadLight-BANNERI-1024x281.jpg 1024w, https:\/\/suomenrehtorit.fi\/web\/wp-content\/uploads\/sites\/2\/2026\/02\/Kansi-HeadLight-BANNERI-300x82.jpg 300w, https:\/\/suomenrehtorit.fi\/web\/wp-content\/uploads\/sites\/2\/2026\/02\/Kansi-HeadLight-BANNERI-768x211.jpg 768w, https:\/\/suomenrehtorit.fi\/web\/wp-content\/uploads\/sites\/2\/2026\/02\/Kansi-HeadLight-BANNERI-252x69.jpg 252w, https:\/\/suomenrehtorit.fi\/web\/wp-content\/uploads\/sites\/2\/2026\/02\/Kansi-HeadLight-BANNERI-522x143.jpg 522w, https:\/\/suomenrehtorit.fi\/web\/wp-content\/uploads\/sites\/2\/2026\/02\/Kansi-HeadLight-BANNERI-792x217.jpg 792w, https:\/\/suomenrehtorit.fi\/web\/wp-content\/uploads\/sites\/2\/2026\/02\/Kansi-HeadLight-BANNERI-1062x292.jpg 1062w, https:\/\/suomenrehtorit.fi\/web\/wp-content\/uploads\/sites\/2\/2026\/02\/Kansi-HeadLight-BANNERI-1536x422.jpg 1536w, https:\/\/suomenrehtorit.fi\/web\/wp-content\/uploads\/sites\/2\/2026\/02\/Kansi-HeadLight-BANNERI-2048x562.jpg 2048w\" sizes=\"auto, (max-width: 1024px) 100vw, 1024px\" \/>\t\t\t\t\t<\/a>\n\t\t\t\t\t\t\t<\/div>\n\t\t\t<div class=\"uagb-post__text\"><span class=\"uagb-post__taxonomy highlighted\"><a href=\"https:\/\/suomenrehtorit.fi\/web\/category\/etusivun-uutinen\/\">Etusivun uutinen<\/a><\/span><span class=\"uagb-post__taxonomy highlighted\"><a href=\"https:\/\/suomenrehtorit.fi\/web\/category\/uutisarkisto\/\">Uutisarkisto<\/a><\/span><\/div>\t\t\t<h3 class=\"uagb-post__title uagb-post__text\">\n\t\t\t\t<a href=\"https:\/\/suomenrehtorit.fi\/web\/2026\/02\/05\/5139\/\" target=\"_self\" rel=\"bookmark noopener noreferrer\">ESHAn HeadLight -julkaisun uusin numero<\/a>\n\t\t\t<\/h3>\n\t\t\t\t\t\t<div class='uagb-post__text uagb-post-grid-byline'>\n\t\t\t\t\t\t\t\t<span class=\"uagb-post__author\">\n\t\t\t\t\t\t\t\t\t<a href=\"https:\/\/suomenrehtorit.fi\/web\/author\/toni-lehtinen\/\" title=\"Kirjoittanut: Admin\" rel=\"author\">Admin<\/a>\t\t\t\t<\/span>\n\t\t\t\t\t\t\t<time datetime=\"2026-02-05T13:41:40+02:00\" class=\"uagb-post__date\">\n\t\t\t\t\t\t\t\t\t5.2.2026\t\t\t\t<\/time>\n\t\t\t\t\t\t<\/div>\n\t\t\t\t\t\t\t<div class='uagb-post__text uagb-post__excerpt'>\n\t\t\t\t\t<p>ESHA-HeadLight-February-2026Lataa https:\/\/suomenrehtorit.fi\/web\/wp-content\/uploads\/sites\/2\/2026\/02\/ESHA-HeadLight-February-2026.pdf<\/p>\n\t\t\t\t<\/div>\n\t\t\t\n\t\t\t\t\t\t\t\t\t<\/article>\n\t\t\t\t\t\t\t\t\t\t\t\t\t<div class=\"uagb-post-pagination-wrap\">\n\t\t\t\t\t\t<span aria-current=\"page\" class=\"page-numbers current\">1<\/span>\n<a class=\"page-numbers\" href=\"https:\/\/suomenrehtorit.fi\/web\/wp-json\/wp\/v2\/pages\/2\/page\/2\/\">2<\/a>\n<a class=\"page-numbers\" href=\"https:\/\/suomenrehtorit.fi\/web\/wp-json\/wp\/v2\/pages\/2\/page\/3\/\">3<\/a>\n<a class=\"page-numbers\" href=\"https:\/\/suomenrehtorit.fi\/web\/wp-json\/wp\/v2\/pages\/2\/page\/4\/\">4<\/a>\n<a class=\"page-numbers\" href=\"https:\/\/suomenrehtorit.fi\/web\/wp-json\/wp\/v2\/pages\/2\/page\/5\/\">5<\/a>\n<a class=\"page-numbers\" href=\"https:\/\/suomenrehtorit.fi\/web\/wp-json\/wp\/v2\/pages\/2\/page\/6\/\">6<\/a>\n<a class=\"page-numbers\" href=\"https:\/\/suomenrehtorit.fi\/web\/wp-json\/wp\/v2\/pages\/2\/page\/7\/\">7<\/a>\n<a class=\"page-numbers\" href=\"https:\/\/suomenrehtorit.fi\/web\/wp-json\/wp\/v2\/pages\/2\/page\/8\/\">8<\/a>\n<a class=\"next page-numbers\" href=\"https:\/\/suomenrehtorit.fi\/web\/wp-json\/wp\/v2\/pages\/2\/page\/2\/\">Vanhemmat uutiset \u00bb<\/a>\t\t\t\t\t<\/div>\n\t\t\t\t\t\t\t\t<\/div>\n\t\t\t<\/div><\/div>\n\n\n\n<div class=\"wp-block-uagb-container uagb-block-4f3ba4f8 alignfull uagb-is-root-container\"><div class=\"uagb-container-inner-blocks-wrap\">\n<div class=\"wp-block-uagb-container uagb-block-b4740c15\">\n<h2 class=\"wp-block-heading\">Tulevat tapahtumat<\/h2>\n\n\n\n<div class='mc-event-list-container'><ul id='upcoming-events-34a01906bd4c8ce78a867dc4552dc8e5' class='mc-event-list upcoming-events list-events'>\n<li class=\"mc-mc_upcoming_39 upcoming-event mc_alueellinen-rehtoritapahtuma mc_xamk-mikkelin-kampus-a-rakennus future-event mc_primary_alueellinen-rehtoritapahtuma nonrecurring mc-1-paiva mc-start-08-00 ungrouped mc-event-26 mc-events multidate mc_rel_alueellinenrehtoritapahtuma mc_rel_koulutus\"><div class=\"paivamaara-wrapper\"><span class=\"paivamaara\">\r\n\t<span class='mc_db'>1.9.2026<\/span> <span>&ndash;<\/span> <span class='mc_de'>2.9.2026<\/span>\r\n<\/span><\/div>\r\n<div class=\"tapahtumatiedot-wrapper\">\r\n\t<div class=\"tapahtuman-nimi\">\r\n\t\t<a href='https:\/\/suomenrehtorit.fi\/web\/mc-events\/itaisen-suomen-rehtori-ja-johtajuuspaivat-1-2-9-2026-mikkeli\/' ><span class='mc-icon' aria-hidden='true'><\/span>It\u00e4isen Suomen Rehtori- ja johtajuusp\u00e4iv\u00e4t 1.-2.9.2026, Mikkeli<\/a>\r\n\t<\/div>\r\n\t<div class=\"tapahtuman-metatiedot\">\r\n\t\t<p class=\"meta-paivamaara\"><span class='mc_db'>1.9.2026<\/span> <span>&ndash;<\/span> <span class='mc_de'>2.9.2026<\/span><\/p><p class=\"meta-aika\"><span class='mc_tb'>08:00<\/span> <span>&ndash;<\/span> <span class='mc_te'>15:00<\/span><\/p><p class=\"meta-sijainti\">XAMK, Mikkelin Kampus, A-rakennus<\/p><p class=\"tapahtuman-kategoria\">Alueellinen rehtoritapahtuma<\/p>\r\n\t<\/div>\r\n\t<div class=\"tapahtuman-kuvaus\">\r\n\t\tHuom! Ajankohta aikaistunut p\u00e4iv\u00e4ll\u00e4. &nbsp; https:\/\/suomenrehtorit.fi\/web\/koulutukset\/alueelliset-rehtoripaivat\/\r\n\t<\/div>\r\n<\/div><\/li>\n\n<li class=\"mc-mc_upcoming_41 upcoming-event mc_alueellinen-rehtoritapahtuma mc_komediateatterin-palatsi-tampere future-event mc_primary_alueellinen-rehtoritapahtuma nonrecurring mc-1-paiva mc-start-08-00 ungrouped mc-event-27 mc-events multidate mc_rel_alueellinenrehtoritapahtuma mc_rel_koulutus\"><div class=\"paivamaara-wrapper\"><span class=\"paivamaara\">\r\n\t<span class='mc_db'>30.9.2026<\/span> <span>&ndash;<\/span> <span class='mc_de'>1.10.2026<\/span>\r\n<\/span><\/div>\r\n<div class=\"tapahtumatiedot-wrapper\">\r\n\t<div class=\"tapahtuman-nimi\">\r\n\t\t<a href='https:\/\/suomenrehtorit.fi\/web\/mc-events\/lantisen-suomen-rehtori-ja-johtajuuspaivat-30-9-1-10-2026-tampere\/' ><span class='mc-icon' aria-hidden='true'><\/span>L\u00e4ntisen Suomen Rehtori- ja johtajuusp\u00e4iv\u00e4t 30.9.-1.10.2026, Tampere<\/a>\r\n\t<\/div>\r\n\t<div class=\"tapahtuman-metatiedot\">\r\n\t\t<p class=\"meta-paivamaara\"><span class='mc_db'>30.9.2026<\/span> <span>&ndash;<\/span> <span class='mc_de'>1.10.2026<\/span><\/p><p class=\"meta-aika\"><span class='mc_tb'>08:00<\/span> <span>&ndash;<\/span> <span class='mc_te'>15:00<\/span><\/p><p class=\"meta-sijainti\">Komediateatterin Palatsi, Tampere<\/p><p class=\"tapahtuman-kategoria\">Alueellinen rehtoritapahtuma<\/p>\r\n\t<\/div>\r\n\t<div class=\"tapahtuman-kuvaus\">\r\n\t\thttps:\/\/suomenrehtorit.fi\/web\/koulutukset\/alueelliset-rehtoripaivat\/\r\n\t<\/div>\r\n<\/div><\/li>\n\n<li class=\"mc-mc_upcoming_36 upcoming-event mc_alueellinen-rehtoritapahtuma mc_naantalin-kylpyl future-event mc_primary_alueellinen-rehtoritapahtuma nonrecurring mc-1-paiva mc-start-08-00 ungrouped mc-event-28 mc-events multidate mc_rel_alueellinenrehtoritapahtuma mc_rel_koulutus\"><div class=\"paivamaara-wrapper\"><span class=\"paivamaara\">\r\n\t<span class='mc_db'>7.10.2026<\/span> <span>&ndash;<\/span> <span class='mc_de'>8.10.2026<\/span>\r\n<\/span><\/div>\r\n<div class=\"tapahtumatiedot-wrapper\">\r\n\t<div class=\"tapahtuman-nimi\">\r\n\t\t<a href='https:\/\/suomenrehtorit.fi\/web\/mc-events\/lounaisen-suomen-rehtori-ja-johtajuuspaivat-7-8-10-2026-naantalin-kylpyla\/' ><span class='mc-icon' aria-hidden='true'><\/span>Lounaisen Suomen Rehtori- ja johtajuusp\u00e4iv\u00e4t, 7.-8.10.2026, Naantalin kylpyl\u00e4<\/a>\r\n\t<\/div>\r\n\t<div class=\"tapahtuman-metatiedot\">\r\n\t\t<p class=\"meta-paivamaara\"><span class='mc_db'>7.10.2026<\/span> <span>&ndash;<\/span> <span class='mc_de'>8.10.2026<\/span><\/p><p class=\"meta-aika\"><span class='mc_tb'>08:00<\/span> <span>&ndash;<\/span> <span class='mc_te'>15:00<\/span><\/p><p class=\"meta-sijainti\">Naantalin kylpyl\u00e4<\/p><p class=\"tapahtuman-kategoria\">Alueellinen rehtoritapahtuma<\/p>\r\n\t<\/div>\r\n\t<div class=\"tapahtuman-kuvaus\">\r\n\t\thttps:\/\/suomenrehtorit.fi\/web\/koulutukset\/alueelliset-rehtoripaivat\/\r\n\t<\/div>\r\n<\/div><\/li>\n<\/ul><\/div>\n\n\n\n<div class=\"wp-block-buttons is-content-justification-center is-layout-flex wp-container-core-buttons-is-layout-16018d1d wp-block-buttons-is-layout-flex\">\n<div class=\"wp-block-button\"><a class=\"wp-block-button__link has-text-align-center wp-element-button\" href=\"https:\/\/suomenrehtorit.fi\/web\/ajankohtaista\/tapahtumakalenteri\/\">Katso kaikki tapahtumat<\/a><\/div>\n<\/div>\n<\/div>\n\n\n\n<div class=\"wp-block-uagb-container uagb-block-bf878beb\">\n<h2 class=\"wp-block-heading\">Koulutukset<\/h2>\n\n\n\n\t\t\t<div class=\"wp-block-uagb-post-grid uagb-post-grid koulutukset uagb-post__image-position-top uagb-post__image-disabled uagb-block-9271c3b5     uagb-post__items uagb-post__columns-1 is-grid uagb-post__columns-tablet-1 uagb-post__columns-mobile-1 uagb-post__equal-height\" data-total=\"1\" style=\"\">\n\n\t\t\t\t\t\t\t\t\t\t\t\t<article class=\"uagb-post__inner-wrap\">\t\t\t\t\t\t\t\t<h3 class=\"uagb-post__title uagb-post__text\">\n\t\t\t\t<a href=\"https:\/\/suomenrehtorit.fi\/web\/koulutukset\/pro-rexi-2026\/\" target=\"_self\" rel=\"bookmark noopener noreferrer\">Pro Rexi 2026<\/a>\n\t\t\t<\/h3>\n\t\t\t<div class=\"koulutukset-meta-koulutuksen-alkamispaivamaara\">27.-29.11.2024<\/div><div class=\"koulutukset-meta-koulutuksen-kesto\">Kesto 3 p\u00e4iv\u00e4\u00e4<\/div>\t\t\t<div class='uagb-post__text uagb-post-grid-byline'>\n\t\t\t\t\t\t\t<\/div>\n\t\t\t\t\t\t\t<div class='uagb-post__text uagb-post__excerpt'>\n\t\t\t\t\tKoulutusalan johtava kohtaamis- ja kehitt\u00e4misfoorumi, joka j\u00e4rjestet\u00e4\u00e4n t\u00e4n\u00e4 vuonna jo 19. kerran. Tapahtuma on suunnattu&#8230;\t\t\t\t<\/div>\n\t\t\t\n\t\t\t\t\t\t\t\t\t<\/article>\n\t\t\t\t\t\t\t\t\t\t\t\t\t\t\t\t<article class=\"uagb-post__inner-wrap\">\t\t\t\t\t\t\t\t<h3 class=\"uagb-post__title uagb-post__text\">\n\t\t\t\t<a href=\"https:\/\/suomenrehtorit.fi\/web\/koulutukset\/yo-koulutus\/\" target=\"_self\" rel=\"bookmark noopener noreferrer\">Yo-koulutus<\/a>\n\t\t\t<\/h3>\n\t\t\t\t\t\t<div class='uagb-post__text uagb-post-grid-byline'>\n\t\t\t\t\t\t\t<\/div>\n\t\t\t\t\t\t\t<div class='uagb-post__text uagb-post__excerpt'>\n\t\t\t\t\t<p>Ajankohtaista lukiokoulutuksessa ja yo-tutkinnossa Suomen Rehtorit ry. ja Ylioppilastutkintolautakunta ovat yhteisty\u00f6ss\u00e4 j\u00e4rjest\u00e4neet tutkinnon toimeenpanoon liittyv\u00e4\u00e4&#8230;\t\t\t\t<\/div>\n\t\t\t\n\t\t\t\t\t\t\t\t\t<\/article>\n\t\t\t\t\t\t\t\t\t\t\t\t\t\t\t\t<article class=\"uagb-post__inner-wrap\">\t\t\t\t\t\t\t\t<h3 class=\"uagb-post__title uagb-post__text\">\n\t\t\t\t<a href=\"https:\/\/suomenrehtorit.fi\/web\/koulutukset\/alueelliset-rehtoripaivat\/\" target=\"_self\" rel=\"bookmark noopener noreferrer\">Alueelliset Rehtori- ja johtajuusp\u00e4iv\u00e4t<\/a>\n\t\t\t<\/h3>\n\t\t\t\t\t\t<div class='uagb-post__text uagb-post-grid-byline'>\n\t\t\t\t\t\t\t<\/div>\n\t\t\t\t\t\t\t<div class='uagb-post__text uagb-post__excerpt'>\n\t\t\t\t\tSuomen Rehtorit ry yhdess\u00e4 alueyhdistystens\u00e4 ja yhteisty\u00f6kumppaniensa kanssa j\u00e4rjest\u00e4v\u00e4t alueellisia rehtorip\u00e4ivi\u00e4.\t\t\t\t<\/div>\n\t\t\t\n\t\t\t\t\t\t\t\t\t<\/article>\n\t\t\t\t\t\t\t\t\t\t\t<\/div>\n\t\t\t<\/div>\n<\/div><\/div>\n\n\n\n<div class=\"wp-block-uagb-container uagb-block-444faf02 alignfull uagb-is-root-container\"><div class=\"uagb-container-inner-blocks-wrap\">\n<h2 class=\"wp-block-heading\">Suomen Rehtorit Twitter<\/h2>\n\n\n\n<figure class=\"wp-block-embed is-type-rich is-provider-twitter wp-block-embed-twitter\"><div class=\"wp-block-embed__wrapper\">\n<a class=\"twitter-timeline\" data-width=\"1200\" data-height=\"1000\" data-dnt=\"true\" href=\"https:\/\/twitter.com\/SuomenRehtorit?ref_src=twsrc%5Etfw\">Tweets by SuomenRehtorit<\/a><script async src=\"https:\/\/platform.twitter.com\/widgets.js\" charset=\"utf-8\"><\/script>\n<\/div><\/figure>\n<\/div><\/div>\n","protected":false},"excerpt":{"rendered":"<p>Maailman parasta johtamista Suomen Rehtorit ry on koulujen, oppilaitosten ja opetustoimien johtoteht\u00e4viss\u00e4 ty\u00f6skentelevien ammatillinen edunvalvontaj\u00e4rjest\u00f6. J\u00e4rjest\u00f6 edist\u00e4\u00e4 j\u00e4senist\u00f6ns\u00e4 ammatillista kehityst\u00e4 ja osallistuu rehtorien ty\u00f6olojen sek\u00e4 palkkauksen kehitt\u00e4miseen. Suomen Rehtorit ry on mukana asiantuntijatahona kansallisen ja kansainv\u00e4lisen koulutuspolitiikan valmistelussa ja toteuttamisessa. Meit\u00e4 on jo yli 1100 j\u00e4sent\u00e4 ja alueellinen toimintamme tapahtuu 23 j\u00e4senyhdistyksen kautta. Liity joukkoomme! &#8230; <a title=\"Etusivu\" class=\"read-more\" href=\"https:\/\/suomenrehtorit.fi\/web\/\" aria-label=\"Lue lis\u00e4\u00e4 aiheesta Etusivu\">Lue lis\u00e4\u00e4<\/a><\/p>\n","protected":false},"author":2,"featured_media":0,"parent":0,"menu_order":0,"comment_status":"closed","ping_status":"open","template":"","meta":{"_uag_custom_page_level_css":"","_mc_calendar":[],"footnotes":""},"class_list":["post-2","page","type-page","status-publish"],"uagb_featured_image_src":{"full":false,"thumbnail":false,"medium":false,"medium_large":false,"large":false,"magazine-cw3":false,"magazine-cw6":false,"magazine-cw9":false,"magazine-cw12":false,"magazine-thumb":false,"magazine-toc":false,"1536x1536":false,"2048x2048":false,"gform-image-choice-sm":false,"gform-image-choice-md":false,"gform-image-choice-lg":false},"uagb_author_info":{"display_name":"Miira Tirkkonen","author_link":"https:\/\/suomenrehtorit.fi\/web\/author\/miirat\/"},"uagb_comment_info":0,"uagb_excerpt":"Maailman parasta johtamista Suomen Rehtorit ry on koulujen, oppilaitosten ja opetustoimien johtoteht\u00e4viss\u00e4 ty\u00f6skentelevien ammatillinen edunvalvontaj\u00e4rjest\u00f6. J\u00e4rjest\u00f6 edist\u00e4\u00e4 j\u00e4senist\u00f6ns\u00e4 ammatillista kehityst\u00e4 ja osallistuu rehtorien ty\u00f6olojen sek\u00e4 palkkauksen kehitt\u00e4miseen. Suomen Rehtorit ry on mukana asiantuntijatahona kansallisen ja kansainv\u00e4lisen koulutuspolitiikan valmistelussa ja toteuttamisessa. Meit\u00e4 on jo yli 1100 j\u00e4sent\u00e4 ja alueellinen toimintamme tapahtuu 23 j\u00e4senyhdistyksen kautta. Liity joukkoomme!&hellip;","_links":{"self":[{"href":"https:\/\/suomenrehtorit.fi\/web\/wp-json\/wp\/v2\/pages\/2","targetHints":{"allow":["GET"]}}],"collection":[{"href":"https:\/\/suomenrehtorit.fi\/web\/wp-json\/wp\/v2\/pages"}],"about":[{"href":"https:\/\/suomenrehtorit.fi\/web\/wp-json\/wp\/v2\/types\/page"}],"author":[{"embeddable":true,"href":"https:\/\/suomenrehtorit.fi\/web\/wp-json\/wp\/v2\/users\/2"}],"replies":[{"embeddable":true,"href":"https:\/\/suomenrehtorit.fi\/web\/wp-json\/wp\/v2\/comments?post=2"}],"version-history":[{"count":143,"href":"https:\/\/suomenrehtorit.fi\/web\/wp-json\/wp\/v2\/pages\/2\/revisions"}],"predecessor-version":[{"id":4767,"href":"https:\/\/suomenrehtorit.fi\/web\/wp-json\/wp\/v2\/pages\/2\/revisions\/4767"}],"wp:attachment":[{"href":"https:\/\/suomenrehtorit.fi\/web\/wp-json\/wp\/v2\/media?parent=2"}],"curies":[{"name":"wp","href":"https:\/\/api.w.org\/{rel}","templated":true}]}}