{"id":242,"date":"2023-05-17T09:31:42","date_gmt":"2023-05-17T09:31:42","guid":{"rendered":"https:\/\/suomenrehtorit.fi\/web\/?page_id=242"},"modified":"2023-06-06T06:30:17","modified_gmt":"2023-06-06T06:30:17","slug":"ajankohtaista","status":"publish","type":"page","link":"https:\/\/suomenrehtorit.fi\/web\/ajankohtaista\/","title":{"rendered":"Ajankohtaista"},"content":{"rendered":"\n<p>Tervetuloa lukemaan ajankohtaissis\u00e4lt\u00f6j\u00e4mme! L\u00f6yd\u00e4t t\u00e4st\u00e4 osiosta uusimmat <a href=\"https:\/\/suomenrehtorit.fi\/web\/uutiset\/\" data-type=\"page\" data-id=\"244\">uutisemme<\/a> ja <a href=\"https:\/\/suomenrehtorit.fi\/web\/tiedotteet\/\" data-type=\"page\" data-id=\"246\">tiedotteemme<\/a> sek\u00e4 <a href=\"https:\/\/suomenrehtorit.fi\/web\/lausunnot\/\" data-type=\"page\" data-id=\"248\">lausunnot<\/a> ja <a href=\"https:\/\/suomenrehtorit.fi\/web\/blogit\/\" data-type=\"page\" data-id=\"250\">blogit<\/a>.&nbsp;<a href=\"https:\/\/suomenrehtorit.fi\/web\/tapahtumakalenteri\/\" data-type=\"page\" data-id=\"252\">Tapahtumakalenteristamme<\/a> voit seurata, mit\u00e4 kiinnostavia tapahtumia on tulossa.<\/p>\n","protected":false},"excerpt":{"rendered":"<p>Tervetuloa lukemaan ajankohtaissis\u00e4lt\u00f6j\u00e4mme! L\u00f6yd\u00e4t t\u00e4st\u00e4 osiosta uusimmat uutisemme ja tiedotteemme sek\u00e4 lausunnot ja blogit.&nbsp;Tapahtumakalenteristamme voit seurata, mit\u00e4 kiinnostavia tapahtumia on tulossa.<\/p>\n","protected":false},"author":2,"featured_media":0,"parent":0,"menu_order":0,"comment_status":"closed","ping_status":"closed","template":"","meta":{"_uag_custom_page_level_css":"","_mc_calendar":[],"footnotes":""},"class_list":["post-242","page","type-page","status-publish"],"uagb_featured_image_src":{"full":false,"thumbnail":false,"medium":false,"medium_large":false,"large":false,"magazine-cw3":false,"magazine-cw6":false,"magazine-cw9":false,"magazine-cw12":false,"magazine-thumb":false,"magazine-toc":false,"1536x1536":false,"2048x2048":false,"gform-image-choice-sm":false,"gform-image-choice-md":false,"gform-image-choice-lg":false},"uagb_author_info":{"display_name":"Miira Tirkkonen","author_link":"https:\/\/suomenrehtorit.fi\/web\/author\/miirat\/"},"uagb_comment_info":0,"uagb_excerpt":"Tervetuloa lukemaan ajankohtaissis\u00e4lt\u00f6j\u00e4mme! L\u00f6yd\u00e4t t\u00e4st\u00e4 osiosta uusimmat uutisemme ja tiedotteemme sek\u00e4 lausunnot ja blogit.&nbsp;Tapahtumakalenteristamme voit seurata, mit\u00e4 kiinnostavia tapahtumia on tulossa.","_links":{"self":[{"href":"https:\/\/suomenrehtorit.fi\/web\/wp-json\/wp\/v2\/pages\/242","targetHints":{"allow":["GET"]}}],"collection":[{"href":"https:\/\/suomenrehtorit.fi\/web\/wp-json\/wp\/v2\/pages"}],"about":[{"href":"https:\/\/suomenrehtorit.fi\/web\/wp-json\/wp\/v2\/types\/page"}],"author":[{"embeddable":true,"href":"https:\/\/suomenrehtorit.fi\/web\/wp-json\/wp\/v2\/users\/2"}],"replies":[{"embeddable":true,"href":"https:\/\/suomenrehtorit.fi\/web\/wp-json\/wp\/v2\/comments?post=242"}],"version-history":[{"count":4,"href":"https:\/\/suomenrehtorit.fi\/web\/wp-json\/wp\/v2\/pages\/242\/revisions"}],"predecessor-version":[{"id":545,"href":"https:\/\/suomenrehtorit.fi\/web\/wp-json\/wp\/v2\/pages\/242\/revisions\/545"}],"wp:attachment":[{"href":"https:\/\/suomenrehtorit.fi\/web\/wp-json\/wp\/v2\/media?parent=242"}],"curies":[{"name":"wp","href":"https:\/\/api.w.org\/{rel}","templated":true}]}}