{"id":244,"date":"2023-05-17T09:31:57","date_gmt":"2023-05-17T09:31:57","guid":{"rendered":"https:\/\/suomenrehtorit.fi\/web\/?page_id=244"},"modified":"2023-08-07T06:59:55","modified_gmt":"2023-08-07T06:59:55","slug":"uutiset","status":"publish","type":"page","link":"https:\/\/suomenrehtorit.fi\/web\/ajankohtaista\/uutiset\/","title":{"rendered":"Uutiset"},"content":{"rendered":"\n<div class=\"wp-block-query is-layout-flow wp-block-query-is-layout-flow\"><ul class=\"wp-block-post-template is-layout-flow wp-block-post-template-is-layout-flow\"><li class=\"wp-block-post post-5254 post type-post status-publish format-standard has-post-thumbnail hentry category-etusivun-uutinen category-uutisarkisto\">\n\n<div class=\"wp-block-columns is-layout-flex wp-container-core-columns-is-layout-9d6595d7 wp-block-columns-is-layout-flex\">\n<div class=\"wp-block-column is-layout-flow wp-block-column-is-layout-flow\" style=\"flex-basis:30%\"><figure class=\"wp-block-post-featured-image\"><a href=\"https:\/\/suomenrehtorit.fi\/web\/2026\/03\/05\/itk2026-ajattele-uskalla-opi\/\" target=\"_self\"  ><img loading=\"lazy\" decoding=\"async\" width=\"600\" height=\"200\" src=\"https:\/\/suomenrehtorit.fi\/web\/wp-content\/uploads\/sites\/2\/2026\/03\/Rexi-kirje.png\" class=\"attachment-post-thumbnail size-post-thumbnail wp-post-image\" alt=\"ITK2026 &#8211; Ajattele. Uskalla. Opi\" style=\"object-fit:cover;\" srcset=\"https:\/\/suomenrehtorit.fi\/web\/wp-content\/uploads\/sites\/2\/2026\/03\/Rexi-kirje.png 600w, https:\/\/suomenrehtorit.fi\/web\/wp-content\/uploads\/sites\/2\/2026\/03\/Rexi-kirje-300x100.png 300w, https:\/\/suomenrehtorit.fi\/web\/wp-content\/uploads\/sites\/2\/2026\/03\/Rexi-kirje-252x84.png 252w, https:\/\/suomenrehtorit.fi\/web\/wp-content\/uploads\/sites\/2\/2026\/03\/Rexi-kirje-522x174.png 522w\" sizes=\"auto, (max-width: 600px) 100vw, 600px\" \/><\/a><\/figure><\/div>\n\n\n\n<div class=\"wp-block-column is-layout-flow wp-block-column-is-layout-flow\" style=\"flex-basis:70%\"><h3 class=\"wp-block-post-title\"><a href=\"https:\/\/suomenrehtorit.fi\/web\/2026\/03\/05\/itk2026-ajattele-uskalla-opi\/\" target=\"_self\" >ITK2026 &#8211; Ajattele. Uskalla. Opi<\/a><\/h3>\n\n<div class=\"wp-block-post-author-name\">Admin<\/div>\n\n<div class=\"wp-block-post-date\"><time datetime=\"2026-03-05T14:15:55+02:00\">5.3.2026<\/time><\/div>\n\n<div class=\"wp-block-post-excerpt\"><p class=\"wp-block-post-excerpt__excerpt\">Suomen Rehtorit ry oli nyt ensimm\u00e4ist\u00e4 kertaa mukana suunnittelemassa ITK-p\u00e4ivi\u00e4 ja saimmekin yhteisty\u00f6ss\u00e4 muun ohjausryhm\u00e4n kanssa kasaan hienon ohjelman rehtoreille. <\/p><\/div><\/div>\n<\/div>\n\n<\/li><li class=\"wp-block-post post-5234 post type-post status-publish format-standard has-post-thumbnail hentry category-blogi category-etusivun-uutinen category-satunnainen-rehtori tag-blogi\">\n\n<div class=\"wp-block-columns is-layout-flex wp-container-core-columns-is-layout-9d6595d7 wp-block-columns-is-layout-flex\">\n<div class=\"wp-block-column is-layout-flow wp-block-column-is-layout-flow\" style=\"flex-basis:30%\"><figure class=\"wp-block-post-featured-image\"><a href=\"https:\/\/suomenrehtorit.fi\/web\/2026\/02\/26\/perinteista-vai-wassua\/\" target=\"_self\"  ><img loading=\"lazy\" decoding=\"async\" width=\"651\" height=\"869\" src=\"https:\/\/suomenrehtorit.fi\/web\/wp-content\/uploads\/sites\/2\/2026\/02\/Kuva-250226.jpg\" class=\"attachment-post-thumbnail size-post-thumbnail wp-post-image\" alt=\"Perinteist\u00e4 vai wassua?\" style=\"object-fit:cover;\" srcset=\"https:\/\/suomenrehtorit.fi\/web\/wp-content\/uploads\/sites\/2\/2026\/02\/Kuva-250226.jpg 651w, https:\/\/suomenrehtorit.fi\/web\/wp-content\/uploads\/sites\/2\/2026\/02\/Kuva-250226-225x300.jpg 225w, https:\/\/suomenrehtorit.fi\/web\/wp-content\/uploads\/sites\/2\/2026\/02\/Kuva-250226-252x336.jpg 252w, https:\/\/suomenrehtorit.fi\/web\/wp-content\/uploads\/sites\/2\/2026\/02\/Kuva-250226-522x697.jpg 522w\" sizes=\"auto, (max-width: 651px) 100vw, 651px\" \/><\/a><\/figure><\/div>\n\n\n\n<div class=\"wp-block-column is-layout-flow wp-block-column-is-layout-flow\" style=\"flex-basis:70%\"><h3 class=\"wp-block-post-title\"><a href=\"https:\/\/suomenrehtorit.fi\/web\/2026\/02\/26\/perinteista-vai-wassua\/\" target=\"_self\" >Perinteist\u00e4 vai wassua?<\/a><\/h3>\n\n<div class=\"wp-block-post-author-name\">Admin<\/div>\n\n<div class=\"wp-block-post-date\"><time datetime=\"2026-02-26T08:50:46+02:00\">26.2.2026<\/time><\/div>\n\n<div class=\"wp-block-post-excerpt\"><p class=\"wp-block-post-excerpt__excerpt\">Viikonlopun hiihtolenkill\u00e4 matka ei edennyt viime talven tapaan normaalilla vauhdilla. Alkuvuodesta sairastettu flunssa oli est\u00e4nyt hyv\u00e4n treenaamisen ja liikuntasuoritukset olivat j\u00e4\u00e4neet melko v\u00e4h\u00e4isiksi. Kesken yl\u00e4m\u00e4en kuokkapuhkumisen talvilinnun kime\u00e4 viserrys pys\u00e4ytti ajatukseni hetkeksi. Miksi pit\u00e4\u00e4 niin kovaa menn\u00e4, kun v\u00e4hemm\u00e4ll\u00e4kin ehtisi. Olisiko syyt\u00e4 vaihtaa hiihtotyyli\/sukset perinteisiksi? Olisinko valmis luopumaan nykyisest\u00e4 ja palaamaan takaisin muutaman vuosikymmenen taakse?&hellip; <\/p><\/div><\/div>\n<\/div>\n\n<\/li><li class=\"wp-block-post post-5139 post type-post status-publish format-standard has-post-thumbnail hentry category-etusivun-uutinen category-uutisarkisto tag-esha tag-julkaisu tag-lehti\">\n\n<div class=\"wp-block-columns is-layout-flex wp-container-core-columns-is-layout-9d6595d7 wp-block-columns-is-layout-flex\">\n<div class=\"wp-block-column is-layout-flow wp-block-column-is-layout-flow\" style=\"flex-basis:30%\"><figure class=\"wp-block-post-featured-image\"><a href=\"https:\/\/suomenrehtorit.fi\/web\/2026\/02\/05\/5139\/\" target=\"_self\"  ><img loading=\"lazy\" decoding=\"async\" width=\"2481\" height=\"681\" src=\"https:\/\/suomenrehtorit.fi\/web\/wp-content\/uploads\/sites\/2\/2026\/02\/Kansi-HeadLight-BANNERI.jpg\" class=\"attachment-post-thumbnail size-post-thumbnail wp-post-image\" alt=\"ESHAn HeadLight -julkaisun uusin numero\" style=\"object-fit:cover;\" srcset=\"https:\/\/suomenrehtorit.fi\/web\/wp-content\/uploads\/sites\/2\/2026\/02\/Kansi-HeadLight-BANNERI.jpg 2481w, https:\/\/suomenrehtorit.fi\/web\/wp-content\/uploads\/sites\/2\/2026\/02\/Kansi-HeadLight-BANNERI-300x82.jpg 300w, https:\/\/suomenrehtorit.fi\/web\/wp-content\/uploads\/sites\/2\/2026\/02\/Kansi-HeadLight-BANNERI-1024x281.jpg 1024w, https:\/\/suomenrehtorit.fi\/web\/wp-content\/uploads\/sites\/2\/2026\/02\/Kansi-HeadLight-BANNERI-768x211.jpg 768w, https:\/\/suomenrehtorit.fi\/web\/wp-content\/uploads\/sites\/2\/2026\/02\/Kansi-HeadLight-BANNERI-252x69.jpg 252w, https:\/\/suomenrehtorit.fi\/web\/wp-content\/uploads\/sites\/2\/2026\/02\/Kansi-HeadLight-BANNERI-522x143.jpg 522w, https:\/\/suomenrehtorit.fi\/web\/wp-content\/uploads\/sites\/2\/2026\/02\/Kansi-HeadLight-BANNERI-792x217.jpg 792w, https:\/\/suomenrehtorit.fi\/web\/wp-content\/uploads\/sites\/2\/2026\/02\/Kansi-HeadLight-BANNERI-1062x292.jpg 1062w, https:\/\/suomenrehtorit.fi\/web\/wp-content\/uploads\/sites\/2\/2026\/02\/Kansi-HeadLight-BANNERI-1536x422.jpg 1536w, https:\/\/suomenrehtorit.fi\/web\/wp-content\/uploads\/sites\/2\/2026\/02\/Kansi-HeadLight-BANNERI-2048x562.jpg 2048w\" sizes=\"auto, (max-width: 2481px) 100vw, 2481px\" \/><\/a><\/figure><\/div>\n\n\n\n<div class=\"wp-block-column is-layout-flow wp-block-column-is-layout-flow\" style=\"flex-basis:70%\"><h3 class=\"wp-block-post-title\"><a href=\"https:\/\/suomenrehtorit.fi\/web\/2026\/02\/05\/5139\/\" target=\"_self\" >ESHAn HeadLight -julkaisun uusin numero<\/a><\/h3>\n\n<div class=\"wp-block-post-author-name\">Admin<\/div>\n\n<div class=\"wp-block-post-date\"><time datetime=\"2026-02-05T13:41:40+02:00\">5.2.2026<\/time><\/div>\n\n<div class=\"wp-block-post-excerpt\"><p class=\"wp-block-post-excerpt__excerpt\">https:\/\/suomenrehtorit.fi\/web\/wp-content\/uploads\/sites\/2\/2026\/02\/ESHA-HeadLight-February-2026.pdf <\/p><\/div><\/div>\n<\/div>\n\n<\/li><li class=\"wp-block-post post-5136 post type-post status-publish format-standard has-post-thumbnail hentry category-etusivun-uutinen category-lausunnot category-uutisarkisto tag-arviointi tag-lausunto tag-oppiminen tag-perusopetuslaki\">\n\n<div class=\"wp-block-columns is-layout-flex wp-container-core-columns-is-layout-9d6595d7 wp-block-columns-is-layout-flex\">\n<div class=\"wp-block-column is-layout-flow wp-block-column-is-layout-flow\" style=\"flex-basis:30%\"><figure class=\"wp-block-post-featured-image\"><a href=\"https:\/\/suomenrehtorit.fi\/web\/2026\/02\/03\/suomen-rehtorit-ry-lausunto-opetus-ja-kulttuuriministeriolle-luonnoksesta-laiksi-perusopetuslain-muuttamisesta-vn-20544-2025\/\" target=\"_self\"  ><img loading=\"lazy\" decoding=\"async\" width=\"1024\" height=\"1024\" src=\"https:\/\/suomenrehtorit.fi\/web\/wp-content\/uploads\/sites\/2\/2024\/02\/fe21e99b-ac99-4cb3-be35-f25ae2966bab.jpg\" class=\"attachment-post-thumbnail size-post-thumbnail wp-post-image\" alt=\"Suomen Rehtorit ry lausunto opetus- ja kulttuuriministeri\u00f6lle luonnoksesta laiksi perusopetuslain muuttamisesta VN\/20544\/2025\" style=\"object-fit:cover;\" srcset=\"https:\/\/suomenrehtorit.fi\/web\/wp-content\/uploads\/sites\/2\/2024\/02\/fe21e99b-ac99-4cb3-be35-f25ae2966bab.jpg 1024w, https:\/\/suomenrehtorit.fi\/web\/wp-content\/uploads\/sites\/2\/2024\/02\/fe21e99b-ac99-4cb3-be35-f25ae2966bab-300x300.jpg 300w, https:\/\/suomenrehtorit.fi\/web\/wp-content\/uploads\/sites\/2\/2024\/02\/fe21e99b-ac99-4cb3-be35-f25ae2966bab-150x150.jpg 150w, https:\/\/suomenrehtorit.fi\/web\/wp-content\/uploads\/sites\/2\/2024\/02\/fe21e99b-ac99-4cb3-be35-f25ae2966bab-768x768.jpg 768w, https:\/\/suomenrehtorit.fi\/web\/wp-content\/uploads\/sites\/2\/2024\/02\/fe21e99b-ac99-4cb3-be35-f25ae2966bab-252x252.jpg 252w, https:\/\/suomenrehtorit.fi\/web\/wp-content\/uploads\/sites\/2\/2024\/02\/fe21e99b-ac99-4cb3-be35-f25ae2966bab-522x522.jpg 522w, https:\/\/suomenrehtorit.fi\/web\/wp-content\/uploads\/sites\/2\/2024\/02\/fe21e99b-ac99-4cb3-be35-f25ae2966bab-792x792.jpg 792w, https:\/\/suomenrehtorit.fi\/web\/wp-content\/uploads\/sites\/2\/2024\/02\/fe21e99b-ac99-4cb3-be35-f25ae2966bab-72x72.jpg 72w, https:\/\/suomenrehtorit.fi\/web\/wp-content\/uploads\/sites\/2\/2024\/02\/fe21e99b-ac99-4cb3-be35-f25ae2966bab-126x126.jpg 126w\" sizes=\"auto, (max-width: 1024px) 100vw, 1024px\" \/><\/a><\/figure><\/div>\n\n\n\n<div class=\"wp-block-column is-layout-flow wp-block-column-is-layout-flow\" style=\"flex-basis:70%\"><h3 class=\"wp-block-post-title\"><a href=\"https:\/\/suomenrehtorit.fi\/web\/2026\/02\/03\/suomen-rehtorit-ry-lausunto-opetus-ja-kulttuuriministeriolle-luonnoksesta-laiksi-perusopetuslain-muuttamisesta-vn-20544-2025\/\" target=\"_self\" >Suomen Rehtorit ry lausunto opetus- ja kulttuuriministeri\u00f6lle luonnoksesta laiksi perusopetuslain muuttamisesta VN\/20544\/2025<\/a><\/h3>\n\n<div class=\"wp-block-post-author-name\">Admin<\/div>\n\n<div class=\"wp-block-post-date\"><time datetime=\"2026-02-03T13:08:11+02:00\">3.2.2026<\/time><\/div>\n\n<div class=\"wp-block-post-excerpt\"><p class=\"wp-block-post-excerpt__excerpt\"> <\/p><\/div><\/div>\n<\/div>\n\n<\/li><li class=\"wp-block-post post-5125 post type-post status-publish format-standard has-post-thumbnail hentry category-etusivun-uutinen category-lausunnot category-uutisarkisto tag-kasvatuskeskustelu tag-kurinpito tag-lausunto\">\n\n<div class=\"wp-block-columns is-layout-flex wp-container-core-columns-is-layout-9d6595d7 wp-block-columns-is-layout-flex\">\n<div class=\"wp-block-column is-layout-flow wp-block-column-is-layout-flow\" style=\"flex-basis:30%\"><figure class=\"wp-block-post-featured-image\"><a href=\"https:\/\/suomenrehtorit.fi\/web\/2025\/11\/25\/suomen-rehtorit-ryn-lausunto-koskien-opetushallituksen-kasvatuskeskustelujen-ja-kurinpidollisten-keinojen-kayttamista-koskevaa-tukimateriaalia\/\" target=\"_self\"  ><img loading=\"lazy\" decoding=\"async\" width=\"1024\" height=\"1024\" src=\"https:\/\/suomenrehtorit.fi\/web\/wp-content\/uploads\/sites\/2\/2024\/02\/fe21e99b-ac99-4cb3-be35-f25ae2966bab.jpg\" class=\"attachment-post-thumbnail size-post-thumbnail wp-post-image\" alt=\"Suomen Rehtorit ry:n lausunto koskien Opetushallituksen kasvatuskeskustelujen ja kurinpidollisten keinojen k\u00e4ytt\u00e4mist\u00e4 koskevaa tukimateriaalia\" style=\"object-fit:cover;\" srcset=\"https:\/\/suomenrehtorit.fi\/web\/wp-content\/uploads\/sites\/2\/2024\/02\/fe21e99b-ac99-4cb3-be35-f25ae2966bab.jpg 1024w, https:\/\/suomenrehtorit.fi\/web\/wp-content\/uploads\/sites\/2\/2024\/02\/fe21e99b-ac99-4cb3-be35-f25ae2966bab-300x300.jpg 300w, https:\/\/suomenrehtorit.fi\/web\/wp-content\/uploads\/sites\/2\/2024\/02\/fe21e99b-ac99-4cb3-be35-f25ae2966bab-150x150.jpg 150w, https:\/\/suomenrehtorit.fi\/web\/wp-content\/uploads\/sites\/2\/2024\/02\/fe21e99b-ac99-4cb3-be35-f25ae2966bab-768x768.jpg 768w, https:\/\/suomenrehtorit.fi\/web\/wp-content\/uploads\/sites\/2\/2024\/02\/fe21e99b-ac99-4cb3-be35-f25ae2966bab-252x252.jpg 252w, https:\/\/suomenrehtorit.fi\/web\/wp-content\/uploads\/sites\/2\/2024\/02\/fe21e99b-ac99-4cb3-be35-f25ae2966bab-522x522.jpg 522w, https:\/\/suomenrehtorit.fi\/web\/wp-content\/uploads\/sites\/2\/2024\/02\/fe21e99b-ac99-4cb3-be35-f25ae2966bab-792x792.jpg 792w, https:\/\/suomenrehtorit.fi\/web\/wp-content\/uploads\/sites\/2\/2024\/02\/fe21e99b-ac99-4cb3-be35-f25ae2966bab-72x72.jpg 72w, https:\/\/suomenrehtorit.fi\/web\/wp-content\/uploads\/sites\/2\/2024\/02\/fe21e99b-ac99-4cb3-be35-f25ae2966bab-126x126.jpg 126w\" sizes=\"auto, (max-width: 1024px) 100vw, 1024px\" \/><\/a><\/figure><\/div>\n\n\n\n<div class=\"wp-block-column is-layout-flow wp-block-column-is-layout-flow\" style=\"flex-basis:70%\"><h3 class=\"wp-block-post-title\"><a href=\"https:\/\/suomenrehtorit.fi\/web\/2025\/11\/25\/suomen-rehtorit-ryn-lausunto-koskien-opetushallituksen-kasvatuskeskustelujen-ja-kurinpidollisten-keinojen-kayttamista-koskevaa-tukimateriaalia\/\" target=\"_self\" >Suomen Rehtorit ry:n lausunto koskien Opetushallituksen kasvatuskeskustelujen ja kurinpidollisten keinojen k\u00e4ytt\u00e4mist\u00e4 koskevaa tukimateriaalia<\/a><\/h3>\n\n<div class=\"wp-block-post-author-name\">Admin<\/div>\n\n<div class=\"wp-block-post-date\"><time datetime=\"2025-11-25T18:32:53+02:00\">25.11.2025<\/time><\/div>\n\n<div class=\"wp-block-post-excerpt\"><p class=\"wp-block-post-excerpt__excerpt\"> <\/p><\/div><\/div>\n<\/div>\n\n<\/li><li class=\"wp-block-post post-4985 post type-post status-publish format-standard has-post-thumbnail hentry category-etusivun-uutinen category-uutisarkisto\">\n\n<div class=\"wp-block-columns is-layout-flex wp-container-core-columns-is-layout-9d6595d7 wp-block-columns-is-layout-flex\">\n<div class=\"wp-block-column is-layout-flow wp-block-column-is-layout-flow\" style=\"flex-basis:30%\"><figure class=\"wp-block-post-featured-image\"><a href=\"https:\/\/suomenrehtorit.fi\/web\/2025\/11\/05\/tietojen-kalasteluviesti-puheenjohtajan-nimissa\/\" target=\"_self\"  ><img loading=\"lazy\" decoding=\"async\" width=\"1280\" height=\"1129\" src=\"https:\/\/suomenrehtorit.fi\/web\/wp-content\/uploads\/sites\/2\/2024\/01\/attention-160818_1280.png\" class=\"attachment-post-thumbnail size-post-thumbnail wp-post-image\" alt=\"Tietojenkalasteluviesti puheenjohtajan nimiss\u00e4\" style=\"object-fit:cover;\" srcset=\"https:\/\/suomenrehtorit.fi\/web\/wp-content\/uploads\/sites\/2\/2024\/01\/attention-160818_1280.png 1280w, https:\/\/suomenrehtorit.fi\/web\/wp-content\/uploads\/sites\/2\/2024\/01\/attention-160818_1280-300x265.png 300w, https:\/\/suomenrehtorit.fi\/web\/wp-content\/uploads\/sites\/2\/2024\/01\/attention-160818_1280-1024x903.png 1024w, https:\/\/suomenrehtorit.fi\/web\/wp-content\/uploads\/sites\/2\/2024\/01\/attention-160818_1280-768x677.png 768w, https:\/\/suomenrehtorit.fi\/web\/wp-content\/uploads\/sites\/2\/2024\/01\/attention-160818_1280-252x222.png 252w, https:\/\/suomenrehtorit.fi\/web\/wp-content\/uploads\/sites\/2\/2024\/01\/attention-160818_1280-522x460.png 522w, https:\/\/suomenrehtorit.fi\/web\/wp-content\/uploads\/sites\/2\/2024\/01\/attention-160818_1280-792x699.png 792w, https:\/\/suomenrehtorit.fi\/web\/wp-content\/uploads\/sites\/2\/2024\/01\/attention-160818_1280-1062x937.png 1062w\" sizes=\"auto, (max-width: 1280px) 100vw, 1280px\" \/><\/a><\/figure><\/div>\n\n\n\n<div class=\"wp-block-column is-layout-flow wp-block-column-is-layout-flow\" style=\"flex-basis:70%\"><h3 class=\"wp-block-post-title\"><a href=\"https:\/\/suomenrehtorit.fi\/web\/2025\/11\/05\/tietojen-kalasteluviesti-puheenjohtajan-nimissa\/\" target=\"_self\" >Tietojenkalasteluviesti puheenjohtajan nimiss\u00e4<\/a><\/h3>\n\n<div class=\"wp-block-post-author-name\">Admin<\/div>\n\n<div class=\"wp-block-post-date\"><time datetime=\"2025-11-05T09:02:58+02:00\">5.11.2025<\/time><\/div>\n\n<div class=\"wp-block-post-excerpt\"><p class=\"wp-block-post-excerpt__excerpt\">Tiedoksi Alla olevan kaltainen tietojenkalasteluviesti\u00e4 \/ huijausviesti\u00e4 on l\u00e4hetetty puheenjohtajamme nimiss\u00e4 osoitteesta paivi.suomenrehtorit@gmail.com. Lis\u00e4ksi on l\u00e4hetetty viesti, jossa on pyydetty ostamaan lahjakortteja puheenjohtajan puolesta. T\u00e4m\u00e4 viesti on l\u00e4hetetty osoitteesta paivi.suomenrehtorit@hotmail.com Tiedoksesi, ett\u00e4 Suomen Rehtorit ry:n k\u00e4ytt\u00e4m\u00e4t s\u00e4hk\u00f6postit ovat muotoa etunimi.sukunimi@suomenrehtorit.fi. Joissakin tapauksissa my\u00f6s muotoa etunimi.sukunimi@surefire.fi. Emme k\u00e4yt\u00e4 lainkaan Gmailia, Hotmailia tai muitakaan t\u00e4m\u00e4ntyyppisi\u00e4 s\u00e4hk\u00f6postipalveluita &#8212;&#8212;&#8212;&#8212;&#8212;&#8212;&#8212;&#8212;&#8212;&#8211;L\u00e4hett\u00e4j\u00e4:&hellip; <\/p><\/div><\/div>\n<\/div>\n\n<\/li><\/ul>\n\n<nav class=\"wp-block-query-pagination is-layout-flex wp-block-query-pagination-is-layout-flex\" aria-label=\"Sivutus\">\n\n\n<div class=\"wp-block-query-pagination-numbers\"><span aria-current=\"page\" class=\"page-numbers current\">1<\/span>\n<a class=\"page-numbers\" href=\"?query-10-page=2\">2<\/a>\n<a class=\"page-numbers\" href=\"?query-10-page=3\">3<\/a>\n<span class=\"page-numbers dots\">&hellip;<\/span>\n<a class=\"page-numbers\" href=\"?query-10-page=46\">46<\/a><\/div>\n\n<a href=\"\/web\/wp-json\/wp\/v2\/pages\/244?query-10-page=2\" class=\"wp-block-query-pagination-next\">Vanhemmat uutiset<\/a>\n<\/nav><\/div>\n","protected":false},"excerpt":{"rendered":"","protected":false},"author":2,"featured_media":0,"parent":242,"menu_order":0,"comment_status":"closed","ping_status":"closed","template":"","meta":{"_uag_custom_page_level_css":"","_mc_calendar":[],"footnotes":""},"class_list":["post-244","page","type-page","status-publish"],"uagb_featured_image_src":{"full":false,"thumbnail":false,"medium":false,"medium_large":false,"large":false,"magazine-cw3":false,"magazine-cw6":false,"magazine-cw9":false,"magazine-cw12":false,"magazine-thumb":false,"magazine-toc":false,"1536x1536":false,"2048x2048":false,"gform-image-choice-sm":false,"gform-image-choice-md":false,"gform-image-choice-lg":false},"uagb_author_info":{"display_name":"Miira Tirkkonen","author_link":"https:\/\/suomenrehtorit.fi\/web\/author\/miirat\/"},"uagb_comment_info":0,"uagb_excerpt":null,"_links":{"self":[{"href":"https:\/\/suomenrehtorit.fi\/web\/wp-json\/wp\/v2\/pages\/244","targetHints":{"allow":["GET"]}}],"collection":[{"href":"https:\/\/suomenrehtorit.fi\/web\/wp-json\/wp\/v2\/pages"}],"about":[{"href":"https:\/\/suomenrehtorit.fi\/web\/wp-json\/wp\/v2\/types\/page"}],"author":[{"embeddable":true,"href":"https:\/\/suomenrehtorit.fi\/web\/wp-json\/wp\/v2\/users\/2"}],"replies":[{"embeddable":true,"href":"https:\/\/suomenrehtorit.fi\/web\/wp-json\/wp\/v2\/comments?post=244"}],"version-history":[{"count":7,"href":"https:\/\/suomenrehtorit.fi\/web\/wp-json\/wp\/v2\/pages\/244\/revisions"}],"predecessor-version":[{"id":3101,"href":"https:\/\/suomenrehtorit.fi\/web\/wp-json\/wp\/v2\/pages\/244\/revisions\/3101"}],"up":[{"embeddable":true,"href":"https:\/\/suomenrehtorit.fi\/web\/wp-json\/wp\/v2\/pages\/242"}],"wp:attachment":[{"href":"https:\/\/suomenrehtorit.fi\/web\/wp-json\/wp\/v2\/media?parent=244"}],"curies":[{"name":"wp","href":"https:\/\/api.w.org\/{rel}","templated":true}]}}