{"id":254,"date":"2023-05-17T09:32:46","date_gmt":"2023-05-17T09:32:46","guid":{"rendered":"https:\/\/suomenrehtorit.fi\/web\/?page_id=254"},"modified":"2023-06-06T05:46:03","modified_gmt":"2023-06-06T05:46:03","slug":"koulutukset","status":"publish","type":"page","link":"https:\/\/suomenrehtorit.fi\/web\/koulutukset\/","title":{"rendered":"Koulutukset"},"content":{"rendered":"\n<p>Suomen Rehtorit ry kouluttaa aktiivisesti j\u00e4seni\u00e4\u00e4n. Suurin vuosittainen koulutustapahtumamme on loppuvuodesta j\u00e4rjestett\u00e4v\u00e4 <a href=\"https:\/\/suomenrehtorit.fi\/web\/pro-rexi\/\" data-type=\"page\" data-id=\"256\">Pro Rexi<\/a>.\u00a0Yhdess\u00e4 ylioppilastutkintolautakunnan kanssa olemme jo pitk\u00e4\u00e4n j\u00e4rjest\u00e4neet tutkinnon toimeenpanoon liittyv\u00e4\u00e4 <a href=\"https:\/\/suomenrehtorit.fi\/web\/yo-koulutus\/\" data-type=\"page\" data-id=\"258\">yo-koulutusta<\/a>. Rehtorit kokoontuvat s\u00e4\u00e4nn\u00f6llisesti my\u00f6s eri puolilla maata j\u00e4rjestett\u00e4ville <a href=\"https:\/\/suomenrehtorit.fi\/web\/alueelliset-reksipaivat\/\" data-type=\"page\" data-id=\"260\">alueellisille reksip\u00e4iville<\/a>.<\/p>\n","protected":false},"excerpt":{"rendered":"<p>Suomen Rehtorit ry kouluttaa aktiivisesti j\u00e4seni\u00e4\u00e4n. Suurin vuosittainen koulutustapahtumamme on loppuvuodesta j\u00e4rjestett\u00e4v\u00e4 Pro Rexi.\u00a0Yhdess\u00e4 ylioppilastutkintolautakunnan kanssa olemme jo pitk\u00e4\u00e4n j\u00e4rjest\u00e4neet tutkinnon toimeenpanoon liittyv\u00e4\u00e4 yo-koulutusta. Rehtorit kokoontuvat s\u00e4\u00e4nn\u00f6llisesti my\u00f6s eri puolilla maata j\u00e4rjestett\u00e4ville alueellisille reksip\u00e4iville.<\/p>\n","protected":false},"author":2,"featured_media":0,"parent":0,"menu_order":0,"comment_status":"closed","ping_status":"closed","template":"","meta":{"_uag_custom_page_level_css":"","_mc_calendar":[],"footnotes":""},"class_list":["post-254","page","type-page","status-publish"],"uagb_featured_image_src":{"full":false,"thumbnail":false,"medium":false,"medium_large":false,"large":false,"magazine-cw3":false,"magazine-cw6":false,"magazine-cw9":false,"magazine-cw12":false,"magazine-thumb":false,"magazine-toc":false,"1536x1536":false,"2048x2048":false,"gform-image-choice-sm":false,"gform-image-choice-md":false,"gform-image-choice-lg":false},"uagb_author_info":{"display_name":"Miira Tirkkonen","author_link":"https:\/\/suomenrehtorit.fi\/web\/author\/miirat\/"},"uagb_comment_info":0,"uagb_excerpt":"Suomen Rehtorit ry kouluttaa aktiivisesti j\u00e4seni\u00e4\u00e4n. Suurin vuosittainen koulutustapahtumamme on loppuvuodesta j\u00e4rjestett\u00e4v\u00e4 Pro Rexi.\u00a0Yhdess\u00e4 ylioppilastutkintolautakunnan kanssa olemme jo pitk\u00e4\u00e4n j\u00e4rjest\u00e4neet tutkinnon toimeenpanoon liittyv\u00e4\u00e4 yo-koulutusta. Rehtorit kokoontuvat s\u00e4\u00e4nn\u00f6llisesti my\u00f6s eri puolilla maata j\u00e4rjestett\u00e4ville alueellisille reksip\u00e4iville.","_links":{"self":[{"href":"https:\/\/suomenrehtorit.fi\/web\/wp-json\/wp\/v2\/pages\/254","targetHints":{"allow":["GET"]}}],"collection":[{"href":"https:\/\/suomenrehtorit.fi\/web\/wp-json\/wp\/v2\/pages"}],"about":[{"href":"https:\/\/suomenrehtorit.fi\/web\/wp-json\/wp\/v2\/types\/page"}],"author":[{"embeddable":true,"href":"https:\/\/suomenrehtorit.fi\/web\/wp-json\/wp\/v2\/users\/2"}],"replies":[{"embeddable":true,"href":"https:\/\/suomenrehtorit.fi\/web\/wp-json\/wp\/v2\/comments?post=254"}],"version-history":[{"count":3,"href":"https:\/\/suomenrehtorit.fi\/web\/wp-json\/wp\/v2\/pages\/254\/revisions"}],"predecessor-version":[{"id":531,"href":"https:\/\/suomenrehtorit.fi\/web\/wp-json\/wp\/v2\/pages\/254\/revisions\/531"}],"wp:attachment":[{"href":"https:\/\/suomenrehtorit.fi\/web\/wp-json\/wp\/v2\/media?parent=254"}],"curies":[{"name":"wp","href":"https:\/\/api.w.org\/{rel}","templated":true}]}}