{"id":272,"date":"2023-05-17T09:36:57","date_gmt":"2023-05-17T09:36:57","guid":{"rendered":"https:\/\/suomenrehtorit.fi\/web\/?page_id=272"},"modified":"2023-06-06T05:47:23","modified_gmt":"2023-06-06T05:47:23","slug":"rehtorin-ammatti","status":"publish","type":"page","link":"https:\/\/suomenrehtorit.fi\/web\/rehtorin-ammatti\/","title":{"rendered":"Rehtorin ammatti"},"content":{"rendered":"\n<p>Rehtorin ammatti vaatii ja antaa paljon. T\u00e4ss\u00e4 osiossa kerromme tarkemmin <a href=\"https:\/\/suomenrehtorit.fi\/web\/rehtorin-kelpoisuus\/\" data-type=\"page\" data-id=\"62\">rehtorin kelpoisuudesta<\/a> sek\u00e4 <a href=\"https:\/\/suomenrehtorit.fi\/web\/rehtorin-hyvinvointi-ja-terveys\/\" data-type=\"page\" data-id=\"64\">hyvinvointiin ja terveyteen<\/a> liittyv\u00e4st\u00e4 tutkimuksesta ja tiedosta.\u00a0<\/p>\n\n\n\n<p>L\u00f6yd\u00e4t t\u00e4\u00e4lt\u00e4 my\u00f6s <a href=\"https:\/\/suomenrehtorit.fi\/web\/ammattieettiset-ohjeet\/\" data-type=\"page\" data-id=\"66\">ammattieettiset ohjeet<\/a>. <a href=\"https:\/\/suomenrehtorit.fi\/web\/vuoden-rehtori\/\" data-type=\"page\" data-id=\"68\">Vuoden rehtori<\/a> -otsikon alla esittelemme rehtoreita, jotka ovat saaneet t\u00e4m\u00e4n kerran vuodessa jaettavan kunniamaininnan.<\/p>\n","protected":false},"excerpt":{"rendered":"<p>Rehtorin ammatti vaatii ja antaa paljon. T\u00e4ss\u00e4 osiossa kerromme tarkemmin rehtorin kelpoisuudesta sek\u00e4 hyvinvointiin ja terveyteen liittyv\u00e4st\u00e4 tutkimuksesta ja tiedosta.\u00a0 L\u00f6yd\u00e4t t\u00e4\u00e4lt\u00e4 my\u00f6s ammattieettiset ohjeet. Vuoden rehtori -otsikon alla esittelemme rehtoreita, jotka ovat saaneet t\u00e4m\u00e4n kerran vuodessa jaettavan kunniamaininnan.<\/p>\n","protected":false},"author":2,"featured_media":0,"parent":0,"menu_order":0,"comment_status":"closed","ping_status":"closed","template":"","meta":{"_uag_custom_page_level_css":"","_mc_calendar":[],"footnotes":""},"class_list":["post-272","page","type-page","status-publish"],"uagb_featured_image_src":{"full":false,"thumbnail":false,"medium":false,"medium_large":false,"large":false,"magazine-cw3":false,"magazine-cw6":false,"magazine-cw9":false,"magazine-cw12":false,"magazine-thumb":false,"magazine-toc":false,"1536x1536":false,"2048x2048":false,"gform-image-choice-sm":false,"gform-image-choice-md":false,"gform-image-choice-lg":false},"uagb_author_info":{"display_name":"Miira Tirkkonen","author_link":"https:\/\/suomenrehtorit.fi\/web\/author\/miirat\/"},"uagb_comment_info":0,"uagb_excerpt":"Rehtorin ammatti vaatii ja antaa paljon. T\u00e4ss\u00e4 osiossa kerromme tarkemmin rehtorin kelpoisuudesta sek\u00e4 hyvinvointiin ja terveyteen liittyv\u00e4st\u00e4 tutkimuksesta ja tiedosta.\u00a0 L\u00f6yd\u00e4t t\u00e4\u00e4lt\u00e4 my\u00f6s ammattieettiset ohjeet. Vuoden rehtori -otsikon alla esittelemme rehtoreita, jotka ovat saaneet t\u00e4m\u00e4n kerran vuodessa jaettavan kunniamaininnan.","_links":{"self":[{"href":"https:\/\/suomenrehtorit.fi\/web\/wp-json\/wp\/v2\/pages\/272","targetHints":{"allow":["GET"]}}],"collection":[{"href":"https:\/\/suomenrehtorit.fi\/web\/wp-json\/wp\/v2\/pages"}],"about":[{"href":"https:\/\/suomenrehtorit.fi\/web\/wp-json\/wp\/v2\/types\/page"}],"author":[{"embeddable":true,"href":"https:\/\/suomenrehtorit.fi\/web\/wp-json\/wp\/v2\/users\/2"}],"replies":[{"embeddable":true,"href":"https:\/\/suomenrehtorit.fi\/web\/wp-json\/wp\/v2\/comments?post=272"}],"version-history":[{"count":4,"href":"https:\/\/suomenrehtorit.fi\/web\/wp-json\/wp\/v2\/pages\/272\/revisions"}],"predecessor-version":[{"id":532,"href":"https:\/\/suomenrehtorit.fi\/web\/wp-json\/wp\/v2\/pages\/272\/revisions\/532"}],"wp:attachment":[{"href":"https:\/\/suomenrehtorit.fi\/web\/wp-json\/wp\/v2\/media?parent=272"}],"curies":[{"name":"wp","href":"https:\/\/api.w.org\/{rel}","templated":true}]}}