{"id":274,"date":"2023-05-17T09:37:18","date_gmt":"2023-05-17T09:37:18","guid":{"rendered":"https:\/\/suomenrehtorit.fi\/web\/?page_id=274"},"modified":"2023-08-22T11:22:59","modified_gmt":"2023-08-22T11:22:59","slug":"suomen-rehtorit-ry","status":"publish","type":"page","link":"https:\/\/suomenrehtorit.fi\/web\/suomen-rehtorit-ry\/","title":{"rendered":"Suomen Rehtorit ry"},"content":{"rendered":"\n<p>Suomen Rehtorit ry on koulujen, oppilaitosten\u202fja opetustoimen johtoteht\u00e4viss\u00e4 ty\u00f6skentelevien ammatillinen edunvalvontaj\u00e4rjest\u00f6.<br><br>N\u00e4ilt\u00e4 sivuilta l\u00f6yd\u00e4t tietoa <a href=\"https:\/\/suomenrehtorit.fi\/web\/strategia\/\" data-type=\"page\" data-id=\"52\">strategiastamme<\/a> sek\u00e4 siit\u00e4, kuinka <a href=\"https:\/\/suomenrehtorit.fi\/web\/suomen-rehtorit-ry\/edustukset\/\" data-type=\"page\" data-id=\"56\">ajamme j\u00e4sentemme etua<\/a> jo asioiden valmisteluvaiheessa ja osallistumme rehtoreiden ty\u00f6olojen ja palkkauksen kehitt\u00e4miseen. P\u00e4\u00e4set tutustumaan t\u00e4m\u00e4nhetkisiin <a href=\"https:\/\/suomenrehtorit.fi\/web\/hallitus\/\" data-type=\"page\" data-id=\"54\">hallituksemme j\u00e4seniin<\/a>, <a href=\"https:\/\/suomenrehtorit.fi\/web\/kansainvalisyys\/\" data-type=\"page\" data-id=\"58\">kansainv\u00e4lisiin verkostoihimme<\/a> sek\u00e4 <a href=\"https:\/\/suomenrehtorit.fi\/web\/historia\/\" data-type=\"page\" data-id=\"60\">historiaamme<\/a>.<\/p>\n\n\n\n<h2 class=\"wp-block-heading\">Viestint\u00e4<\/h2>\n\n\n\n<h3 class=\"wp-block-heading\"><strong>Sana kulkee monia kanavia pitkin<\/strong><\/h3>\n\n\n\n<p>SUREn j\u00e4senen\u00e4 pysyt ajan tasalla ammattikuntasi asioista ja pystyt edist\u00e4m\u00e4\u00e4n kauttamme ty\u00f6n ep\u00e4kohtien korjaamista.<\/p>\n\n\n\n<h3 class=\"wp-block-heading\">Rexi-lehti<\/h3>\n\n\n\n<p>Rehtoreiden p\u00e4\u00e4-\u00e4\u00e4nenkannattaja, SUREn julkaisema Rexi-lehti, ilmestyy printtilehten\u00e4 nelj\u00e4 kertaa vuodessa. J\u00e4senemme saavat sen kotiin kannettuna. Katso t\u00e4st\u00e4 REXI-lehden <a href=\"https:\/\/suomenrehtorit.fi\/web\/wp-content\/uploads\/sites\/2\/2023\/08\/suomen_rehtorit_2023_mediakortti.pdf\" target=\"_blank\" rel=\"noreferrer noopener\">mediakortti<\/a>.<\/p>\n\n\n\n<h3 class=\"wp-block-heading\">J\u00e4senkirjeet<\/h3>\n\n\n\n<p>J\u00e4senen\u00e4mme saat s\u00e4hk\u00f6postiisi kerran kuukaudessa j\u00e4senkirjeen. Siihen puheenjohtajamme kokoaa keskeiset ajankohtaiset rehtorin ammattiin liittyv\u00e4t kuulumiset. Ne voivat liitty\u00e4 niin valtakunnalliseen opetusalan p\u00e4\u00e4t\u00f6ksentekoon, ammattiyhdistysasioihin kuin SUREn omiin koulutuksiin tai tapahtumiinkin.<\/p>\n\n\n\n<h3 class=\"wp-block-heading\">Somekanavat<\/h3>\n\n\n\n<p>Jaamme ajankohtaista tietoa my\u00f6s somessa&nbsp;<a href=\"https:\/\/www.facebook.com\/suomenrehtorit\" target=\"_blank\" rel=\"noreferrer noopener\">Facebook-sivullamme<\/a>,&nbsp;<a href=\"https:\/\/twitter.com\/SuomenRehtorit\" target=\"_blank\" rel=\"noreferrer noopener\">Twitteriss\u00e4<\/a>&nbsp;sek\u00e4&nbsp;<a href=\"https:\/\/www.instagram.com\/suomenrehtorit\/?hl=fi\" target=\"_blank\" rel=\"noreferrer noopener\">Instagramissa<\/a>. Meill\u00e4 on my\u00f6s oma&nbsp;<a href=\"https:\/\/www.youtube.com\/results?search_query=suomen+rehtorit\" target=\"_blank\" rel=\"noreferrer noopener\">Youtube-kanava<\/a>. K\u00e4y liittym\u00e4ss\u00e4 seuraajaksemme!<\/p>\n","protected":false},"excerpt":{"rendered":"<p>Suomen Rehtorit ry on koulujen, oppilaitosten\u202fja opetustoimen johtoteht\u00e4viss\u00e4 ty\u00f6skentelevien ammatillinen edunvalvontaj\u00e4rjest\u00f6. N\u00e4ilt\u00e4 sivuilta l\u00f6yd\u00e4t tietoa strategiastamme sek\u00e4 siit\u00e4, kuinka ajamme j\u00e4sentemme etua jo asioiden valmisteluvaiheessa ja osallistumme rehtoreiden ty\u00f6olojen ja palkkauksen kehitt\u00e4miseen. P\u00e4\u00e4set tutustumaan t\u00e4m\u00e4nhetkisiin hallituksemme j\u00e4seniin, kansainv\u00e4lisiin verkostoihimme sek\u00e4 historiaamme. Viestint\u00e4 Sana kulkee monia kanavia pitkin SUREn j\u00e4senen\u00e4 pysyt ajan tasalla ammattikuntasi asioista ja &#8230; <a title=\"Suomen Rehtorit ry\" class=\"read-more\" href=\"https:\/\/suomenrehtorit.fi\/web\/suomen-rehtorit-ry\/\" aria-label=\"Lue lis\u00e4\u00e4 aiheesta Suomen Rehtorit ry\">Lue lis\u00e4\u00e4<\/a><\/p>\n","protected":false},"author":2,"featured_media":0,"parent":0,"menu_order":0,"comment_status":"closed","ping_status":"closed","template":"","meta":{"_uag_custom_page_level_css":"","_mc_calendar":[],"footnotes":""},"class_list":["post-274","page","type-page","status-publish"],"uagb_featured_image_src":{"full":false,"thumbnail":false,"medium":false,"medium_large":false,"large":false,"magazine-cw3":false,"magazine-cw6":false,"magazine-cw9":false,"magazine-cw12":false,"magazine-thumb":false,"magazine-toc":false,"1536x1536":false,"2048x2048":false,"gform-image-choice-sm":false,"gform-image-choice-md":false,"gform-image-choice-lg":false},"uagb_author_info":{"display_name":"Miira Tirkkonen","author_link":"https:\/\/suomenrehtorit.fi\/web\/author\/miirat\/"},"uagb_comment_info":0,"uagb_excerpt":"Suomen Rehtorit ry on koulujen, oppilaitosten\u202fja opetustoimen johtoteht\u00e4viss\u00e4 ty\u00f6skentelevien ammatillinen edunvalvontaj\u00e4rjest\u00f6. N\u00e4ilt\u00e4 sivuilta l\u00f6yd\u00e4t tietoa strategiastamme sek\u00e4 siit\u00e4, kuinka ajamme j\u00e4sentemme etua jo asioiden valmisteluvaiheessa ja osallistumme rehtoreiden ty\u00f6olojen ja palkkauksen kehitt\u00e4miseen. P\u00e4\u00e4set tutustumaan t\u00e4m\u00e4nhetkisiin hallituksemme j\u00e4seniin, kansainv\u00e4lisiin verkostoihimme sek\u00e4 historiaamme. Viestint\u00e4 Sana kulkee monia kanavia pitkin SUREn j\u00e4senen\u00e4 pysyt ajan tasalla ammattikuntasi asioista ja&hellip;","_links":{"self":[{"href":"https:\/\/suomenrehtorit.fi\/web\/wp-json\/wp\/v2\/pages\/274","targetHints":{"allow":["GET"]}}],"collection":[{"href":"https:\/\/suomenrehtorit.fi\/web\/wp-json\/wp\/v2\/pages"}],"about":[{"href":"https:\/\/suomenrehtorit.fi\/web\/wp-json\/wp\/v2\/types\/page"}],"author":[{"embeddable":true,"href":"https:\/\/suomenrehtorit.fi\/web\/wp-json\/wp\/v2\/users\/2"}],"replies":[{"embeddable":true,"href":"https:\/\/suomenrehtorit.fi\/web\/wp-json\/wp\/v2\/comments?post=274"}],"version-history":[{"count":9,"href":"https:\/\/suomenrehtorit.fi\/web\/wp-json\/wp\/v2\/pages\/274\/revisions"}],"predecessor-version":[{"id":3117,"href":"https:\/\/suomenrehtorit.fi\/web\/wp-json\/wp\/v2\/pages\/274\/revisions\/3117"}],"wp:attachment":[{"href":"https:\/\/suomenrehtorit.fi\/web\/wp-json\/wp\/v2\/media?parent=274"}],"curies":[{"name":"wp","href":"https:\/\/api.w.org\/{rel}","templated":true}]}}