{"id":3961,"date":"2024-02-29T12:01:39","date_gmt":"2024-02-29T10:01:39","guid":{"rendered":"https:\/\/suomenrehtorit.fi\/web\/?page_id=3961"},"modified":"2026-02-19T15:03:26","modified_gmt":"2026-02-19T13:03:26","slug":"ammatillinen-oikeusturva-ja-vastuuvakuutus","status":"publish","type":"page","link":"https:\/\/suomenrehtorit.fi\/web\/ammatillinen-oikeusturva-ja-vastuuvakuutus\/","title":{"rendered":"Ammatillinen oikeusturva- ja vastuuvakuutus"},"content":{"rendered":"\n<p>T\u00e4ll\u00e4 sivulla on kerrottu p\u00e4\u00e4piirteitt\u00e4in, ei tyhjent\u00e4v\u00e4sti, oikeusturva- ja vastuuvakuutuksen sis\u00e4ll\u00f6ist\u00e4. Tarkempia tietoja saat sivun lopussa olevasta tuote-esitteest\u00e4. Varsinaisen j\u00e4senen j\u00e4senyys on voimassa, kun henkil\u00f6 on suorittanut j\u00e4senmaksunsa ajallaan Suomen Rehtorit ry:n s\u00e4\u00e4nt\u00f6jen mukaisesti. <\/p>\n\n\n\n<p><strong>Ammatillinen ryhm\u00e4vastuuvakuutus<\/strong> on Suomen Rehtorit ry:n j\u00e4senilleen ottama ryhm\u00e4vakuutus.<br>Ammatillisesta ryhm\u00e4vastuuvakuutuksesta korvataan Suomen Rehtorit ry:n varsinaisen j\u00e4senen (my\u00f6h. vakuutetut) ty\u00f6- tai virkateht\u00e4v\u00e4n suorittamisen yhteydess\u00e4 toiselle aiheutettuja henkil\u00f6- ja esinevahinkoja, joista vakuutettu j\u00e4sen on voimassa olevan oikeuden mukaan vahingonkorvausvastuussa, kun t\u00e4m\u00e4 vastuu perustuu vakuutuskauden aikana tapahtuneeseen tekoon tai laiminly\u00f6ntiin.<br>Vakuutus on voimassa vain ty\u00f6- tai virkateht\u00e4vien suorittamisen yhteydess\u00e4. Vakuutuksen vahinkokohtainen<br>vakuutusm\u00e4\u00e4r\u00e4 on 200 000 euroa ja vakuutetun vahinkokohtainen omavastuu on 100 euroa.<\/p>\n\n\n\n<p><strong>Ammatillinen ryhm\u00e4oikeusturvavakuutus<\/strong> on Suomen Rehtorit ry:n j\u00e4senilleen ottama ryhm\u00e4vakuutus.<br>Ammatillisesta ryhm\u00e4oikeusturvavakuutuksesta korvataan Suomen Rehtorit ry:n varsinaisen j\u00e4senen (my\u00f6h. vakuutetut) v\u00e4ltt\u00e4m\u00e4tt\u00f6m\u00e4t ja kohtuulliset asiamieskulut riita- ja rikosasioissa, jotka koskevat vakuutetun ty\u00f6suhdetta tai virkamiehen\u00e4 toimimista. <\/p>\n\n\n\n<p>Yksityisel\u00e4m\u00e4n piiriin kuuluvat asiat eiv\u00e4t sis\u00e4lly ammatilliseen ryhm\u00e4oikeusturvavakuutukseen.<br>Vakuutuskirjassa mainittu oikeusturvavakuutuksen vakuutusm\u00e4\u00e4r\u00e4 on korvauksen yl\u00e4raja, ts. yhdest\u00e4 vakuutustapahtumasta maksettava enimm\u00e4iskorvaus. Vakuutusm\u00e4\u00e4r\u00e4 on 50 000 euroa. Vakuutusm\u00e4\u00e4r\u00e4\u00e4n sis\u00e4ltyy maksettavaksi tuomitut vastapuolen oikeudenk\u00e4yntikulut. Maksettavaksi tuomitut vastapuolen oikeudenk\u00e4yntikulut korvataan samoin ehdoin kuin vakuutetun omat kulut.<br>Yhden vakuutuskauden aikana samalle vakuutetulle sattuneista, useammasta kuin yhdest\u00e4 vakuutustapahtumasta maksettavien korvausten enimm\u00e4ism\u00e4\u00e4r\u00e4 on kuitenkin enint\u00e4\u00e4n vakuutuskirjalle merkitty vakuutusm\u00e4\u00e4r\u00e4.<br>Vakuutetun omavastuu jokaisessa vakuutustapahtumassa on 10 prosenttia asiamieskuluista, ellei muuta ole erikseen sovittu ja mainittu vakuutuskirjassa. Omavastuu on kuitenkin aina v\u00e4hint\u00e4\u00e4n vakuutuskirjassa mainittu eurom\u00e4\u00e4r\u00e4inen minimiomavastuu (300 euroa).<\/p>\n\n\n\n<p><strong>Oikeusturvavakuutus<\/strong>\u00a0korvaa asianajo- ja oikeudenk\u00e4yntikulut virka- tai ty\u00f6suhteeseen liittyviss\u00e4 riita- ja rikosasioissa sek\u00e4 hallintomenettelyn\u00e4 tai hallintolaink\u00e4ytt\u00f6n\u00e4 k\u00e4sitelt\u00e4viss\u00e4 asioissa. <\/p>\n\n\n\n<p>Oikeusturvavakuutuksen perusteella maksetaan asiamiehen kohtuullinen palkkio ja h\u00e4nen v\u00e4ltt\u00e4m\u00e4tt\u00f6m\u00e4t kulunsa, kun ne ovat aiheutuneet korvattavasta vakuutustapahtumasta. Riita-asioissa, joissa riidanalaisen etuuden arvo on rahassa arvioitavissa, vakuutuksesta korvataan<br>vakuutuskirjaan merkityn vakuutusm\u00e4\u00e4r\u00e4n puitteissa enint\u00e4\u00e4n riidanalaisen etuuden kaksinkertainen m\u00e4\u00e4r\u00e4 tai jos riidan kohteena on m\u00e4\u00e4r\u00e4ajoin toistuva maksu, korvataan enint\u00e4\u00e4n riidanalaisen kertamaksun kymmenkertainen m\u00e4\u00e4r\u00e4. Kaikissa asioissa korvattavien kulujen m\u00e4\u00e4r\u00e4 on kuitenkin enint\u00e4\u00e4n vakuutetun vastapuolelleen esitt\u00e4m\u00e4n kuluvaatimuksen suuruinen.<br>Vakuutetun omaa ty\u00f6t\u00e4, ajanhukkaa tai ansionmenetyst\u00e4 vakuutuksesta ei korvata.<br>K\u00e4ytett\u00e4v\u00e4n asiamiehen tulee olla asianajaja tai omattava oikeustieteeteen kandinaatin\/maisterin tutkinto tai vastaava ulkomainen tutkinto, jolla on lis\u00e4ksi oikeus toimia oikeudenk\u00e4yntiasiamiehen\u00e4. Vakuutuksesta ei korvata sellaisen asiamiehen k\u00e4yt\u00f6st\u00e4 aiheutuvia kustannuksia, joka ei t\u00e4yt\u00e4 edell\u00e4 selostettuja p\u00e4tevyysvaatimuksia.<\/p>\n\n\n\n<p>Rikosasiassa korvattava vakuutustapahtuma on<br>\u25aa rikosasian vireille tulo tuomioistuimessa<br>\u25aa esitutkinnan aloittaminen asiassa<br>Vakuutus ei kata vakuutetulle aiheutuvia oikeudenk\u00e4yntikuluja rikosasiassa, jossa syytt\u00e4j\u00e4n vakuutettua vastaan ajama syyte koskee t\u00f6rke\u00e4ll\u00e4 tuottamuksella tai tahallisesti aiheutettua rikosta.<br>Oikeudenk\u00e4yntikulut kuitenkin korvataan j\u00e4lkeenp\u00e4in, mik\u00e4li vakuutettu on lainvoimaisella tuomiolla tuomittu vain lievemm\u00e4st\u00e4 rikoksesta tai vapautettu syytteest\u00e4.<\/p>\n\n\n\n<p><strong>Kahden vuoden s\u00e4\u00e4nt\u00f6:<\/strong> Vakuutuksesta korvataan vakuutuksen voimassaoloaikana sattuneet vakuutustapahtumat.<br>Jos t\u00e4m\u00e4 vakuutus kuitenkin on vakuutustapahtuman sattuessa ollut voimassa v\u00e4hemm\u00e4n kuin kaksi vuotta vakuutetun hyv\u00e4ksi, tulee my\u00f6s niiden seikkojen, joihin riita, vaatimus tai syyte perustuu, olla syntynyt vakuutuksen voimassaoloaikana.<\/p>\n\n\n\n<p>Rajoituksilla pyrit\u00e4\u00e4n s\u00e4ilytt\u00e4m\u00e4\u00e4n vakuutusmaksut kohtuullisina ja est\u00e4m\u00e4\u00e4n mm. riitojen pitkittymist\u00e4, asianajokuluihinsa n\u00e4hden kohtuutonta riitely\u00e4 v\u00e4h\u00e4isiss\u00e4 asioissa ja riitely\u00e4 vakuutettujen kesken.<\/p>\n\n\n\n<p><strong>Esimerkki korvausrajoituksesta: <\/strong>Vakuutettu haki oikeusturvavakuutuksesta korvausta avioeron selvittelyss\u00e4 aiheutuneista asiamieskuluista. Kulut eiv\u00e4t olleet aiheutuneet asiasta, joka koski vakuutetun ty\u00f6- tai virkasuhdetta, joten korvausta ei suoritettu ammatillisen ryhm\u00e4oikeusturvavakuutuksen perusteella.<\/p>\n\n\n\n<p><br><strong>Esimerkki korvausrajoituksesta (kahden vuoden s\u00e4\u00e4nt\u00f6): <\/strong>Henkil\u00f6 oli liittynyt Suomen Rehtorit ry:n j\u00e4seneksi ja saanut siten vakuutetun aseman vasta sen j\u00e4lkeen, kun h\u00e4n oli solminut ty\u00f6sopimuksen nykyisen ty\u00f6nantajansa kanssa. Pian liittymisen j\u00e4lkeen j\u00e4sen riitaantui ty\u00f6antajansa kanssa ja haki aiheutuneista lakimieskuluista korvausta ammatillisesta ryhm\u00e4oikeusturvavakuutuksesta.<br>Vahinkoa ei korvattu ammatillisesta ryhm\u00e4oikeusturvavakuutuksesta, koska vakuutus ei ollut ollut voimassa vakuutetun hyv\u00e4ksi v\u00e4hint\u00e4\u00e4n kahden vuoden ajan, eik\u00e4 riidan perusteena oleva seikka (ty\u00f6sopimus) ollut syntynyt vakuutuksen voimassaoloaikana.<\/p>\n\n\n\n<p><br><strong>Esimerkki korvausrajoituksesta:<\/strong> Vakuutettu katsoi, ett\u00e4 ty\u00f6antaja oli laiminly\u00f6nyt asianmukaisen palkanmaksun ja vaati saataviaan kirjallisesti ty\u00f6nantajalta. Ty\u00f6antaja ei reagoinut ty\u00f6ntekij\u00e4n vaatimuksiin. Vakuutettu haki asiassa oikeusturvaetua vakuutusyhti\u00f6lt\u00e4. Riita-asiassa oikeusturvavakuutuksesta voidaan my\u00f6nt\u00e4\u00e4 oikeusturvaetu vain, mik\u00e4li yksil\u00f6ity vaatimus on kiistetty m\u00e4\u00e4r\u00e4lt\u00e4\u00e4n tai perusteeltaan. Asiassa ei voitu my\u00f6nt\u00e4\u00e4 oikeusturvaetua ennen kuin vaatimuksen kiist\u00e4minen oli voitu osoittaa. Mik\u00e4li vastapuoli pit\u00e4ytyy passiivisena, ei oikeusturvaetu voida my\u00f6nt\u00e4\u00e4 lainkaan.<\/p>\n\n\n\n<p><br><strong>Esimerkki korvausrajoituksesta:<\/strong> Vakuutuksen piiriin kuuluvan ty\u00f6suhderiidan selvitt\u00e4miseksi vakuutettu joutui olemaan poissa ansiotoiminnastaan, josta h\u00e4nelle aiheutui tulonmenetyst\u00e4. Ammatillisen ryhm\u00e4vakuutuksen korvauspiirin ei kuulu vakuutetun ansiotulon v\u00e4hentyminen tai menetys, eik\u00e4 menetyst\u00e4 korvattu ammatillisesta ryhm\u00e4oikeusturvavakuutuksesta.<\/p>\n\n\n\n<div class=\"wp-block-uagb-call-to-action uagb-block-91bb028a\"><div class=\"uagb-cta__wrap\"><h3 class=\"uagb-cta__title\"><strong>Kun vahinko on sattunut tai tarvitset oikeusturvaetua<\/strong><\/h3><p class=\"uagb-cta__desc\">Jos et ole OAJ:n j\u00e4sen, t\u00e4yt\u00e4 <strong><a href=\"https:\/\/suomenrehtorit.fi\/web\/yhteydenotto-juridinen-asiantuntijapalvelu\/\" target=\"_blank\" rel=\"noreferrer noopener\">yhteydenottolomake<\/a><\/strong> ja ole yhteydess\u00e4 Suomen Rehtorit ry:n toimistoon tarkempien vakuutustietojen saamiseksi.<\/p><\/div><div class=\"uagb-cta__buttons\"><\/div><\/div>\n\n\n\n<p>Jos olet SURE:n j\u00e4senyyden lis\u00e4ksi my\u00f6s OAJ:n j\u00e4sen, ota aina ensin yhteytt\u00e4 OAJ:n lakimieheen ja pyyd\u00e4 heit\u00e4 tekem\u00e4\u00e4n arvio asiasta.<\/p>\n\n\n\n<p>Ilmoita vahingosta Fennialle mahdollisimman pian. J\u00e4senet voivat tehd\u00e4 t\u00e4m\u00e4n kirjautumalla OmaFennia-palveluun osoitteessa <a rel=\"noreferrer noopener\" href=\"http:\/\/www.fennia.fi\/\" target=\"_blank\">www.fennia.fi<\/a>.<br>Vakuutuskorvausta on haettava vuoden kuluessa siit\u00e4, kun korvauksen hakija on saanut tiet\u00e4\u00e4 vakuutuksen voimassaolosta, vakuutustapahtumasta ja vakuutustapahtumasta aiheutuneesta vahinkoseuraamuksesta. <br>Korvausvaatimus on joka tapauksessa esitett\u00e4v\u00e4 kymmenen vuoden kuluessa vakuutustapahtumasta. Jos vakuutus on otettu henkil\u00f6vahingon tai vahingonkorvausvelvollisuuden varalta, on korvausvaatimus esitett\u00e4v\u00e4 kymmenen vuoden kuluessa vahinkoseuraamuksen aiheutumisesta.<\/p>\n\n\n\n<h2 class=\"wp-block-heading\">Oikeusturvavakuutus<\/h2>\n\n\n\n<figure class=\"wp-block-image size-full\"><img loading=\"lazy\" decoding=\"async\" width=\"623\" height=\"467\" src=\"https:\/\/suomenrehtorit.fi\/web\/wp-content\/uploads\/sites\/2\/2024\/02\/oikeusturva-1.jpg\" alt=\"\" class=\"wp-image-4010\" srcset=\"https:\/\/suomenrehtorit.fi\/web\/wp-content\/uploads\/sites\/2\/2024\/02\/oikeusturva-1.jpg 623w, https:\/\/suomenrehtorit.fi\/web\/wp-content\/uploads\/sites\/2\/2024\/02\/oikeusturva-1-300x225.jpg 300w, https:\/\/suomenrehtorit.fi\/web\/wp-content\/uploads\/sites\/2\/2024\/02\/oikeusturva-1-252x189.jpg 252w, https:\/\/suomenrehtorit.fi\/web\/wp-content\/uploads\/sites\/2\/2024\/02\/oikeusturva-1-522x391.jpg 522w\" sizes=\"auto, (max-width: 623px) 100vw, 623px\" \/><\/figure>\n\n\n\n<h2 class=\"wp-block-heading\">Vastuuvakuutus<\/h2>\n\n\n\n<figure class=\"wp-block-image size-full\"><img loading=\"lazy\" decoding=\"async\" width=\"604\" height=\"484\" src=\"https:\/\/suomenrehtorit.fi\/web\/wp-content\/uploads\/sites\/2\/2024\/02\/vastuuvakuutus.jpg\" alt=\"\" class=\"wp-image-4011\" srcset=\"https:\/\/suomenrehtorit.fi\/web\/wp-content\/uploads\/sites\/2\/2024\/02\/vastuuvakuutus.jpg 604w, https:\/\/suomenrehtorit.fi\/web\/wp-content\/uploads\/sites\/2\/2024\/02\/vastuuvakuutus-300x240.jpg 300w, https:\/\/suomenrehtorit.fi\/web\/wp-content\/uploads\/sites\/2\/2024\/02\/vastuuvakuutus-252x202.jpg 252w, https:\/\/suomenrehtorit.fi\/web\/wp-content\/uploads\/sites\/2\/2024\/02\/vastuuvakuutus-522x418.jpg 522w\" sizes=\"auto, (max-width: 604px) 100vw, 604px\" \/><\/figure>\n\n\n\n<h2 class=\"wp-block-heading\">Tuote-esite: ammatillinen ryhm\u00e4vastuuvakuutus ja ammatillinen ryhm\u00e4oikeusturvavakuutus<\/h2>\n\n\n\n<div data-wp-interactive=\"core\/file\" class=\"wp-block-file\"><object data-wp-bind--hidden=\"!state.hasPdfPreview\" hidden class=\"wp-block-file__embed\" data=\"https:\/\/suomenrehtorit.fi\/web\/wp-content\/uploads\/sites\/2\/2024\/03\/Tuote-esite-ryhmavastuu-ja-ryhmaoikeusturvavakuutus_.Suomen-Rehtorit-ry-1.3.2024.pdf\" type=\"application\/pdf\" style=\"width:100%;height:600px\" aria-label=\"Tiedoston Tuote-esite-ryhmavastuu-ja-ryhmaoikeusturvavakuutus_.Suomen-Rehtorit-ry-1.3.2024 upotus.\"><\/object><a id=\"wp-block-file--media-343102d5-46d4-4a91-90f0-24a34f522826\" href=\"https:\/\/suomenrehtorit.fi\/web\/wp-content\/uploads\/sites\/2\/2024\/03\/Tuote-esite-ryhmavastuu-ja-ryhmaoikeusturvavakuutus_.Suomen-Rehtorit-ry-1.3.2024.pdf\">Tuote-esite-ryhmavastuu-ja-ryhmaoikeusturvavakuutus_.Suomen-Rehtorit-ry-1.3.2024<\/a><a href=\"https:\/\/suomenrehtorit.fi\/web\/wp-content\/uploads\/sites\/2\/2024\/03\/Tuote-esite-ryhmavastuu-ja-ryhmaoikeusturvavakuutus_.Suomen-Rehtorit-ry-1.3.2024.pdf\" class=\"wp-block-file__button wp-element-button\" download aria-describedby=\"wp-block-file--media-343102d5-46d4-4a91-90f0-24a34f522826\">Lataa<\/a><\/div>\n","protected":false},"excerpt":{"rendered":"<p>T\u00e4ll\u00e4 sivulla on kerrottu p\u00e4\u00e4piirteitt\u00e4in, ei tyhjent\u00e4v\u00e4sti, oikeusturva- ja vastuuvakuutuksen sis\u00e4ll\u00f6ist\u00e4. Tarkempia tietoja saat sivun lopussa olevasta tuote-esitteest\u00e4. Varsinaisen j\u00e4senen j\u00e4senyys on voimassa, kun henkil\u00f6 on suorittanut j\u00e4senmaksunsa ajallaan Suomen Rehtorit ry:n s\u00e4\u00e4nt\u00f6jen mukaisesti. Ammatillinen ryhm\u00e4vastuuvakuutus on Suomen Rehtorit ry:n j\u00e4senilleen ottama ryhm\u00e4vakuutus.Ammatillisesta ryhm\u00e4vastuuvakuutuksesta korvataan Suomen Rehtorit ry:n varsinaisen j\u00e4senen (my\u00f6h. vakuutetut) ty\u00f6- tai virkateht\u00e4v\u00e4n &#8230; <a title=\"Ammatillinen oikeusturva- ja vastuuvakuutus\" class=\"read-more\" href=\"https:\/\/suomenrehtorit.fi\/web\/ammatillinen-oikeusturva-ja-vastuuvakuutus\/\" aria-label=\"Lue lis\u00e4\u00e4 aiheesta Ammatillinen oikeusturva- ja vastuuvakuutus\">Lue lis\u00e4\u00e4<\/a><\/p>\n","protected":false},"author":3,"featured_media":0,"parent":0,"menu_order":0,"comment_status":"closed","ping_status":"closed","template":"","meta":{"_uag_custom_page_level_css":"","_mc_calendar":[],"footnotes":""},"class_list":["post-3961","page","type-page","status-publish"],"uagb_featured_image_src":{"full":false,"thumbnail":false,"medium":false,"medium_large":false,"large":false,"magazine-cw3":false,"magazine-cw6":false,"magazine-cw9":false,"magazine-cw12":false,"magazine-thumb":false,"magazine-toc":false,"1536x1536":false,"2048x2048":false,"gform-image-choice-sm":false,"gform-image-choice-md":false,"gform-image-choice-lg":false},"uagb_author_info":{"display_name":"Admin","author_link":"https:\/\/suomenrehtorit.fi\/web\/author\/toni-lehtinen\/"},"uagb_comment_info":0,"uagb_excerpt":"T\u00e4ll\u00e4 sivulla on kerrottu p\u00e4\u00e4piirteitt\u00e4in, ei tyhjent\u00e4v\u00e4sti, oikeusturva- ja vastuuvakuutuksen sis\u00e4ll\u00f6ist\u00e4. Tarkempia tietoja saat sivun lopussa olevasta tuote-esitteest\u00e4. Varsinaisen j\u00e4senen j\u00e4senyys on voimassa, kun henkil\u00f6 on suorittanut j\u00e4senmaksunsa ajallaan Suomen Rehtorit ry:n s\u00e4\u00e4nt\u00f6jen mukaisesti. Ammatillinen ryhm\u00e4vastuuvakuutus on Suomen Rehtorit ry:n j\u00e4senilleen ottama ryhm\u00e4vakuutus.Ammatillisesta ryhm\u00e4vastuuvakuutuksesta korvataan Suomen Rehtorit ry:n varsinaisen j\u00e4senen (my\u00f6h. vakuutetut) ty\u00f6- tai virkateht\u00e4v\u00e4n&hellip;","_links":{"self":[{"href":"https:\/\/suomenrehtorit.fi\/web\/wp-json\/wp\/v2\/pages\/3961","targetHints":{"allow":["GET"]}}],"collection":[{"href":"https:\/\/suomenrehtorit.fi\/web\/wp-json\/wp\/v2\/pages"}],"about":[{"href":"https:\/\/suomenrehtorit.fi\/web\/wp-json\/wp\/v2\/types\/page"}],"author":[{"embeddable":true,"href":"https:\/\/suomenrehtorit.fi\/web\/wp-json\/wp\/v2\/users\/3"}],"replies":[{"embeddable":true,"href":"https:\/\/suomenrehtorit.fi\/web\/wp-json\/wp\/v2\/comments?post=3961"}],"version-history":[{"count":16,"href":"https:\/\/suomenrehtorit.fi\/web\/wp-json\/wp\/v2\/pages\/3961\/revisions"}],"predecessor-version":[{"id":5224,"href":"https:\/\/suomenrehtorit.fi\/web\/wp-json\/wp\/v2\/pages\/3961\/revisions\/5224"}],"wp:attachment":[{"href":"https:\/\/suomenrehtorit.fi\/web\/wp-json\/wp\/v2\/media?parent=3961"}],"curies":[{"name":"wp","href":"https:\/\/api.w.org\/{rel}","templated":true}]}}