{"id":54,"date":"2023-04-17T07:15:43","date_gmt":"2023-04-17T07:15:43","guid":{"rendered":"https:\/\/suomenrehtorit.fi\/web\/?page_id=54"},"modified":"2026-02-20T09:33:15","modified_gmt":"2026-02-20T07:33:15","slug":"hallitus","status":"publish","type":"page","link":"https:\/\/suomenrehtorit.fi\/web\/suomen-rehtorit-ry\/hallitus\/","title":{"rendered":"Hallitus"},"content":{"rendered":"\n<p>Kahdeksi vuodeksi valittava hallitus k\u00e4ytt\u00e4\u00e4 toimeenpanovaltaa Suomen Rehtorit ry:ss\u00e4. Hallitus johtaa j\u00e4rjest\u00f6n toimintaa s\u00e4\u00e4nt\u00f6jen ja vuosikokouksen hyv\u00e4ksymien toimintalinjausten mukaan.<\/p>\n\n\n\n<p>Hallitukseen kuuluvat vuosikokouksessa valitut puheenjohtaja, varapuheenjohtaja\u00a0ja\u00a0yhdeks\u00e4n varsinaista j\u00e4sent\u00e4 sek\u00e4\u00a0heid\u00e4n henkil\u00f6kohtaiset varaj\u00e4senens\u00e4. Hallituksen j\u00e4senten toimikausi on kaksi vuotta siten, ett\u00e4\u00a0nelj\u00e4 tai viisi j\u00e4sent\u00e4\u00a0on erovuorossa vuosittain.<\/p>\n\n\n\n<p>Hallitus valitsee&nbsp;sihteerin ja taloudenhoitajan.<\/p>\n\n\n\n<h2 class=\"wp-block-heading\">Hallitus 2026<\/h2>\n\n\n\n<p>Suluissa hallituksen j\u00e4senen vastuualue. OJN-lyhenne tarkoittaa, ett\u00e4 henkil\u00f6 edustaa SUREa Opetusalan johdon neuvottelukunnassa OJN:ss\u00e4.<\/p>\n\n\n\n<ul class=\"wp-block-list\">\n<li>Puheenjohtaja, OJN, P\u00e4ivi Ikola,&nbsp;<a href=\"mailto:paivi.ikola@suomenrehtorit.fi\">paivi.ikola@suomenrehtorit.fi<\/a>,&nbsp;puh. 040&nbsp;594 0946<\/li>\n\n\n\n<li>Varapuheenjohtaja, OJN, Hanne Lahtinen,\u00a0<a href=\"mailto:hanne.lahtinen@sivistys.mikkeli.fi\">hanne.lahtinen@gmail.com<\/a>, puh. 044 794 3020<\/li>\n\n\n\n<li>Jarkko Rieppo,&nbsp;<a href=\"mailto:jarkko.rieppo@joensuu.fi\"><\/a><a href=\"mailto:rieppoj@gmail.com\">rieppoj@gmail.com<\/a>&nbsp;&nbsp;(henkil\u00f6j\u00e4senasiat)<\/li>\n\n\n\n<li>Ulla-Maria \u00c5strand, OJN, <a href=\"mailto:ullamaria.astrand@edu.kokkola.fi\">ullamaria.astrand@edu.kokkola.fi<\/a> (j\u00e4rjest\u00f6toiminta)<\/li>\n\n\n\n<li>&nbsp;Marko Kuvaja, OJN, <a href=\"mailto:marko.kuvaja@edukajaani.fi\" target=\"_blank\" rel=\"noreferrer noopener\">marko.kuvaja@edukajaani.fi<\/a> (edunvalvonta)<\/li>\n\n\n\n<li>Anu Tiilikainen, OJN,&nbsp;<a href=\"mailto:anu.tiilikainen@kotka.fi\">anu.tiilikainen@kotka.fi<\/a>&nbsp;(viestint\u00e4)<\/li>\n\n\n\n<li>Ari Rintanen, <a href=\"mailto:ari.rintanen@parainen.fi\" target=\"_blank\" rel=\"noreferrer noopener\">ari.rintanen@parainen.fi<\/a>&nbsp;(verkostoituminen ja yhteisty\u00f6tahot)<\/li>\n\n\n\n<li>Jyrki Rosti, OJN,&nbsp;<a href=\"mailto:jyrki.rosti@lahti.fi\">jyrki.rosti@lahti.fi<\/a>&nbsp;(talous)<\/li>\n\n\n\n<li>Agneta Torsell, OJN,&nbsp;<a href=\"mailto:agneta.torsell@espoo.fi\">agneta.torsell@espoo.fi<\/a>&nbsp;(kansainv\u00e4lisyys)<\/li>\n\n\n\n<li>Sari Hakola,&nbsp;<a href=\"mailto:sari.t.hakola@outlook.com\" target=\"_blank\" rel=\"noreferrer noopener\">sari.t.hakola@outlook.com<\/a>&nbsp;(koulutus)<\/li>\n\n\n\n<li>Yksi hallituksen j\u00e4sen eronnut 10.2.2026<\/li>\n<\/ul>\n\n\n\n<h3 class=\"wp-block-heading\">Henkil\u00f6kohtaiset varaj\u00e4senet<\/h3>\n\n\n\n<ul class=\"wp-block-list\">\n<li>Kirsi Lahti, <a href=\"mailto:kirsi.lahti@vantaa.fi\" target=\"_blank\" rel=\"noreferrer noopener\">kirsi.lahti@vantaa.fi<\/a>  (Sari Hakolan varaj\u00e4sen)<\/li>\n\n\n\n<li>Teemu Mustonen, <a href=\"mailto:teemu.mustonen@varkaus.fi\">teemu.mustonen@varkaus.fi<\/a>&nbsp;(Jarkko Riepon varaj\u00e4sen)<\/li>\n\n\n\n<li>Asko Peuraniemi,&nbsp;<a href=\"mailto:asko.peuraniemi@lapha.fi\" target=\"_blank\" rel=\"noreferrer noopener\">asko.peuraniemi@lapha.fi<\/a>&nbsp;(Marko Kuvajan varaj\u00e4sen)<\/li>\n\n\n\n<li>Satu Lahti, <a href=\"mailto:satu.m.lahti@jyvaskyla.fi\">satu.m.lahti@jyvaskyla.fi<\/a> (Ulla-Maria \u00c5strandin varaj\u00e4sen)<\/li>\n\n\n\n<li>Juha Kujanp\u00e4\u00e4, <a href=\"mailto:juha.kujanpaa@sipoo.fi\">juha.kujanpaa@sipoo.fi<\/a> (Anu Tiilikaisen varaj\u00e4sen)<\/li>\n\n\n\n<li>Anne Onnela,&nbsp;<a href=\"mailto:anne.onnela@ulapland.fi\">anne.onnela@ulapland.fi<\/a> (Sami Peltosen varaj\u00e4sen)<\/li>\n\n\n\n<li>Jaana Selkil\u00e4, <a href=\"mailto:jaana.selkila@lempaala.fi\">jaana.selkila@lempaala.fi<\/a>  (Jyrki Rostin varaj\u00e4sen)<\/li>\n\n\n\n<li>Helka Kalajoki, <a href=\"mailto:helka.kalajoki@rusko.fi\" target=\"_blank\" rel=\"noreferrer noopener\">helka.kalajoki@rusko.fi<\/a> (Ari Rintasen varaj\u00e4sen)<\/li>\n<\/ul>\n\n\n\n<p><\/p>\n","protected":false},"excerpt":{"rendered":"<p>Kahdeksi vuodeksi valittava hallitus k\u00e4ytt\u00e4\u00e4 toimeenpanovaltaa Suomen Rehtorit ry:ss\u00e4. Hallitus johtaa j\u00e4rjest\u00f6n toimintaa s\u00e4\u00e4nt\u00f6jen ja vuosikokouksen hyv\u00e4ksymien toimintalinjausten mukaan. Hallitukseen kuuluvat vuosikokouksessa valitut puheenjohtaja, varapuheenjohtaja\u00a0ja\u00a0yhdeks\u00e4n varsinaista j\u00e4sent\u00e4 sek\u00e4\u00a0heid\u00e4n henkil\u00f6kohtaiset varaj\u00e4senens\u00e4. Hallituksen j\u00e4senten toimikausi on kaksi vuotta siten, ett\u00e4\u00a0nelj\u00e4 tai viisi j\u00e4sent\u00e4\u00a0on erovuorossa vuosittain. Hallitus valitsee&nbsp;sihteerin ja taloudenhoitajan. Hallitus 2026 Suluissa hallituksen j\u00e4senen vastuualue. OJN-lyhenne tarkoittaa, &#8230; <a title=\"Hallitus\" class=\"read-more\" href=\"https:\/\/suomenrehtorit.fi\/web\/suomen-rehtorit-ry\/hallitus\/\" aria-label=\"Lue lis\u00e4\u00e4 aiheesta Hallitus\">Lue lis\u00e4\u00e4<\/a><\/p>\n","protected":false},"author":2,"featured_media":0,"parent":274,"menu_order":0,"comment_status":"closed","ping_status":"closed","template":"","meta":{"_uag_custom_page_level_css":"","_mc_calendar":[],"footnotes":""},"class_list":["post-54","page","type-page","status-publish"],"uagb_featured_image_src":{"full":false,"thumbnail":false,"medium":false,"medium_large":false,"large":false,"magazine-cw3":false,"magazine-cw6":false,"magazine-cw9":false,"magazine-cw12":false,"magazine-thumb":false,"magazine-toc":false,"1536x1536":false,"2048x2048":false,"gform-image-choice-sm":false,"gform-image-choice-md":false,"gform-image-choice-lg":false},"uagb_author_info":{"display_name":"Miira Tirkkonen","author_link":"https:\/\/suomenrehtorit.fi\/web\/author\/miirat\/"},"uagb_comment_info":0,"uagb_excerpt":"Kahdeksi vuodeksi valittava hallitus k\u00e4ytt\u00e4\u00e4 toimeenpanovaltaa Suomen Rehtorit ry:ss\u00e4. Hallitus johtaa j\u00e4rjest\u00f6n toimintaa s\u00e4\u00e4nt\u00f6jen ja vuosikokouksen hyv\u00e4ksymien toimintalinjausten mukaan. Hallitukseen kuuluvat vuosikokouksessa valitut puheenjohtaja, varapuheenjohtaja\u00a0ja\u00a0yhdeks\u00e4n varsinaista j\u00e4sent\u00e4 sek\u00e4\u00a0heid\u00e4n henkil\u00f6kohtaiset varaj\u00e4senens\u00e4. Hallituksen j\u00e4senten toimikausi on kaksi vuotta siten, ett\u00e4\u00a0nelj\u00e4 tai viisi j\u00e4sent\u00e4\u00a0on erovuorossa vuosittain. Hallitus valitsee&nbsp;sihteerin ja taloudenhoitajan. Hallitus 2026 Suluissa hallituksen j\u00e4senen vastuualue. OJN-lyhenne tarkoittaa,&hellip;","_links":{"self":[{"href":"https:\/\/suomenrehtorit.fi\/web\/wp-json\/wp\/v2\/pages\/54","targetHints":{"allow":["GET"]}}],"collection":[{"href":"https:\/\/suomenrehtorit.fi\/web\/wp-json\/wp\/v2\/pages"}],"about":[{"href":"https:\/\/suomenrehtorit.fi\/web\/wp-json\/wp\/v2\/types\/page"}],"author":[{"embeddable":true,"href":"https:\/\/suomenrehtorit.fi\/web\/wp-json\/wp\/v2\/users\/2"}],"replies":[{"embeddable":true,"href":"https:\/\/suomenrehtorit.fi\/web\/wp-json\/wp\/v2\/comments?post=54"}],"version-history":[{"count":15,"href":"https:\/\/suomenrehtorit.fi\/web\/wp-json\/wp\/v2\/pages\/54\/revisions"}],"predecessor-version":[{"id":5228,"href":"https:\/\/suomenrehtorit.fi\/web\/wp-json\/wp\/v2\/pages\/54\/revisions\/5228"}],"up":[{"embeddable":true,"href":"https:\/\/suomenrehtorit.fi\/web\/wp-json\/wp\/v2\/pages\/274"}],"wp:attachment":[{"href":"https:\/\/suomenrehtorit.fi\/web\/wp-json\/wp\/v2\/media?parent=54"}],"curies":[{"name":"wp","href":"https:\/\/api.w.org\/{rel}","templated":true}]}}