{"id":62,"date":"2023-04-17T07:17:06","date_gmt":"2023-04-17T07:17:06","guid":{"rendered":"https:\/\/suomenrehtorit.fi\/web\/?page_id=62"},"modified":"2023-11-03T09:31:02","modified_gmt":"2023-11-03T07:31:02","slug":"rehtorin-kelpoisuus","status":"publish","type":"page","link":"https:\/\/suomenrehtorit.fi\/web\/rehtorin-ammatti\/rehtorin-kelpoisuus\/","title":{"rendered":"Rehtorin kelpoisuus"},"content":{"rendered":"\n<p>Rehtoreiden\/johtajien kelpoisuusvaatimuksista s\u00e4\u00e4det\u00e4\u00e4n asetuksessa opetustoimen henkil\u00f6st\u00f6n kelpoisuusvaatimuksista (986\/1998).<\/p>\n\n\n\n<h5 class=\"wp-block-heading\">Rehtorin kelpoisuus<\/h5>\n\n\n\n<p>Rehtoriksi on kelpoinen henkil\u00f6, jolla on:<\/p>\n\n\n\n<p>1) ylempi korkeakoulututkinto;<\/p>\n\n\n\n<p>2) t\u00e4ss\u00e4 asetuksessa s\u00e4\u00e4detty asianomaisen koulutusmuodon opettajan kelpoisuus;<\/p>\n\n\n\n<p>3) riitt\u00e4v\u00e4 ty\u00f6kokemus opettajan teht\u00e4viss\u00e4; sek\u00e4<\/p>\n\n\n\n<p>4) opetushallituksen hyv\u00e4ksymien perusteiden mukainen opetushallinnon tutkinto, v\u00e4hint\u00e4\u00e4n 25 opintopisteen tai v\u00e4hint\u00e4\u00e4n 15 opintoviikon laajuiset yliopiston j\u00e4rjest\u00e4m\u00e4t opetushallinnon opinnot taikka muulla tavalla hankittu riitt\u00e4v\u00e4 opetushallinnon tuntemus.&nbsp;<a href=\"https:\/\/www.finlex.fi\/fi\/laki\/ajantasa\/1998\/19980986#a3.11.2005-865\">(3.11.2005\/865)<\/a><\/p>\n\n\n\n<p>Jos samassa oppilaitoksessa j\u00e4rjestet\u00e4\u00e4n usean eri koulutusmuodon piiriin kuuluvaa koulutusta tai jos rehtori vastaa kahden tai useamman sellaisen oppilaitoksen toiminnasta, joissa j\u00e4rjestet\u00e4\u00e4n eri koulutusmuotojen piiriin kuuluvaa koulutusta, rehtorilla tulee olla 1 momentin 2 kohdassa tarkoitettu opettajan kelpoisuus johonkin niist\u00e4.<\/p>\n\n\n\n<p>Rehtorilla tulee my\u00f6s olla asianomaisen koulutusmuodon opettajan kelpoisuus, riitt\u00e4v\u00e4 kokemus opettajan teht\u00e4vist\u00e4 ja Opetushallituksen hyv\u00e4ksymien perusteiden mukainen opetushallinnon tutkinto tai v\u00e4hint\u00e4\u00e4n 25 opintopisteen laajuiset yliopiston j\u00e4rjest\u00e4m\u00e4t opetushallinnon opinnot taikka muulla tavalla hankittu riitt\u00e4v\u00e4 opetushallinnon tuntemus.<\/p>\n\n\n\n<p>Ala- ja yl\u00e4koulun hallinnollisen rajan poistuminen on aiheuttanut ep\u00e4selvyytt\u00e4 siit\u00e4, mik\u00e4 on asianomaisen koulutusmuodon opettajan kelpoisuus. Perusopetuksessa se on luokanopettajalla, aineenopettajalla, erityisopettajalla ja oppilaanohjaajalla.<\/p>\n\n\n\n<p>Erityisopettajan ja opinto-ohjaajan kelpoisuus rehtoriksi her\u00e4tt\u00e4v\u00e4t paljon kysymyksi\u00e4. Huomattavaa on, ett\u00e4 n\u00e4m\u00e4 kaksi mahdollistavat my\u00f6s sen, ett\u00e4 henkil\u00f6ll\u00e4 ei ole yliopistollista ylemp\u00e4\u00e4 korkeakoulututkintoa vaan ammatillisen puolen taustakoulutus. Opinto-ohjaajan tai erityisopettajakelpoisuus voi muodostua my\u00f6s ammatillisen tutkinnon (YAMK) kautta ja opinto-ohjaaja my\u00f6s AMK alemman ammttikorkeakoulututkinnon kautta, mutta rehtorilta edellytet\u00e4\u00e4n kuitenkin ylemp\u00e4\u00e4 korkeakoulututkintoa, johon YAMK rinnastuu. AMK ei siis riit\u00e4 jos opinto-ohjaaja rehtorin teht\u00e4v\u00e4\u00e4 havittelee. Muuten sek\u00e4 erityisopettaja ett\u00e4 opinto-ohjaaja ovat kelpoisia rehtoriksi<\/p>\n","protected":false},"excerpt":{"rendered":"<p>Rehtoreiden\/johtajien kelpoisuusvaatimuksista s\u00e4\u00e4det\u00e4\u00e4n asetuksessa opetustoimen henkil\u00f6st\u00f6n kelpoisuusvaatimuksista (986\/1998). Rehtorin kelpoisuus Rehtoriksi on kelpoinen henkil\u00f6, jolla on: 1) ylempi korkeakoulututkinto; 2) t\u00e4ss\u00e4 asetuksessa s\u00e4\u00e4detty asianomaisen koulutusmuodon opettajan kelpoisuus; 3) riitt\u00e4v\u00e4 ty\u00f6kokemus opettajan teht\u00e4viss\u00e4; sek\u00e4 4) opetushallituksen hyv\u00e4ksymien perusteiden mukainen opetushallinnon tutkinto, v\u00e4hint\u00e4\u00e4n 25 opintopisteen tai v\u00e4hint\u00e4\u00e4n 15 opintoviikon laajuiset yliopiston j\u00e4rjest\u00e4m\u00e4t opetushallinnon opinnot taikka muulla tavalla &#8230; <a title=\"Rehtorin kelpoisuus\" class=\"read-more\" href=\"https:\/\/suomenrehtorit.fi\/web\/rehtorin-ammatti\/rehtorin-kelpoisuus\/\" aria-label=\"Lue lis\u00e4\u00e4 aiheesta Rehtorin kelpoisuus\">Lue lis\u00e4\u00e4<\/a><\/p>\n","protected":false},"author":2,"featured_media":0,"parent":272,"menu_order":0,"comment_status":"closed","ping_status":"closed","template":"","meta":{"_uag_custom_page_level_css":"","_mc_calendar":[],"footnotes":""},"class_list":["post-62","page","type-page","status-publish"],"uagb_featured_image_src":{"full":false,"thumbnail":false,"medium":false,"medium_large":false,"large":false,"magazine-cw3":false,"magazine-cw6":false,"magazine-cw9":false,"magazine-cw12":false,"magazine-thumb":false,"magazine-toc":false,"1536x1536":false,"2048x2048":false,"gform-image-choice-sm":false,"gform-image-choice-md":false,"gform-image-choice-lg":false},"uagb_author_info":{"display_name":"Miira Tirkkonen","author_link":"https:\/\/suomenrehtorit.fi\/web\/author\/miirat\/"},"uagb_comment_info":0,"uagb_excerpt":"Rehtoreiden\/johtajien kelpoisuusvaatimuksista s\u00e4\u00e4det\u00e4\u00e4n asetuksessa opetustoimen henkil\u00f6st\u00f6n kelpoisuusvaatimuksista (986\/1998). Rehtorin kelpoisuus Rehtoriksi on kelpoinen henkil\u00f6, jolla on: 1) ylempi korkeakoulututkinto; 2) t\u00e4ss\u00e4 asetuksessa s\u00e4\u00e4detty asianomaisen koulutusmuodon opettajan kelpoisuus; 3) riitt\u00e4v\u00e4 ty\u00f6kokemus opettajan teht\u00e4viss\u00e4; sek\u00e4 4) opetushallituksen hyv\u00e4ksymien perusteiden mukainen opetushallinnon tutkinto, v\u00e4hint\u00e4\u00e4n 25 opintopisteen tai v\u00e4hint\u00e4\u00e4n 15 opintoviikon laajuiset yliopiston j\u00e4rjest\u00e4m\u00e4t opetushallinnon opinnot taikka muulla tavalla&hellip;","_links":{"self":[{"href":"https:\/\/suomenrehtorit.fi\/web\/wp-json\/wp\/v2\/pages\/62","targetHints":{"allow":["GET"]}}],"collection":[{"href":"https:\/\/suomenrehtorit.fi\/web\/wp-json\/wp\/v2\/pages"}],"about":[{"href":"https:\/\/suomenrehtorit.fi\/web\/wp-json\/wp\/v2\/types\/page"}],"author":[{"embeddable":true,"href":"https:\/\/suomenrehtorit.fi\/web\/wp-json\/wp\/v2\/users\/2"}],"replies":[{"embeddable":true,"href":"https:\/\/suomenrehtorit.fi\/web\/wp-json\/wp\/v2\/comments?post=62"}],"version-history":[{"count":4,"href":"https:\/\/suomenrehtorit.fi\/web\/wp-json\/wp\/v2\/pages\/62\/revisions"}],"predecessor-version":[{"id":3739,"href":"https:\/\/suomenrehtorit.fi\/web\/wp-json\/wp\/v2\/pages\/62\/revisions\/3739"}],"up":[{"embeddable":true,"href":"https:\/\/suomenrehtorit.fi\/web\/wp-json\/wp\/v2\/pages\/272"}],"wp:attachment":[{"href":"https:\/\/suomenrehtorit.fi\/web\/wp-json\/wp\/v2\/media?parent=62"}],"curies":[{"name":"wp","href":"https:\/\/api.w.org\/{rel}","templated":true}]}}