{"id":64,"date":"2023-04-17T07:17:19","date_gmt":"2023-04-17T07:17:19","guid":{"rendered":"https:\/\/suomenrehtorit.fi\/web\/?page_id=64"},"modified":"2026-02-05T14:13:38","modified_gmt":"2026-02-05T12:13:38","slug":"rehtorin-terveys-ja-hyvinvointi","status":"publish","type":"page","link":"https:\/\/suomenrehtorit.fi\/web\/rehtorin-ammatti\/rehtorin-terveys-ja-hyvinvointi\/","title":{"rendered":"Rehtorin terveys ja hyvinvointi"},"content":{"rendered":"\n<figure class=\"wp-block-image size-large\"><img loading=\"lazy\" decoding=\"async\" width=\"1024\" height=\"519\" src=\"https:\/\/suomenrehtorit.fi\/web\/wp-content\/uploads\/sites\/2\/mcx\/2023-6\/change-gb68e3d1e6_1920-1024x519.jpg\" alt=\"\" class=\"wp-image-974\" srcset=\"https:\/\/suomenrehtorit.fi\/web\/wp-content\/uploads\/sites\/2\/mcx\/2023-6\/change-gb68e3d1e6_1920-1024x519.jpg 1024w, https:\/\/suomenrehtorit.fi\/web\/wp-content\/uploads\/sites\/2\/mcx\/2023-6\/change-gb68e3d1e6_1920-300x152.jpg 300w, https:\/\/suomenrehtorit.fi\/web\/wp-content\/uploads\/sites\/2\/mcx\/2023-6\/change-gb68e3d1e6_1920-768x390.jpg 768w, https:\/\/suomenrehtorit.fi\/web\/wp-content\/uploads\/sites\/2\/mcx\/2023-6\/change-gb68e3d1e6_1920-252x128.jpg 252w, https:\/\/suomenrehtorit.fi\/web\/wp-content\/uploads\/sites\/2\/mcx\/2023-6\/change-gb68e3d1e6_1920-522x265.jpg 522w, https:\/\/suomenrehtorit.fi\/web\/wp-content\/uploads\/sites\/2\/mcx\/2023-6\/change-gb68e3d1e6_1920-792x402.jpg 792w, https:\/\/suomenrehtorit.fi\/web\/wp-content\/uploads\/sites\/2\/mcx\/2023-6\/change-gb68e3d1e6_1920-1062x539.jpg 1062w, https:\/\/suomenrehtorit.fi\/web\/wp-content\/uploads\/sites\/2\/mcx\/2023-6\/change-gb68e3d1e6_1920-1536x779.jpg 1536w, https:\/\/suomenrehtorit.fi\/web\/wp-content\/uploads\/sites\/2\/mcx\/2023-6\/change-gb68e3d1e6_1920.jpg 1920w\" sizes=\"auto, (max-width: 1024px) 100vw, 1024px\" \/><\/figure>\n\n\n\n<p>Rehtorin ty\u00f6n aikataulut ovat usein mahdottomia ja odotukset ep\u00e4inhimillisi\u00e4. Kiire, aikapula ja jatkuvasti keskeytyv\u00e4t teht\u00e4v\u00e4t kuuluvat rehtorin jokaiseen ty\u00f6p\u00e4iv\u00e4\u00e4n. Koska kouluty\u00f6n tavoitteiden toteutuminen ja koko yhteis\u00f6n hyvinvointi perustuvat vahvasti rehtorin hyvinvointiin, ty\u00f6olojen ja -hyvinvoinnin sek\u00e4 toimivan johtamisj\u00e4rjestelm\u00e4n kehitt\u00e4miseen on l\u00f6ydett\u00e4v\u00e4 resursseja.<\/p>\n\n\n\n<p>Vastuu rehtorin hyvinvoinnista ei saa j\u00e4\u00e4d\u00e4 h\u00e4nen omille harteilleen. Rehtorikin tarvitsee tukea ja kannustusta. H\u00e4nell\u00e4 on oltava ty\u00f6ss\u00e4\u00e4n riitt\u00e4v\u00e4t resurssit, jaettua johtajuutta, kohtuullinen ty\u00f6m\u00e4\u00e4r\u00e4, esimiehen tuki ja t\u00e4ydennyskoulutusta.<\/p>\n\n\n\n<p>Ammattikunnan ty\u00f6olojen kehitt\u00e4minen on Suren strategiassa j\u00e4rjest\u00f6n t\u00e4rkein edunvalvonnallinen kehitt\u00e4mistavoite.<\/p>\n\n\n\n<h2 class=\"wp-block-heading\">Julkaisemme Rehtoribarometrin joka vuosi<\/h2>\n\n\n\n<p>Suomen Rehtorit ry pysyy ajan tasalla rehtoreiden hyvinvoinnin kehitt\u00e4mistarpeista teett\u00e4m\u00e4ll\u00e4 s\u00e4\u00e4nn\u00f6llisesti rehtoribarometritutkimuksen. Sen vahva tieteellinen perusta takaa luotettavan ja arvokkaan tiedon saamisen. Sen pohjalta kehit\u00e4mme jatkuvasti edunvalvontaty\u00f6t\u00e4mme.<\/p>\n\n\n\n<p>Akatemiaprofessori <strong>Katariina Salmela-Aro<\/strong> on toteuttanut rehtoribarometritutkimuksen vuodesta 2019 l\u00e4htien yhdess\u00e4 aivotutkija, professori <strong>Minna Huotilaisen<\/strong> ja australialaisen professorin <strong>Philip <\/strong><strong>Rileyn<\/strong> kanssa.<\/p>\n\n\n\n<p>T\u00e4t\u00e4 oppilaitosjohdon ty\u00f6hyvinvointitutkimusta on toteutettu Australiassa vuodesta 2011 l\u00e4htien. Tutkimus on toteutettu my\u00f6s Irlannissa, Uudessa-Seelannissa ja Virossa.<\/p>\n\n\n\n<h3 class=\"wp-block-heading\">Kysely ja mittaus samassa tutkimuksessa<\/h3>\n\n\n\n<p>Suomalaisten rehtoreiden hyvinvointia selvitt\u00e4v\u00e4n tutkimuksen aineisto saadaan rehtoreille teht\u00e4v\u00e4st\u00e4 Rehtorin terveys ja hyvinvointi -kyselyst\u00e4 sek\u00e4 stressin, unen, liikkumisen ja palautumisen Firstbeat-mittaustuloksista. Niist\u00e4 jokainen vastaaja saa heti kyselyyn vastattuaan palautteen.<\/p>\n\n\n\n<p>Kysely l\u00e4hetet\u00e4\u00e4n kaikkien peruskoulujen sek\u00e4 lukioiden virka- ja luottamustoimisille rehtoreille, apulaisrehtoreille ja -johtajille sek\u00e4 vararehtoreille.<\/p>\n\n\n\n<p>Toteutamme hyvinvointitutkimusta tiiviiss\u00e4 yhteisty\u00f6ss\u00e4 my\u00f6s kansainv\u00e4lisen rehtorij\u00e4rjest\u00f6jen kattoj\u00e4rjest\u00f6n ICP:n kanssa. Suomen Rehtorit ja n\u00e4in my\u00f6s kaikki sen j\u00e4senet ovat ICP:n j\u00e4seni\u00e4.<\/p>\n\n\n\n<h3 class=\"wp-block-heading\">Tutkimus palvelee edunvalvontaty\u00f6t\u00e4mme<\/h3>\n\n\n\n<p>Korkeatasoinen akateeminen tutkimus tuottaa oppilaitosjohtajien ty\u00f6hyvinvoinnista kokonaiskuvan, joka auttaa j\u00e4rjest\u00f6mme edunvalvontaty\u00f6t\u00e4 merkitt\u00e4v\u00e4sti. K\u00e4yt\u00e4mme tietoja monin eri tavoin j\u00e4sentemme ty\u00f6hyvinvoinnin kehitt\u00e4misess\u00e4.<\/p>\n\n\n\n<p>Oppilaitosjohdon ty\u00f6hyvinvointitutkimus on her\u00e4tt\u00e4nyt my\u00f6s median mielenkiintoa kaikissa maissa, joissa tutkimus on toteutettu. Se on saavuttanut my\u00f6s monien t\u00e4rkeiden yhteiskunnallisten toimijoiden huomiota, mik\u00e4 on auttanut kysymysten kehitt\u00e4misty\u00f6t\u00e4. Vaikka kysely on laaja, siihen vastaaminen on koettu vaivan arvoiseksi ja vastausprosentti on ollut korkea. Kiitokset siit\u00e4 kaikille vastaajille!<\/p>\n\n\n\n<div data-wp-interactive=\"core\/file\" class=\"wp-block-file\"><object data-wp-bind--hidden=\"!state.hasPdfPreview\" hidden class=\"wp-block-file__embed\" data=\"https:\/\/suomenrehtorit.fi\/web\/wp-content\/uploads\/sites\/2\/2025\/12\/Katja-Upadyaya-jako.pdf\" type=\"application\/pdf\" style=\"width:100%;height:600px\" aria-label=\"Tiedoston Katja Upadyaya jako upotus.\"><\/object><a id=\"wp-block-file--media-3dcbe0bc-61f1-42bb-aa51-488c9bd7cf78\" href=\"https:\/\/suomenrehtorit.fi\/web\/wp-content\/uploads\/sites\/2\/2025\/12\/Katja-Upadyaya-jako.pdf\">Katja Upadyaya jako<\/a><a href=\"https:\/\/suomenrehtorit.fi\/web\/wp-content\/uploads\/sites\/2\/2025\/12\/Katja-Upadyaya-jako.pdf\" class=\"wp-block-file__button wp-element-button\" download aria-describedby=\"wp-block-file--media-3dcbe0bc-61f1-42bb-aa51-488c9bd7cf78\">Lataa<\/a><\/div>\n\n\n\n<div data-wp-interactive=\"core\/file\" class=\"wp-block-file\"><object data-wp-bind--hidden=\"!state.hasPdfPreview\" hidden class=\"wp-block-file__embed\" data=\"https:\/\/suomenrehtorit.fi\/web\/wp-content\/uploads\/sites\/2\/2025\/03\/Rehtoribarometri-2024.pdf\" type=\"application\/pdf\" style=\"width:100%;height:600px\" aria-label=\"Tiedoston Rehtoribarometri 2024 upotus.\"><\/object><a id=\"wp-block-file--media-c4c51b52-afd7-455d-84a1-5db04fca4c07\" href=\"https:\/\/suomenrehtorit.fi\/web\/wp-content\/uploads\/sites\/2\/2025\/03\/Rehtoribarometri-2024.pdf\">Rehtoribarometri 2024<\/a><a href=\"https:\/\/suomenrehtorit.fi\/web\/wp-content\/uploads\/sites\/2\/2025\/03\/Rehtoribarometri-2024.pdf\" class=\"wp-block-file__button wp-element-button\" download aria-describedby=\"wp-block-file--media-c4c51b52-afd7-455d-84a1-5db04fca4c07\">Lataa<\/a><\/div>\n\n\n\n<div data-wp-interactive=\"core\/file\" class=\"wp-block-file\"><object data-wp-bind--hidden=\"!state.hasPdfPreview\" hidden class=\"wp-block-file__embed\" data=\"https:\/\/suomenrehtorit.fi\/web\/wp-content\/uploads\/sites\/2\/2024\/05\/230923-principal-barometer-Huotilainen.pdf\" type=\"application\/pdf\" style=\"width:100%;height:600px\" aria-label=\"Tiedoston 230923-principal-barometer-Huotilainen upotus.\"><\/object><a id=\"wp-block-file--media-0d4cdd65-67c2-4110-b6ef-81f9af00e600\" href=\"https:\/\/suomenrehtorit.fi\/web\/wp-content\/uploads\/sites\/2\/2024\/05\/230923-principal-barometer-Huotilainen.pdf\">230923-principal-barometer-Huotilainen<\/a><a href=\"https:\/\/suomenrehtorit.fi\/web\/wp-content\/uploads\/sites\/2\/2024\/05\/230923-principal-barometer-Huotilainen.pdf\" class=\"wp-block-file__button wp-element-button\" download aria-describedby=\"wp-block-file--media-0d4cdd65-67c2-4110-b6ef-81f9af00e600\">Lataa<\/a><\/div>\n\n\n\n<div data-wp-interactive=\"core\/file\" class=\"wp-block-file\"><object data-wp-bind--hidden=\"!state.hasPdfPreview\" hidden class=\"wp-block-file__embed\" data=\"https:\/\/suomenrehtorit.fi\/web\/wp-content\/uploads\/sites\/2\/2023\/11\/Principal-Barometer-2019-2023.pdf\" type=\"application\/pdf\" style=\"width:100%;height:600px\" aria-label=\"Tiedoston Principal-Barometer-2019-2023 upotus.\"><\/object><a id=\"wp-block-file--media-6e98f39b-6439-4fc7-a450-cb1a7c11c8dd\" href=\"https:\/\/suomenrehtorit.fi\/web\/wp-content\/uploads\/sites\/2\/2023\/11\/Principal-Barometer-2019-2023.pdf\">Principal-Barometer-2019-2023<\/a><a href=\"https:\/\/suomenrehtorit.fi\/web\/wp-content\/uploads\/sites\/2\/2023\/11\/Principal-Barometer-2019-2023.pdf\" class=\"wp-block-file__button wp-element-button\" download aria-describedby=\"wp-block-file--media-6e98f39b-6439-4fc7-a450-cb1a7c11c8dd\">Lataa<\/a><\/div>\n\n\n\n<div data-wp-interactive=\"core\/file\" class=\"wp-block-file\"><object data-wp-bind--hidden=\"!state.hasPdfPreview\" hidden class=\"wp-block-file__embed\" data=\"https:\/\/suomenrehtorit.fi\/web\/wp-content\/uploads\/sites\/2\/2023\/08\/Pro-Rexi-Salmela-Aro-11.11.2022-FINAL.pdf\" type=\"application\/pdf\" style=\"width:100%;height:600px\" aria-label=\"Tiedoston Pro-Rexi-Salmela-Aro-11.11.2022-FINAL upotus.\"><\/object><a id=\"wp-block-file--media-bc506ff7-86a0-4857-b4e6-2d7b15eb7661\" href=\"https:\/\/suomenrehtorit.fi\/web\/wp-content\/uploads\/sites\/2\/2023\/08\/Pro-Rexi-Salmela-Aro-11.11.2022-FINAL.pdf\">Pro-Rexi-Salmela-Aro-11.11.2022-FINAL<\/a><a href=\"https:\/\/suomenrehtorit.fi\/web\/wp-content\/uploads\/sites\/2\/2023\/08\/Pro-Rexi-Salmela-Aro-11.11.2022-FINAL.pdf\" class=\"wp-block-file__button wp-element-button\" download aria-describedby=\"wp-block-file--media-bc506ff7-86a0-4857-b4e6-2d7b15eb7661\">Lataa<\/a><\/div>\n\n\n\n<div data-wp-interactive=\"core\/file\" class=\"wp-block-file\"><object data-wp-bind--hidden=\"!state.hasPdfPreview\" hidden class=\"wp-block-file__embed\" data=\"https:\/\/suomenrehtorit.fi\/web\/wp-content\/uploads\/sites\/2\/2023\/08\/Pro-Rexi-Katariina-Salmela-Aro.pdf\" type=\"application\/pdf\" style=\"width:100%;height:600px\" aria-label=\"Tiedoston Pro-Rexi-Katariina-Salmela-Aro upotus.\"><\/object><a id=\"wp-block-file--media-fecbaaee-86ad-467e-9b70-3713656a954f\" href=\"https:\/\/suomenrehtorit.fi\/web\/wp-content\/uploads\/sites\/2\/2023\/08\/Pro-Rexi-Katariina-Salmela-Aro.pdf\">Pro-Rexi-Katariina-Salmela-Aro<\/a><a href=\"https:\/\/suomenrehtorit.fi\/web\/wp-content\/uploads\/sites\/2\/2023\/08\/Pro-Rexi-Katariina-Salmela-Aro.pdf\" class=\"wp-block-file__button wp-element-button\" download aria-describedby=\"wp-block-file--media-fecbaaee-86ad-467e-9b70-3713656a954f\">Lataa<\/a><\/div>\n\n\n\n<div data-wp-interactive=\"core\/file\" class=\"wp-block-file\"><object data-wp-bind--hidden=\"!state.hasPdfPreview\" hidden class=\"wp-block-file__embed\" data=\"https:\/\/suomenrehtorit.fi\/web\/wp-content\/uploads\/sites\/2\/2023\/11\/Katariina-Salmela-Aro-Rehtoribarometri-2020.pdf\" type=\"application\/pdf\" style=\"width:100%;height:600px\" aria-label=\"Tiedoston Katariina Salmela-Aro Rehtoribarometri 2020 upotus.\"><\/object><a id=\"wp-block-file--media-dbac1bc4-223c-4084-8ccf-eaf31e543337\" href=\"https:\/\/suomenrehtorit.fi\/web\/wp-content\/uploads\/sites\/2\/2023\/11\/Katariina-Salmela-Aro-Rehtoribarometri-2020.pdf\">Katariina Salmela-Aro Rehtoribarometri 2020<\/a><a href=\"https:\/\/suomenrehtorit.fi\/web\/wp-content\/uploads\/sites\/2\/2023\/11\/Katariina-Salmela-Aro-Rehtoribarometri-2020.pdf\" class=\"wp-block-file__button wp-element-button\" download aria-describedby=\"wp-block-file--media-dbac1bc4-223c-4084-8ccf-eaf31e543337\">Lataa<\/a><\/div>\n\n\n\n<div data-wp-interactive=\"core\/file\" class=\"wp-block-file\"><object data-wp-bind--hidden=\"!state.hasPdfPreview\" hidden class=\"wp-block-file__embed\" data=\"https:\/\/suomenrehtorit.fi\/web\/wp-content\/uploads\/sites\/2\/2023\/08\/prorexikatariina.pdf\" type=\"application\/pdf\" style=\"width:100%;height:600px\" aria-label=\"Tiedoston prorexikatariina upotus.\"><\/object><a id=\"wp-block-file--media-c1652cef-ef93-4ad1-bf9e-cc011ec19422\" href=\"https:\/\/suomenrehtorit.fi\/web\/wp-content\/uploads\/sites\/2\/2023\/08\/prorexikatariina.pdf\">prorexikatariina<\/a><a href=\"https:\/\/suomenrehtorit.fi\/web\/wp-content\/uploads\/sites\/2\/2023\/08\/prorexikatariina.pdf\" class=\"wp-block-file__button wp-element-button\" download aria-describedby=\"wp-block-file--media-c1652cef-ef93-4ad1-bf9e-cc011ec19422\">Lataa<\/a><\/div>\n\n\n\n<div data-wp-interactive=\"core\/file\" class=\"wp-block-file\"><object data-wp-bind--hidden=\"!state.hasPdfPreview\" hidden class=\"wp-block-file__embed\" data=\"https:\/\/suomenrehtorit.fi\/web\/wp-content\/uploads\/sites\/2\/2023\/11\/230922-principal-barometer-Huotilainen.pdf\" type=\"application\/pdf\" style=\"width:100%;height:600px\" aria-label=\"Tiedoston 230922 principal barometer Huotilainen upotus.\"><\/object><a id=\"wp-block-file--media-50d30e40-f20f-4a86-9cd1-d396a4ec61a1\" href=\"https:\/\/suomenrehtorit.fi\/web\/wp-content\/uploads\/sites\/2\/2023\/11\/230922-principal-barometer-Huotilainen.pdf\">230922 principal barometer Huotilainen<\/a><a href=\"https:\/\/suomenrehtorit.fi\/web\/wp-content\/uploads\/sites\/2\/2023\/11\/230922-principal-barometer-Huotilainen.pdf\" class=\"wp-block-file__button wp-element-button\" download aria-describedby=\"wp-block-file--media-50d30e40-f20f-4a86-9cd1-d396a4ec61a1\">Lataa<\/a><\/div>\n\n\n\n<div data-wp-interactive=\"core\/file\" class=\"wp-block-file\"><object data-wp-bind--hidden=\"!state.hasPdfPreview\" hidden class=\"wp-block-file__embed\" data=\"https:\/\/suomenrehtorit.fi\/web\/wp-content\/uploads\/sites\/2\/2023\/08\/Pro-Rexi-Minna-Huotilainen-11.11.2022.pdf\" type=\"application\/pdf\" style=\"width:100%;height:600px\" aria-label=\"Tiedoston Pro-Rexi-Minna-Huotilainen-11.11.2022 upotus.\"><\/object><a id=\"wp-block-file--media-80361855-6d7c-4270-9a0f-e6f8541d8f32\" href=\"https:\/\/suomenrehtorit.fi\/web\/wp-content\/uploads\/sites\/2\/2023\/08\/Pro-Rexi-Minna-Huotilainen-11.11.2022.pdf\">Pro-Rexi-Minna-Huotilainen-11.11.2022<\/a><a href=\"https:\/\/suomenrehtorit.fi\/web\/wp-content\/uploads\/sites\/2\/2023\/08\/Pro-Rexi-Minna-Huotilainen-11.11.2022.pdf\" class=\"wp-block-file__button wp-element-button\" download aria-describedby=\"wp-block-file--media-80361855-6d7c-4270-9a0f-e6f8541d8f32\">Lataa<\/a><\/div>\n\n\n\n<div data-wp-interactive=\"core\/file\" class=\"wp-block-file\"><object data-wp-bind--hidden=\"!state.hasPdfPreview\" hidden class=\"wp-block-file__embed\" data=\"https:\/\/suomenrehtorit.fi\/web\/wp-content\/uploads\/sites\/2\/2023\/11\/2021-rehtoribarometri-fysiologiset-Huotilainen.pdf\" type=\"application\/pdf\" style=\"width:100%;height:600px\" aria-label=\"Tiedoston 2021-rehtoribarometri-fysiologiset-Huotilainen upotus.\"><\/object><a id=\"wp-block-file--media-5ce6fb09-cb77-4d7c-95bf-0f5e8cd81bb7\" href=\"https:\/\/suomenrehtorit.fi\/web\/wp-content\/uploads\/sites\/2\/2023\/11\/2021-rehtoribarometri-fysiologiset-Huotilainen.pdf\">2021-rehtoribarometri-fysiologiset-Huotilainen<\/a><a href=\"https:\/\/suomenrehtorit.fi\/web\/wp-content\/uploads\/sites\/2\/2023\/11\/2021-rehtoribarometri-fysiologiset-Huotilainen.pdf\" class=\"wp-block-file__button wp-element-button\" download aria-describedby=\"wp-block-file--media-5ce6fb09-cb77-4d7c-95bf-0f5e8cd81bb7\">Lataa<\/a><\/div>\n\n\n\n<div data-wp-interactive=\"core\/file\" class=\"wp-block-file\"><object data-wp-bind--hidden=\"!state.hasPdfPreview\" hidden class=\"wp-block-file__embed\" data=\"https:\/\/suomenrehtorit.fi\/web\/wp-content\/uploads\/sites\/2\/2023\/08\/Minna-Huotilainen-Rehtoribarometri-2020.pdf\" type=\"application\/pdf\" style=\"width:100%;height:600px\" aria-label=\"Tiedoston Minna-Huotilainen-Rehtoribarometri-2020 upotus.\"><\/object><a id=\"wp-block-file--media-16c72327-e144-41e9-a7bb-388aec173890\" href=\"https:\/\/suomenrehtorit.fi\/web\/wp-content\/uploads\/sites\/2\/2023\/08\/Minna-Huotilainen-Rehtoribarometri-2020.pdf\">Minna-Huotilainen-Rehtoribarometri-2020<\/a><a href=\"https:\/\/suomenrehtorit.fi\/web\/wp-content\/uploads\/sites\/2\/2023\/08\/Minna-Huotilainen-Rehtoribarometri-2020.pdf\" class=\"wp-block-file__button wp-element-button\" download aria-describedby=\"wp-block-file--media-16c72327-e144-41e9-a7bb-388aec173890\">Lataa<\/a><\/div>\n","protected":false},"excerpt":{"rendered":"<p>Rehtorin ty\u00f6n aikataulut ovat usein mahdottomia ja odotukset ep\u00e4inhimillisi\u00e4. Kiire, aikapula ja jatkuvasti keskeytyv\u00e4t teht\u00e4v\u00e4t kuuluvat rehtorin jokaiseen ty\u00f6p\u00e4iv\u00e4\u00e4n. Koska kouluty\u00f6n tavoitteiden toteutuminen ja koko yhteis\u00f6n hyvinvointi perustuvat vahvasti rehtorin hyvinvointiin, ty\u00f6olojen ja -hyvinvoinnin sek\u00e4 toimivan johtamisj\u00e4rjestelm\u00e4n kehitt\u00e4miseen on l\u00f6ydett\u00e4v\u00e4 resursseja. Vastuu rehtorin hyvinvoinnista ei saa j\u00e4\u00e4d\u00e4 h\u00e4nen omille harteilleen. Rehtorikin tarvitsee tukea ja kannustusta. &#8230; <a title=\"Rehtorin terveys ja hyvinvointi\" class=\"read-more\" href=\"https:\/\/suomenrehtorit.fi\/web\/rehtorin-ammatti\/rehtorin-terveys-ja-hyvinvointi\/\" aria-label=\"Lue lis\u00e4\u00e4 aiheesta Rehtorin terveys ja hyvinvointi\">Lue lis\u00e4\u00e4<\/a><\/p>\n","protected":false},"author":2,"featured_media":0,"parent":272,"menu_order":0,"comment_status":"closed","ping_status":"closed","template":"","meta":{"_uag_custom_page_level_css":"","_mc_calendar":[],"footnotes":""},"class_list":["post-64","page","type-page","status-publish"],"uagb_featured_image_src":{"full":false,"thumbnail":false,"medium":false,"medium_large":false,"large":false,"magazine-cw3":false,"magazine-cw6":false,"magazine-cw9":false,"magazine-cw12":false,"magazine-thumb":false,"magazine-toc":false,"1536x1536":false,"2048x2048":false,"gform-image-choice-sm":false,"gform-image-choice-md":false,"gform-image-choice-lg":false},"uagb_author_info":{"display_name":"Miira Tirkkonen","author_link":"https:\/\/suomenrehtorit.fi\/web\/author\/miirat\/"},"uagb_comment_info":0,"uagb_excerpt":"Rehtorin ty\u00f6n aikataulut ovat usein mahdottomia ja odotukset ep\u00e4inhimillisi\u00e4. Kiire, aikapula ja jatkuvasti keskeytyv\u00e4t teht\u00e4v\u00e4t kuuluvat rehtorin jokaiseen ty\u00f6p\u00e4iv\u00e4\u00e4n. Koska kouluty\u00f6n tavoitteiden toteutuminen ja koko yhteis\u00f6n hyvinvointi perustuvat vahvasti rehtorin hyvinvointiin, ty\u00f6olojen ja -hyvinvoinnin sek\u00e4 toimivan johtamisj\u00e4rjestelm\u00e4n kehitt\u00e4miseen on l\u00f6ydett\u00e4v\u00e4 resursseja. Vastuu rehtorin hyvinvoinnista ei saa j\u00e4\u00e4d\u00e4 h\u00e4nen omille harteilleen. Rehtorikin tarvitsee tukea ja kannustusta.&hellip;","_links":{"self":[{"href":"https:\/\/suomenrehtorit.fi\/web\/wp-json\/wp\/v2\/pages\/64","targetHints":{"allow":["GET"]}}],"collection":[{"href":"https:\/\/suomenrehtorit.fi\/web\/wp-json\/wp\/v2\/pages"}],"about":[{"href":"https:\/\/suomenrehtorit.fi\/web\/wp-json\/wp\/v2\/types\/page"}],"author":[{"embeddable":true,"href":"https:\/\/suomenrehtorit.fi\/web\/wp-json\/wp\/v2\/users\/2"}],"replies":[{"embeddable":true,"href":"https:\/\/suomenrehtorit.fi\/web\/wp-json\/wp\/v2\/comments?post=64"}],"version-history":[{"count":10,"href":"https:\/\/suomenrehtorit.fi\/web\/wp-json\/wp\/v2\/pages\/64\/revisions"}],"predecessor-version":[{"id":5149,"href":"https:\/\/suomenrehtorit.fi\/web\/wp-json\/wp\/v2\/pages\/64\/revisions\/5149"}],"up":[{"embeddable":true,"href":"https:\/\/suomenrehtorit.fi\/web\/wp-json\/wp\/v2\/pages\/272"}],"wp:attachment":[{"href":"https:\/\/suomenrehtorit.fi\/web\/wp-json\/wp\/v2\/media?parent=64"}],"curies":[{"name":"wp","href":"https:\/\/api.w.org\/{rel}","templated":true}]}}