{"id":66,"date":"2023-04-17T07:17:31","date_gmt":"2023-04-17T07:17:31","guid":{"rendered":"https:\/\/suomenrehtorit.fi\/web\/?page_id=66"},"modified":"2025-03-28T09:01:50","modified_gmt":"2025-03-28T07:01:50","slug":"ammattieettiset-ohjeet","status":"publish","type":"page","link":"https:\/\/suomenrehtorit.fi\/web\/rehtorin-ammatti\/ammattieettiset-ohjeet\/","title":{"rendered":"Ammattieettiset ohjeet"},"content":{"rendered":"\n<h2 class=\"wp-block-heading\">Rehtorin huoneentaulu<\/h2>\n\n\n\n<ul class=\"wp-block-list\">\n<li>Rehtorin ty\u00f6n ydin on koulunpito. Huolehdin siit\u00e4, ett\u00e4 vastuulleni uskottu oppilaitos t\u00e4ytt\u00e4\u00e4 sille annetut teht\u00e4v\u00e4t ja siell\u00e4 on hyv\u00e4 tehd\u00e4 ty\u00f6t\u00e4 ja opiskella.<\/li>\n\n\n\n<li>Rehtorin ammatti on v\u00e4litt\u00e4mist\u00e4. V\u00e4lit\u00e4n tietoa koulun todellisuudesta ja tarpeista ymp\u00e4r\u00f6iv\u00e4\u00e4n yhteiskuntaan ja toimin linkkin\u00e4 koulun ja paikallisyhteis\u00f6n v\u00e4lill\u00e4. V\u00e4lit\u00e4n muun yhteiskunnan viesti\u00e4 kouluun.<\/li>\n\n\n\n<li>V\u00e4lit\u00e4n johtamastani ty\u00f6yhteis\u00f6st\u00e4 ja koulun oppilaista ja opiskelijoista. Haluan turvata kouluyhteis\u00f6\u00f6n kuuluvien hyvinvoinnin ja oppimisen ilon.<\/li>\n\n\n\n<li>Kun sovittelen erimielisyyksi\u00e4, kuuntelen jokaista osapuolta ja otan huomioon kaikkien asianosaisten n\u00e4k\u00f6kulmat. Muistan, ett\u00e4 koulu on oppilaita ja opiskelijoita varten.<\/li>\n\n\n\n<li>Ty\u00f6teht\u00e4vi\u00e4 jakaessani olen tasapuolinen enk\u00e4 anna poliittisten tai uskonnollisten n\u00e4kemysten, mielipiteiden, sukulaisuuden, sukupuolen tai mink\u00e4\u00e4n muun asiaan kuulumattoman tekij\u00e4n vaikuttaa ratkaisuihini. Kunnioitan jokaisen sananvapautta.<\/li>\n\n\n\n<li>Tuen opettajia ja muuta henkil\u00f6kuntaa. Kannustan ty\u00f6yhteis\u00f6n j\u00e4seni\u00e4 kehitt\u00e4m\u00e4\u00e4n osaamistaan ja pyrin huolehtimaan heid\u00e4n jaksamisestaan.<\/li>\n\n\n\n<li>Osallistuessani julkiseen keskusteluun ja edustaessani ammattikuntaani yll\u00e4pid\u00e4n toivoa ja toimin suomalaisen koululaitoksen parhaaksi.<\/li>\n<\/ul>\n\n\n\n<div data-wp-interactive=\"core\/file\" class=\"wp-block-file\"><object data-wp-bind--hidden=\"!state.hasPdfPreview\" hidden class=\"wp-block-file__embed\" data=\"https:\/\/suomenrehtorit.fi\/web\/wp-content\/uploads\/sites\/2\/2025\/03\/Rehtorin-Huoneentaulu.pdf\" type=\"application\/pdf\" style=\"width:100%;height:600px\" aria-label=\"Tiedoston Rehtorin Huoneentaulu upotus.\"><\/object><a id=\"wp-block-file--media-98e29051-a7bb-4f86-9719-388d7ddac51f\" href=\"https:\/\/suomenrehtorit.fi\/web\/wp-content\/uploads\/sites\/2\/2025\/03\/Rehtorin-Huoneentaulu.pdf\">Rehtorin Huoneentaulu<\/a><a href=\"https:\/\/suomenrehtorit.fi\/web\/wp-content\/uploads\/sites\/2\/2025\/03\/Rehtorin-Huoneentaulu.pdf\" class=\"wp-block-file__button wp-element-button\" download aria-describedby=\"wp-block-file--media-98e29051-a7bb-4f86-9719-388d7ddac51f\">Lataa<\/a><\/div>\n\n\n\n<div data-wp-interactive=\"core\/file\" class=\"wp-block-file\"><object data-wp-bind--hidden=\"!state.hasPdfPreview\" hidden class=\"wp-block-file__embed\" data=\"https:\/\/suomenrehtorit.fi\/web\/wp-content\/uploads\/sites\/2\/2025\/03\/hustaval-a5.pdf\" type=\"application\/pdf\" style=\"width:100%;height:600px\" aria-label=\"Tiedoston hustaval a5 upotus.\"><\/object><a id=\"wp-block-file--media-36421052-54e1-4ea2-aab3-8ab4f97f94c8\" href=\"https:\/\/suomenrehtorit.fi\/web\/wp-content\/uploads\/sites\/2\/2025\/03\/hustaval-a5.pdf\">hustaval a5<\/a><a href=\"https:\/\/suomenrehtorit.fi\/web\/wp-content\/uploads\/sites\/2\/2025\/03\/hustaval-a5.pdf\" class=\"wp-block-file__button wp-element-button\" download aria-describedby=\"wp-block-file--media-36421052-54e1-4ea2-aab3-8ab4f97f94c8\">Lataa<\/a><\/div>\n","protected":false},"excerpt":{"rendered":"<p>Rehtorin huoneentaulu<\/p>\n","protected":false},"author":2,"featured_media":0,"parent":272,"menu_order":0,"comment_status":"closed","ping_status":"closed","template":"","meta":{"_uag_custom_page_level_css":"","_mc_calendar":[],"footnotes":""},"class_list":["post-66","page","type-page","status-publish"],"uagb_featured_image_src":{"full":false,"thumbnail":false,"medium":false,"medium_large":false,"large":false,"magazine-cw3":false,"magazine-cw6":false,"magazine-cw9":false,"magazine-cw12":false,"magazine-thumb":false,"magazine-toc":false,"1536x1536":false,"2048x2048":false,"gform-image-choice-sm":false,"gform-image-choice-md":false,"gform-image-choice-lg":false},"uagb_author_info":{"display_name":"Miira Tirkkonen","author_link":"https:\/\/suomenrehtorit.fi\/web\/author\/miirat\/"},"uagb_comment_info":0,"uagb_excerpt":"Rehtorin huoneentaulu","_links":{"self":[{"href":"https:\/\/suomenrehtorit.fi\/web\/wp-json\/wp\/v2\/pages\/66","targetHints":{"allow":["GET"]}}],"collection":[{"href":"https:\/\/suomenrehtorit.fi\/web\/wp-json\/wp\/v2\/pages"}],"about":[{"href":"https:\/\/suomenrehtorit.fi\/web\/wp-json\/wp\/v2\/types\/page"}],"author":[{"embeddable":true,"href":"https:\/\/suomenrehtorit.fi\/web\/wp-json\/wp\/v2\/users\/2"}],"replies":[{"embeddable":true,"href":"https:\/\/suomenrehtorit.fi\/web\/wp-json\/wp\/v2\/comments?post=66"}],"version-history":[{"count":3,"href":"https:\/\/suomenrehtorit.fi\/web\/wp-json\/wp\/v2\/pages\/66\/revisions"}],"predecessor-version":[{"id":4610,"href":"https:\/\/suomenrehtorit.fi\/web\/wp-json\/wp\/v2\/pages\/66\/revisions\/4610"}],"up":[{"embeddable":true,"href":"https:\/\/suomenrehtorit.fi\/web\/wp-json\/wp\/v2\/pages\/272"}],"wp:attachment":[{"href":"https:\/\/suomenrehtorit.fi\/web\/wp-json\/wp\/v2\/media?parent=66"}],"curies":[{"name":"wp","href":"https:\/\/api.w.org\/{rel}","templated":true}]}}