{"id":68,"date":"2023-04-17T07:17:45","date_gmt":"2023-04-17T07:17:45","guid":{"rendered":"https:\/\/suomenrehtorit.fi\/web\/?page_id=68"},"modified":"2025-08-04T09:43:23","modified_gmt":"2025-08-04T06:43:23","slug":"vuoden-rehtori","status":"publish","type":"page","link":"https:\/\/suomenrehtorit.fi\/web\/rehtorin-ammatti\/vuoden-rehtori\/","title":{"rendered":"Vuoden rehtori"},"content":{"rendered":"\n<h2 class=\"wp-block-heading\">Vuoden rehtori -kunniamaininta<\/h2>\n\n\n\n<p><strong>Kuka voi olla Vuoden rehtori -ehdokkaana?<\/strong><br>Ehdokkaan on oltava nimityshetkell\u00e4 rehtorin virassa tai koulunjohtajan teht\u00e4v\u00e4ss\u00e4 ty\u00f6skentelev\u00e4 Suomen Rehtorit ry:n j\u00e4senmaksunsa maksanut j\u00e4sen, joka on&nbsp;ty\u00f6ss\u00e4\u00e4n toiminut eritt\u00e4in ansiokkaasti Vuoden rehtori -valintakriteerien mukaisesti.<\/p>\n\n\n\n<p><strong>Miten ehdokkaat valitaan?<\/strong><br>Ehdokasta kunniamaininnan saajaksi voivat esitt\u00e4\u00e4 Suomen Rehtorit ry:n alueyhdistykset, kukin yht\u00e4 henkil\u00f6\u00e4 vuodessa. Esitys toimitetaan syyskuun loppuun menness\u00e4 j\u00e4rjest\u00f6sihteerille, joka valmistelee esitykset Vuoden rehtori -valintaraadille.<\/p>\n\n\n\n<p><strong>Kuka valitsee Vuoden rehtorin?<\/strong><br>Vuoden Rehtorin valintaraati koostuu Suomen Rehtorit ry:n puheenjohtajiston ja hallituksen edustajista sek\u00e4 vuosittain valittavista asiantuntijoista.<\/p>\n\n\n\n<p><strong>Milloin Vuoden rehtori -kunniamaininta jaetaan?<\/strong><br>Kunniamaininta jaetaan joka vuosi Pro Rexi -tapahtuman yhteydess\u00e4.<\/p>\n\n\n\n<p><strong>Miten Vuoden rehtori palkitaan?<br><\/strong>Kunniamaininnan saaja palkitaan kunniamaininnalla ja lahjalla. H\u00e4nelle varataan puheenvuoro seuraavana vuonna Suomen Rehtorit ry:n j\u00e4rjest\u00e4m\u00e4\u00e4n tapahtumaan.<\/p>\n\n\n\n<h2 class=\"wp-block-heading\">Vuoden Rehtori -kunniamaininnan valintakriteerit<\/h2>\n\n\n\n<ul class=\"wp-block-list\">\n<li>Vuoden Rehtori on sitoutunut&nbsp;eritt\u00e4in vahvasti Suomen Rehtorit ry:n ammattieettisiin ohjeisiin ja on toiminut ty\u00f6ss\u00e4\u00e4n t\u00e4m\u00e4n arvopohjan mukaisesti.<\/li>\n\n\n\n<li>Vuoden Rehtori toimii ty\u00f6ss\u00e4\u00e4n innovatiivisesti ja ammattitaitoisesti. H\u00e4n johtaa organisaatiotaan menestyksekk\u00e4\u00e4sti koulunsa sidosryhm\u00e4t huomioon ottaen.<\/li>\n\n\n\n<li>Vuoden Rehtori suhtautuu rakentavasti ymp\u00e4r\u00f6iv\u00e4n maailman muutoksiin ja uuteen&nbsp;tietoon. H\u00e4n vaikuttaa n\u00e4kemyksill\u00e4\u00e4n my\u00f6nteisesti yleiseen keskusteluun ja rakentaa omalta osaltaan maahamme suvaitsevaa ilmapiiri\u00e4.<\/li>\n<\/ul>\n\n\n\n<p><a href=\"https:\/\/suomenrehtorit.fi\/web\/2024\/11\/29\/vuoden-rehtori-2024-jari-noponen-painottaa-kunnioittavaa-kohtaamista\/\" data-type=\"post\" data-id=\"4342\" target=\"_blank\" rel=\"noreferrer noopener\">Vuoden rehtori 2024 Jari Noponen<\/a><br><a href=\"https:\/\/suomenrehtorit.fi\/web\/2023\/11\/24\/vuoden-rehtori-2023-tuija-yloniemi\/\" target=\"_blank\" rel=\"noreferrer noopener\">Vuoden rehtori 2023 Tuija Yl\u00f6niemi<\/a><br><a href=\"https:\/\/suomenrehtorit.fi\/web\/2022\/11\/10\/vuoden-rehtori-2022-vesa-raasumaa-rehtorina-voin-rakentaa-parempaa-ja-kestavampaa-maailmaa\/\">Vuoden rehtori 2022 Vesa Raasumaa<\/a><br><a href=\"https:\/\/suomenrehtorit.fi\/web\/2021\/11\/28\/vuoden-rehtori-2021-ilpo-nybacka\/\">Vuoden rehtori 2021 Ilpo Nybacka<\/a><br><a href=\"https:\/\/suomenrehtorit.fi\/web\/2020\/11\/26\/pekka-paappanen-on-vuoden-rehtori-2020\/\">Vuoden rehtori 2020 Pekka Paappane<\/a>n<\/p>\n\n\n\n<p><\/p>\n","protected":false},"excerpt":{"rendered":"<p>Vuoden rehtori -kunniamaininta Kuka voi olla Vuoden rehtori -ehdokkaana?Ehdokkaan on oltava nimityshetkell\u00e4 rehtorin virassa tai koulunjohtajan teht\u00e4v\u00e4ss\u00e4 ty\u00f6skentelev\u00e4 Suomen Rehtorit ry:n j\u00e4senmaksunsa maksanut j\u00e4sen, joka on&nbsp;ty\u00f6ss\u00e4\u00e4n toiminut eritt\u00e4in ansiokkaasti Vuoden rehtori -valintakriteerien mukaisesti. Miten ehdokkaat valitaan?Ehdokasta kunniamaininnan saajaksi voivat esitt\u00e4\u00e4 Suomen Rehtorit ry:n alueyhdistykset, kukin yht\u00e4 henkil\u00f6\u00e4 vuodessa. Esitys toimitetaan syyskuun loppuun menness\u00e4 j\u00e4rjest\u00f6sihteerille, joka &#8230; <a title=\"Vuoden rehtori\" class=\"read-more\" href=\"https:\/\/suomenrehtorit.fi\/web\/rehtorin-ammatti\/vuoden-rehtori\/\" aria-label=\"Lue lis\u00e4\u00e4 aiheesta Vuoden rehtori\">Lue lis\u00e4\u00e4<\/a><\/p>\n","protected":false},"author":2,"featured_media":0,"parent":272,"menu_order":0,"comment_status":"closed","ping_status":"closed","template":"","meta":{"_uag_custom_page_level_css":"","_mc_calendar":[],"footnotes":""},"class_list":["post-68","page","type-page","status-publish"],"uagb_featured_image_src":{"full":false,"thumbnail":false,"medium":false,"medium_large":false,"large":false,"magazine-cw3":false,"magazine-cw6":false,"magazine-cw9":false,"magazine-cw12":false,"magazine-thumb":false,"magazine-toc":false,"1536x1536":false,"2048x2048":false,"gform-image-choice-sm":false,"gform-image-choice-md":false,"gform-image-choice-lg":false},"uagb_author_info":{"display_name":"Miira Tirkkonen","author_link":"https:\/\/suomenrehtorit.fi\/web\/author\/miirat\/"},"uagb_comment_info":0,"uagb_excerpt":"Vuoden rehtori -kunniamaininta Kuka voi olla Vuoden rehtori -ehdokkaana?Ehdokkaan on oltava nimityshetkell\u00e4 rehtorin virassa tai koulunjohtajan teht\u00e4v\u00e4ss\u00e4 ty\u00f6skentelev\u00e4 Suomen Rehtorit ry:n j\u00e4senmaksunsa maksanut j\u00e4sen, joka on&nbsp;ty\u00f6ss\u00e4\u00e4n toiminut eritt\u00e4in ansiokkaasti Vuoden rehtori -valintakriteerien mukaisesti. Miten ehdokkaat valitaan?Ehdokasta kunniamaininnan saajaksi voivat esitt\u00e4\u00e4 Suomen Rehtorit ry:n alueyhdistykset, kukin yht\u00e4 henkil\u00f6\u00e4 vuodessa. Esitys toimitetaan syyskuun loppuun menness\u00e4 j\u00e4rjest\u00f6sihteerille, joka&hellip;","_links":{"self":[{"href":"https:\/\/suomenrehtorit.fi\/web\/wp-json\/wp\/v2\/pages\/68","targetHints":{"allow":["GET"]}}],"collection":[{"href":"https:\/\/suomenrehtorit.fi\/web\/wp-json\/wp\/v2\/pages"}],"about":[{"href":"https:\/\/suomenrehtorit.fi\/web\/wp-json\/wp\/v2\/types\/page"}],"author":[{"embeddable":true,"href":"https:\/\/suomenrehtorit.fi\/web\/wp-json\/wp\/v2\/users\/2"}],"replies":[{"embeddable":true,"href":"https:\/\/suomenrehtorit.fi\/web\/wp-json\/wp\/v2\/comments?post=68"}],"version-history":[{"count":8,"href":"https:\/\/suomenrehtorit.fi\/web\/wp-json\/wp\/v2\/pages\/68\/revisions"}],"predecessor-version":[{"id":4817,"href":"https:\/\/suomenrehtorit.fi\/web\/wp-json\/wp\/v2\/pages\/68\/revisions\/4817"}],"up":[{"embeddable":true,"href":"https:\/\/suomenrehtorit.fi\/web\/wp-json\/wp\/v2\/pages\/272"}],"wp:attachment":[{"href":"https:\/\/suomenrehtorit.fi\/web\/wp-json\/wp\/v2\/media?parent=68"}],"curies":[{"name":"wp","href":"https:\/\/api.w.org\/{rel}","templated":true}]}}